{"id":2298,"date":"2022-05-23T11:13:44","date_gmt":"2022-05-23T09:13:44","guid":{"rendered":"https:\/\/avalenn-bretagne.com\/ker-an-avalenn-en-images\/"},"modified":"2022-05-25T10:28:23","modified_gmt":"2022-05-25T08:28:23","slug":"gallery","status":"publish","type":"page","link":"https:\/\/avalenn-bretagne.com\/en\/gallery\/","title":{"rendered":"Gallery"},"content":{"rendered":"<div class=\"wpb-content-wrapper\"><p>[vc_row css_animation=&#8221;&#8221; row_type=&#8221;row&#8221; use_row_as_full_screen_section=&#8221;no&#8221; type=&#8221;grid&#8221; angled_section=&#8221;no&#8221; text_align=&#8221;center&#8221; background_image_as_pattern=&#8221;without_pattern&#8221; z_index=&#8221;&#8221; css=&#8221;.vc_custom_1653297214382{padding-top: 102px !important;padding-bottom: 110px !important;}&#8221;][vc_column][vc_column_text]<\/p>\n<h2 style=\"text-align: center;\">Gallery<\/h2>\n<h3 style=\"text-align: center;\">Ker an Avalenn in pictures !<\/h3>\n<p>[\/vc_column_text][vc_empty_space height=&#8221;70px&#8221;][vc_gallery type=&#8221;image_grid&#8221; images=&#8221;2247,2249,2251,2253,2255,2257,2259,2261,2263,1485,1484,1483,1486,1474,1472,1473,1468,1494,2275,2277,2279,2281,2283,2285,2287,2289,2291,2293,1388,1389,1390,1391,1393,1401,1402,1413,1414,1415,1417,1419,1422,1423,1424,1429,1432,1437,1438,1439,1446,1447,1458,1459,1462,1465,1464,1466,1475,1476,1490,1498,1500,1502,1504,1507,1512,1516,2198,2222,2328,2330,2332,2334,2336,2338,2340,2342,2344,2346,2348&#8243; img_size=&#8221;300&#215;300&#8243; column_number=&#8221;6&#8243; grayscale=&#8221;no&#8221; images_space=&#8221;gallery_with_space&#8221;][\/vc_column][\/vc_row]<\/p>\n<\/div>","protected":false},"excerpt":{"rendered":"<p>[vc_row css_animation=&#8221;&#8221; row_type=&#8221;row&#8221; use_row_as_full_screen_section=&#8221;no&#8221; type=&#8221;grid&#8221; angled_section=&#8221;no&#8221; text_align=&#8221;center&#8221; background_image_as_pattern=&#8221;without_pattern&#8221; z_index=&#8221;&#8221; css=&#8221;.vc_custom_1653297214382{padding-top: 102px !important;padding-bottom: 110px !important;}&#8221;][vc_column][vc_column_text] Gallery Ker an Avalenn in pictures ! [\/vc_column_text][vc_empty_space height=&#8221;70px&#8221;][vc_gallery type=&#8221;image_grid&#8221; images=&#8221;2247,2249,2251,2253,2255,2257,2259,2261,2263,1485,1484,1483,1486,1474,1472,1473,1468,1494,2275,2277,2279,2281,2283,2285,2287,2289,2291,2293,1388,1389,1390,1391,1393,1401,1402,1413,1414,1415,1417,1419,1422,1423,1424,1429,1432,1437,1438,1439,1446,1447,1458,1459,1462,1465,1464,1466,1475,1476,1490,1498,1500,1502,1504,1507,1512,1516,2198,2222,2328,2330,2332,2334,2336,2338,2340,2342,2344,2346,2348&#8243; img_size=&#8221;300&#215;300&#8243; column_number=&#8221;6&#8243; grayscale=&#8221;no&#8221; images_space=&#8221;gallery_with_space&#8221;][\/vc_column][\/vc_row]<\/p>\n","protected":false},"author":2,"featured_media":2253,"parent":0,"menu_order":0,"comment_status":"closed","ping_status":"closed","template":"full_width.php","meta":{"footnotes":""},"class_list":["post-2298","page","type-page","status-publish","has-post-thumbnail","hentry"],"yoast_head":"<!-- This site is optimized with the Yoast SEO plugin v27.3 - https:\/\/yoast.com\/product\/yoast-seo-wordpress\/ -->\n<title>Gallery - Ker an Avalenn<\/title>\n<meta name=\"description\" content=\"Ker an Avalenn in pictures\" \/>\n<meta name=\"robots\" content=\"index, follow, max-snippet:-1, max-image-preview:large, max-video-preview:-1\" \/>\n<link rel=\"canonical\" href=\"https:\/\/avalenn-bretagne.com\/en\/gallery\/\" \/>\n<meta property=\"og:locale\" content=\"en_US\" \/>\n<meta property=\"og:type\" content=\"article\" \/>\n<meta property=\"og:title\" content=\"Gallery - Ker an Avalenn\" \/>\n<meta property=\"og:description\" content=\"Ker an Avalenn in pictures\" \/>\n<meta property=\"og:url\" content=\"https:\/\/avalenn-bretagne.com\/en\/gallery\/\" \/>\n<meta property=\"og:site_name\" content=\"Ker an Avalenn\" \/>\n<meta property=\"article:modified_time\" content=\"2022-05-25T08:28:23+00:00\" \/>\n<meta property=\"og:image\" content=\"https:\/\/avalenn-bretagne.com\/wp-content\/uploads\/2022\/05\/le-hameau2.jpg\" \/>\n\t<meta property=\"og:image:width\" content=\"1626\" \/>\n\t<meta property=\"og:image:height\" content=\"1080\" \/>\n\t<meta property=\"og:image:type\" content=\"image\/jpeg\" \/>\n<meta name=\"twitter:card\" content=\"summary_large_image\" \/>\n<script type=\"application\/ld+json\" class=\"yoast-schema-graph\">{\"@context\":\"https:\\\/\\\/schema.org\",\"@graph\":[{\"@type\":\"WebPage\",\"@id\":\"https:\\\/\\\/avalenn-bretagne.com\\\/en\\\/gallery\\\/\",\"url\":\"https:\\\/\\\/avalenn-bretagne.com\\\/en\\\/gallery\\\/\",\"name\":\"Gallery - Ker an Avalenn\",\"isPartOf\":{\"@id\":\"https:\\\/\\\/avalenn-bretagne.com\\\/en\\\/#website\"},\"primaryImageOfPage\":{\"@id\":\"https:\\\/\\\/avalenn-bretagne.com\\\/en\\\/gallery\\\/#primaryimage\"},\"image\":{\"@id\":\"https:\\\/\\\/avalenn-bretagne.com\\\/en\\\/gallery\\\/#primaryimage\"},\"thumbnailUrl\":\"https:\\\/\\\/avalenn-bretagne.com\\\/wp-content\\\/uploads\\\/2022\\\/05\\\/le-hameau2.jpg\",\"datePublished\":\"2022-05-23T09:13:44+00:00\",\"dateModified\":\"2022-05-25T08:28:23+00:00\",\"description\":\"Ker an Avalenn in pictures\",\"breadcrumb\":{\"@id\":\"https:\\\/\\\/avalenn-bretagne.com\\\/en\\\/gallery\\\/#breadcrumb\"},\"inLanguage\":\"en-US\",\"potentialAction\":[{\"@type\":\"ReadAction\",\"target\":[\"https:\\\/\\\/avalenn-bretagne.com\\\/en\\\/gallery\\\/\"]}]},{\"@type\":\"ImageObject\",\"inLanguage\":\"en-US\",\"@id\":\"https:\\\/\\\/avalenn-bretagne.com\\\/en\\\/gallery\\\/#primaryimage\",\"url\":\"https:\\\/\\\/avalenn-bretagne.com\\\/wp-content\\\/uploads\\\/2022\\\/05\\\/le-hameau2.jpg\",\"contentUrl\":\"https:\\\/\\\/avalenn-bretagne.com\\\/wp-content\\\/uploads\\\/2022\\\/05\\\/le-hameau2.jpg\",\"width\":1626,\"height\":1080,\"caption\":\"Le hameau\"},{\"@type\":\"BreadcrumbList\",\"@id\":\"https:\\\/\\\/avalenn-bretagne.com\\\/en\\\/gallery\\\/#breadcrumb\",\"itemListElement\":[{\"@type\":\"ListItem\",\"position\":1,\"name\":\"Accueil\",\"item\":\"https:\\\/\\\/avalenn-bretagne.com\\\/en\\\/\"},{\"@type\":\"ListItem\",\"position\":2,\"name\":\"Gallery\"}]},{\"@type\":\"WebSite\",\"@id\":\"https:\\\/\\\/avalenn-bretagne.com\\\/en\\\/#website\",\"url\":\"https:\\\/\\\/avalenn-bretagne.com\\\/en\\\/\",\"name\":\"Ker an Avalenn\",\"description\":\"Locations saisonni\u00e8res | Organisation d&#039;\u00e9v\u00e9nements\",\"publisher\":{\"@id\":\"https:\\\/\\\/avalenn-bretagne.com\\\/en\\\/#organization\"},\"potentialAction\":[{\"@type\":\"SearchAction\",\"target\":{\"@type\":\"EntryPoint\",\"urlTemplate\":\"https:\\\/\\\/avalenn-bretagne.com\\\/en\\\/?s={search_term_string}\"},\"query-input\":{\"@type\":\"PropertyValueSpecification\",\"valueRequired\":true,\"valueName\":\"search_term_string\"}}],\"inLanguage\":\"en-US\"},{\"@type\":\"Organization\",\"@id\":\"https:\\\/\\\/avalenn-bretagne.com\\\/en\\\/#organization\",\"name\":\"Ker an Avalenn\",\"url\":\"https:\\\/\\\/avalenn-bretagne.com\\\/en\\\/\",\"logo\":{\"@type\":\"ImageObject\",\"inLanguage\":\"en-US\",\"@id\":\"https:\\\/\\\/avalenn-bretagne.com\\\/en\\\/#\\\/schema\\\/logo\\\/image\\\/\",\"url\":\"https:\\\/\\\/avalenn-bretagne.com\\\/wp-content\\\/uploads\\\/2021\\\/04\\\/Avalenn-bretagne-logo.png\",\"contentUrl\":\"https:\\\/\\\/avalenn-bretagne.com\\\/wp-content\\\/uploads\\\/2021\\\/04\\\/Avalenn-bretagne-logo.png\",\"width\":238,\"height\":100,\"caption\":\"Ker an Avalenn\"},\"image\":{\"@id\":\"https:\\\/\\\/avalenn-bretagne.com\\\/en\\\/#\\\/schema\\\/logo\\\/image\\\/\"}}]}<\/script>\n<!-- \/ Yoast SEO plugin. -->","yoast_head_json":{"title":"Gallery - Ker an Avalenn","description":"Ker an Avalenn in pictures","robots":{"index":"index","follow":"follow","max-snippet":"max-snippet:-1","max-image-preview":"max-image-preview:large","max-video-preview":"max-video-preview:-1"},"canonical":"https:\/\/avalenn-bretagne.com\/en\/gallery\/","og_locale":"en_US","og_type":"article","og_title":"Gallery - Ker an Avalenn","og_description":"Ker an Avalenn in pictures","og_url":"https:\/\/avalenn-bretagne.com\/en\/gallery\/","og_site_name":"Ker an Avalenn","article_modified_time":"2022-05-25T08:28:23+00:00","og_image":[{"width":1626,"height":1080,"url":"https:\/\/avalenn-bretagne.com\/wp-content\/uploads\/2022\/05\/le-hameau2.jpg","type":"image\/jpeg"}],"twitter_card":"summary_large_image","schema":{"@context":"https:\/\/schema.org","@graph":[{"@type":"WebPage","@id":"https:\/\/avalenn-bretagne.com\/en\/gallery\/","url":"https:\/\/avalenn-bretagne.com\/en\/gallery\/","name":"Gallery - Ker an Avalenn","isPartOf":{"@id":"https:\/\/avalenn-bretagne.com\/en\/#website"},"primaryImageOfPage":{"@id":"https:\/\/avalenn-bretagne.com\/en\/gallery\/#primaryimage"},"image":{"@id":"https:\/\/avalenn-bretagne.com\/en\/gallery\/#primaryimage"},"thumbnailUrl":"https:\/\/avalenn-bretagne.com\/wp-content\/uploads\/2022\/05\/le-hameau2.jpg","datePublished":"2022-05-23T09:13:44+00:00","dateModified":"2022-05-25T08:28:23+00:00","description":"Ker an Avalenn in pictures","breadcrumb":{"@id":"https:\/\/avalenn-bretagne.com\/en\/gallery\/#breadcrumb"},"inLanguage":"en-US","potentialAction":[{"@type":"ReadAction","target":["https:\/\/avalenn-bretagne.com\/en\/gallery\/"]}]},{"@type":"ImageObject","inLanguage":"en-US","@id":"https:\/\/avalenn-bretagne.com\/en\/gallery\/#primaryimage","url":"https:\/\/avalenn-bretagne.com\/wp-content\/uploads\/2022\/05\/le-hameau2.jpg","contentUrl":"https:\/\/avalenn-bretagne.com\/wp-content\/uploads\/2022\/05\/le-hameau2.jpg","width":1626,"height":1080,"caption":"Le hameau"},{"@type":"BreadcrumbList","@id":"https:\/\/avalenn-bretagne.com\/en\/gallery\/#breadcrumb","itemListElement":[{"@type":"ListItem","position":1,"name":"Accueil","item":"https:\/\/avalenn-bretagne.com\/en\/"},{"@type":"ListItem","position":2,"name":"Gallery"}]},{"@type":"WebSite","@id":"https:\/\/avalenn-bretagne.com\/en\/#website","url":"https:\/\/avalenn-bretagne.com\/en\/","name":"Ker an Avalenn","description":"Locations saisonni\u00e8res | Organisation d&#039;\u00e9v\u00e9nements","publisher":{"@id":"https:\/\/avalenn-bretagne.com\/en\/#organization"},"potentialAction":[{"@type":"SearchAction","target":{"@type":"EntryPoint","urlTemplate":"https:\/\/avalenn-bretagne.com\/en\/?s={search_term_string}"},"query-input":{"@type":"PropertyValueSpecification","valueRequired":true,"valueName":"search_term_string"}}],"inLanguage":"en-US"},{"@type":"Organization","@id":"https:\/\/avalenn-bretagne.com\/en\/#organization","name":"Ker an Avalenn","url":"https:\/\/avalenn-bretagne.com\/en\/","logo":{"@type":"ImageObject","inLanguage":"en-US","@id":"https:\/\/avalenn-bretagne.com\/en\/#\/schema\/logo\/image\/","url":"https:\/\/avalenn-bretagne.com\/wp-content\/uploads\/2021\/04\/Avalenn-bretagne-logo.png","contentUrl":"https:\/\/avalenn-bretagne.com\/wp-content\/uploads\/2021\/04\/Avalenn-bretagne-logo.png","width":238,"height":100,"caption":"Ker an Avalenn"},"image":{"@id":"https:\/\/avalenn-bretagne.com\/en\/#\/schema\/logo\/image\/"}}]}},"_links":{"self":[{"href":"https:\/\/avalenn-bretagne.com\/en\/wp-json\/wp\/v2\/pages\/2298","targetHints":{"allow":["GET"]}}],"collection":[{"href":"https:\/\/avalenn-bretagne.com\/en\/wp-json\/wp\/v2\/pages"}],"about":[{"href":"https:\/\/avalenn-bretagne.com\/en\/wp-json\/wp\/v2\/types\/page"}],"author":[{"embeddable":true,"href":"https:\/\/avalenn-bretagne.com\/en\/wp-json\/wp\/v2\/users\/2"}],"replies":[{"embeddable":true,"href":"https:\/\/avalenn-bretagne.com\/en\/wp-json\/wp\/v2\/comments?post=2298"}],"version-history":[{"count":0,"href":"https:\/\/avalenn-bretagne.com\/en\/wp-json\/wp\/v2\/pages\/2298\/revisions"}],"wp:featuredmedia":[{"embeddable":true,"href":"https:\/\/avalenn-bretagne.com\/en\/wp-json\/wp\/v2\/media\/2253"}],"wp:attachment":[{"href":"https:\/\/avalenn-bretagne.com\/en\/wp-json\/wp\/v2\/media?parent=2298"}],"curies":[{"name":"wp","href":"https:\/\/api.w.org\/{rel}","templated":true}]}}