{"id":2139,"date":"2022-02-25T17:23:23","date_gmt":"2022-02-25T16:23:23","guid":{"rendered":"https:\/\/avalenn-bretagne.com\/documentation-retraite-meditation-pleine-conscience\/"},"modified":"2022-03-18T11:02:49","modified_gmt":"2022-03-18T10:02:49","slug":"mindfulness-retreat-documentation-request-ker-an-avalenn","status":"publish","type":"page","link":"https:\/\/avalenn-bretagne.com\/en\/mindfulness-retreat-documentation-request-ker-an-avalenn\/","title":{"rendered":"Mindfulness Retreat documentation request- Ker an Avalenn"},"content":{"rendered":"<div class=\"wpb-content-wrapper\"><p>[vc_row css_animation=&#8221;&#8221; row_type=&#8221;row&#8221; use_row_as_full_screen_section=&#8221;no&#8221; type=&#8221;full_width&#8221; angled_section=&#8221;no&#8221; text_align=&#8221;left&#8221; background_image_as_pattern=&#8221;without_pattern&#8221; z_index=&#8221;&#8221;][vc_column][\/vc_column][\/vc_row][vc_row css_animation=&#8221;&#8221; row_type=&#8221;row&#8221; use_row_as_full_screen_section=&#8221;no&#8221; type=&#8221;grid&#8221; angled_section=&#8221;no&#8221; text_align=&#8221;center&#8221; background_image_as_pattern=&#8221;without_pattern&#8221; z_index=&#8221;&#8221; css=&#8221;.vc_custom_1619027036452{padding-top: 100px !important;padding-bottom: 112px !important;background-position: center !important;background-repeat: no-repeat !important;background-size: cover !important;}&#8221;][vc_column][vc_column_text]<\/p>\n<h1 style=\"text-align: center;\">Mindfulness Retreat documentation request<\/h1>\n<h3 style=\"text-align: center;\">Residential<br \/>\nFrom 24th to 29th July 2022<br \/>\n&#8220;Connection&#8221; with Colette Power<br \/>\nOrganisation Ker an Avalenn<\/h3>\n<p>[\/vc_column_text][qode_elements_holder number_of_columns=&#8221;one_column&#8221;][qode_elements_holder_item advanced_animations=&#8221;no&#8221; item_padding=&#8221;15px 15% 72px&#8221; item_padding_1280_1440=&#8221;15px 11% 72px&#8221; item_padding_1024_1280=&#8221;15px 11% 72px&#8221; item_padding_768_1024=&#8221;15px 0% 72px&#8221; item_padding_600_768=&#8221;15px 0% 72px&#8221; item_padding_480_600=&#8221;15px 0% 72px&#8221; item_padding_480=&#8221;15px 0% 72px&#8221;][vc_column_text][\/vc_column_text][\/qode_elements_holder_item][\/qode_elements_holder][vc_row_inner row_type=&#8221;row&#8221; type=&#8221;full_width&#8221; text_align=&#8221;center&#8221; css_animation=&#8221;&#8221;][vc_column_inner css=&#8221;.vc_custom_1619027975508{padding-top: 60px !important;background-color: #d3c3d8 !important;}&#8221; offset=&#8221;vc_col-md-7&#8243;][vc_column_text][\/vc_column_text][qode_elements_holder number_of_columns=&#8221;one_column&#8221;][qode_elements_holder_item advanced_animations=&#8221;no&#8221; item_padding=&#8221;15px 18% 45px&#8221; item_padding_1280_1440=&#8221;15px 9% 45px&#8221; item_padding_1024_1280=&#8221;15px 9% 45px&#8221; item_padding_768_1024=&#8221;15px 2% 45px&#8221; item_padding_600_768=&#8221;15px 6% 45px&#8221; item_padding_480_600=&#8221;15px 0% 45px&#8221; item_padding_480=&#8221;15px 0% 45px&#8221;][vc_column_text]<\/p>\n<h2><span style=\"color: #ffffff;\">Please fill in the form<\/span><\/h2>\n<p>[\/vc_column_text][\/qode_elements_holder_item][\/qode_elements_holder][qode_elements_holder number_of_columns=&#8221;one_column&#8221;][qode_elements_holder_item horizontal_alignment=&#8221;left&#8221; advanced_animations=&#8221;no&#8221; item_padding=&#8221;0px 80px 0px&#8221; item_padding_1280_1440=&#8221;0px 55px 0px&#8221; item_padding_1024_1280=&#8221;0px 55px 0px&#8221; item_padding_768_1024=&#8221;0px 20px 0px&#8221; item_padding_600_768=&#8221;0px 20px 0px&#8221; item_padding_480_600=&#8221;0px 10px 0px&#8221; item_padding_480=&#8221;0px 10px 0px&#8221;]\n<div class=\"wpcf7 no-js\" id=\"wpcf7-f2138-o1\" lang=\"en-US\" dir=\"ltr\" data-wpcf7-id=\"2138\">\n<div class=\"screen-reader-response\"><p role=\"status\" aria-live=\"polite\" aria-atomic=\"true\"><\/p> <ul><\/ul><\/div>\n<form action=\"\/en\/wp-json\/wp\/v2\/pages\/2139#wpcf7-f2138-o1\" method=\"post\" class=\"wpcf7-form init cf7_custom_style_1\" aria-label=\"Contact form\" novalidate=\"novalidate\" data-status=\"init\">\n<fieldset class=\"hidden-fields-container\"><input type=\"hidden\" name=\"_wpcf7\" value=\"2138\" \/><input type=\"hidden\" name=\"_wpcf7_version\" value=\"6.1.5\" \/><input type=\"hidden\" name=\"_wpcf7_locale\" value=\"en_US\" \/><input type=\"hidden\" name=\"_wpcf7_unit_tag\" value=\"wpcf7-f2138-o1\" \/><input type=\"hidden\" name=\"_wpcf7_container_post\" value=\"0\" \/><input type=\"hidden\" name=\"_wpcf7_posted_data_hash\" value=\"\" \/><input type=\"hidden\" name=\"redirect_nonce\" value=\"b7072b3ffd\" \/><input type=\"hidden\" name=\"wpcf7cfpdf_hidden_name\" value=\"document-pdf\" \/><input type=\"hidden\" name=\"wpcf7cfpdf_hidden_reference\" value=\"9fb72c7b\" \/><input type=\"hidden\" name=\"wpcf7cfpdf_hidden_date\" value=\"21April2026\" \/><input type=\"hidden\" name=\"_wpcf7_recaptcha_response\" value=\"\" \/>\n<\/fieldset>\n<p>Civilit\u00e9<br \/>\n<span class=\"wpcf7-form-control-wrap\" data-name=\"checkbox-392\"><span class=\"wpcf7-form-control wpcf7-checkbox wpcf7-validates-as-required\"><span class=\"wpcf7-list-item first\"><label><input type=\"checkbox\" name=\"checkbox-392[]\" value=\"Madame\" \/><span class=\"wpcf7-list-item-label\">Madame<\/span><\/label><\/span><span class=\"wpcf7-list-item last\"><label><input type=\"checkbox\" name=\"checkbox-392[]\" value=\"Monsieur\" \/><span class=\"wpcf7-list-item-label\">Monsieur<\/span><\/label><\/span><\/span><\/span>\n<\/p>\n<p><label> Nom<br \/>\n<span class=\"wpcf7-form-control-wrap\" data-name=\"your-name\"><input size=\"40\" maxlength=\"400\" class=\"wpcf7-form-control wpcf7-text wpcf7-validates-as-required\" aria-required=\"true\" aria-invalid=\"false\" value=\"\" type=\"text\" name=\"your-name\" \/><\/span> <\/label>\n<\/p>\n<p><label> Pr\u00e9nom<br \/>\n<span class=\"wpcf7-form-control-wrap\" data-name=\"prenom\"><input size=\"40\" maxlength=\"400\" class=\"wpcf7-form-control wpcf7-text wpcf7-validates-as-required\" aria-required=\"true\" aria-invalid=\"false\" value=\"\" type=\"text\" name=\"prenom\" \/><\/span> <\/label>\n<\/p>\n<p><label> E-mail<br \/>\n<span class=\"wpcf7-form-control-wrap\" data-name=\"your-email\"><input size=\"40\" maxlength=\"400\" class=\"wpcf7-form-control wpcf7-email wpcf7-validates-as-required wpcf7-text wpcf7-validates-as-email\" aria-required=\"true\" aria-invalid=\"false\" value=\"\" type=\"email\" name=\"your-email\" \/><\/span> <\/label>\n<\/p>\n<p><span class=\"wpcf7-form-control-wrap\" data-name=\"acceptance-165\"><span class=\"wpcf7-form-control wpcf7-acceptance\"><span class=\"wpcf7-list-item\"><input type=\"checkbox\" name=\"acceptance-165\" value=\"1\" aria-invalid=\"false\" \/><\/span><\/span><\/span> Je souhaite recevoir par email une documentation sur la Retraite de m\u00e9ditation silencieuse avec Roxanne Dault du 20 au 25 ao\u00fbt 2023.\n<\/p>\n<p><em>Votre email est pr\u00e9cieux, nous ne le confierons pas \u00e0 des tiers. Souhaitez-vous recevoir des informations de notre part sur les autres retraites de m\u00e9ditation ayant lieu \u00e0 Ker an Avalenn au cours de l\u2019ann\u00e9e ?<\/em><br \/>\nJe souhaite recevoir par email des informations sur les stages et retraites de m\u00e9ditation organis\u00e9es \u00e0 Ker an Avalenn au cours de l\u2019ann\u00e9e (2 mails par mois maximum). <span class=\"wpcf7-form-control-wrap\" data-name=\"checkbox-303\"><span class=\"wpcf7-form-control wpcf7-checkbox wpcf7-validates-as-required\"><span class=\"wpcf7-list-item first\"><label><input type=\"checkbox\" name=\"checkbox-303[]\" value=\"OUI\" \/><span class=\"wpcf7-list-item-label\">OUI<\/span><\/label><\/span><span class=\"wpcf7-list-item last\"><label><input type=\"checkbox\" name=\"checkbox-303[]\" value=\"NON\" \/><span class=\"wpcf7-list-item-label\">NON<\/span><\/label><\/span><\/span><\/span>\n<\/p>\n<p><input class=\"wpcf7-form-control wpcf7-submit has-spinner\" type=\"submit\" value=\"Envoyer\" \/>\n<\/p><input type='hidden' class='wpcf7-pum' value='{\"closepopup\":false,\"closedelay\":0,\"openpopup\":false,\"openpopup_id\":0}' \/><div class=\"wpcf7-response-output\" aria-hidden=\"true\"><\/div>\n<\/form>\n<\/div>\n[vc_column_text]Learn more about your data management and your rights: <a href=\"https:\/\/avalenn-bretagne.com\/politique-de-confidentialite\/\" target=\"_blank\" rel=\"noopener\">Privacy Policy<\/a>[\/vc_column_text][\/qode_elements_holder_item][\/qode_elements_holder][\/vc_column_inner][vc_column_inner offset=&#8221;vc_col-md-5&#8243;][qode_elements_holder number_of_columns=&#8221;one_column&#8221;][qode_elements_holder_item horizontal_alignment=&#8221;left&#8221; advanced_animations=&#8221;no&#8221; item_padding=&#8221;40px 0px 0px 12%&#8221; item_padding_600_768=&#8221;80px 0px 0px&#8221; item_padding_480_600=&#8221;80px 0px 0px&#8221; item_padding_480=&#8221;80px 0px 0px&#8221;][vc_column_text]For your specific questions about the <a href=\"https:\/\/avalenn-bretagne.com\/en\/connection-mindfulness-retreat-with-colette-power\/\">Mindfulness Meditation Retreat<\/a> &#8220;Connection&#8221;<br \/>\nwith Colette Power from 24th to 29th July 2022, you can also contact us directly:[\/vc_column_text][vc_empty_space]<div class='q_icon_with_title tiny normal_icon '><div class=\"icon_holder \" style=\" \"><span data-icon-type=\"normal\" style=\"font-size: 20px\" class=\"qode_iwt_icon_holder q_font_awsome_icon fa-lg  \"><i class=\"qode_icon_font_awesome fa fa-phone qode_iwt_icon_element\" style=\"color: #76b0ac\"><\/i><\/span><\/div><div class=\"icon_text_holder\" style=\"padding-left:35px;\"><div class=\"icon_text_inner\" style=\"\"><h6 class=\"icon_title\" style=\"\">PHONE<\/h6><p style=''>+33296142260<\/p><a itemprop='url' class='icon_with_title_link' href='#' target='_self' style='color: #7a7a7a;'>+33664865808<\/a><\/div><\/div><\/div><div class='q_icon_with_title tiny normal_icon '><div class=\"icon_holder \" style=\" \"><span data-icon-type=\"normal\" style=\"font-size: 20px\" class=\"qode_iwt_icon_holder q_font_awsome_icon fa-lg  \"><i class=\"qode_icon_font_awesome fa fa-envelope qode_iwt_icon_element\" style=\"color: #76b0ac\"><\/i><\/span><\/div><div class=\"icon_text_holder\" style=\"padding-left:35px;\"><div class=\"icon_text_inner\" style=\"\"><h6 class=\"icon_title\" style=\"\">E-MAIL<\/h6><p style=''>Info@avalenn-bretagne.com<\/p><\/div><\/div><\/div>[vc_column_text]<strong>Whether in the air, on land or under the sea, here is the best route (+ fast, &#8211; expensive) to get to the Hamlet<\/strong> : <a href=\"https:\/\/www.rome2rio.com\/fr\/map\/Londres\/Tr%C3%A9zelan\" target=\"_blank\" rel=\"noopener\"><em>Londres\/Tr\u00e9zelan<\/em><\/a>[\/vc_column_text][\/qode_elements_holder_item][\/qode_elements_holder][\/vc_column_inner][\/vc_row_inner][vc_empty_space height=&#8221;40px&#8221;][\/vc_column][\/vc_row]<\/p>\n<\/div>","protected":false},"excerpt":{"rendered":"<p>[vc_row css_animation=&#8221;&#8221; row_type=&#8221;row&#8221; use_row_as_full_screen_section=&#8221;no&#8221; type=&#8221;full_width&#8221; angled_section=&#8221;no&#8221; text_align=&#8221;left&#8221; background_image_as_pattern=&#8221;without_pattern&#8221; z_index=&#8221;&#8221;][vc_column][\/vc_column][\/vc_row][vc_row css_animation=&#8221;&#8221; row_type=&#8221;row&#8221; use_row_as_full_screen_section=&#8221;no&#8221; type=&#8221;grid&#8221; angled_section=&#8221;no&#8221; text_align=&#8221;center&#8221; background_image_as_pattern=&#8221;without_pattern&#8221; z_index=&#8221;&#8221; css=&#8221;.vc_custom_1619027036452{padding-top: 100px !important;padding-bottom: 112px !important;background-position: center !important;background-repeat: no-repeat !important;background-size: cover !important;}&#8221;][vc_column][vc_column_text] Mindfulness Retreat documentation request Residential From 24th to 29th July 2022 &#8220;Connection&#8221; with Colette Power Organisation Ker&#8230;<\/p>\n","protected":false},"author":1,"featured_media":0,"parent":0,"menu_order":0,"comment_status":"closed","ping_status":"closed","template":"full_width.php","meta":{"footnotes":""},"class_list":["post-2139","page","type-page","status-publish","hentry"],"yoast_head":"<!-- This site is optimized with the Yoast SEO plugin v27.3 - https:\/\/yoast.com\/product\/yoast-seo-wordpress\/ -->\n<title>Mindfulness Retreat documentation request- Ker an Avalenn<\/title>\n<meta name=\"description\" content=\"Mindfulness meditation retreat with Colette Power documentation request. From 24th to 29th July 2022 in France, Brittany, Ker an Avalenn\" \/>\n<meta name=\"robots\" content=\"index, follow, max-snippet:-1, max-image-preview:large, max-video-preview:-1\" \/>\n<link rel=\"canonical\" href=\"https:\/\/avalenn-bretagne.com\/en\/mindfulness-retreat-documentation-request-ker-an-avalenn\/\" \/>\n<meta property=\"og:locale\" content=\"en_US\" \/>\n<meta property=\"og:type\" content=\"article\" \/>\n<meta property=\"og:title\" content=\"Mindfulness Retreat documentation request- Ker an Avalenn\" \/>\n<meta property=\"og:description\" content=\"Mindfulness meditation retreat with Colette Power documentation request. From 24th to 29th July 2022 in France, Brittany, Ker an Avalenn\" \/>\n<meta property=\"og:url\" content=\"https:\/\/avalenn-bretagne.com\/en\/mindfulness-retreat-documentation-request-ker-an-avalenn\/\" \/>\n<meta property=\"og:site_name\" content=\"Ker an Avalenn\" \/>\n<meta property=\"article:modified_time\" content=\"2022-03-18T10:02:49+00:00\" \/>\n<meta name=\"twitter:card\" content=\"summary_large_image\" \/>\n<script type=\"application\/ld+json\" class=\"yoast-schema-graph\">{\"@context\":\"https:\\\/\\\/schema.org\",\"@graph\":[{\"@type\":\"WebPage\",\"@id\":\"https:\\\/\\\/avalenn-bretagne.com\\\/en\\\/mindfulness-retreat-documentation-request-ker-an-avalenn\\\/\",\"url\":\"https:\\\/\\\/avalenn-bretagne.com\\\/en\\\/mindfulness-retreat-documentation-request-ker-an-avalenn\\\/\",\"name\":\"Mindfulness Retreat documentation request- Ker an Avalenn\",\"isPartOf\":{\"@id\":\"https:\\\/\\\/avalenn-bretagne.com\\\/en\\\/#website\"},\"datePublished\":\"2022-02-25T16:23:23+00:00\",\"dateModified\":\"2022-03-18T10:02:49+00:00\",\"description\":\"Mindfulness meditation retreat with Colette Power documentation request. From 24th to 29th July 2022 in France, Brittany, Ker an Avalenn\",\"breadcrumb\":{\"@id\":\"https:\\\/\\\/avalenn-bretagne.com\\\/en\\\/mindfulness-retreat-documentation-request-ker-an-avalenn\\\/#breadcrumb\"},\"inLanguage\":\"en-US\",\"potentialAction\":[{\"@type\":\"ReadAction\",\"target\":[\"https:\\\/\\\/avalenn-bretagne.com\\\/en\\\/mindfulness-retreat-documentation-request-ker-an-avalenn\\\/\"]}]},{\"@type\":\"BreadcrumbList\",\"@id\":\"https:\\\/\\\/avalenn-bretagne.com\\\/en\\\/mindfulness-retreat-documentation-request-ker-an-avalenn\\\/#breadcrumb\",\"itemListElement\":[{\"@type\":\"ListItem\",\"position\":1,\"name\":\"Accueil\",\"item\":\"https:\\\/\\\/avalenn-bretagne.com\\\/en\\\/\"},{\"@type\":\"ListItem\",\"position\":2,\"name\":\"Mindfulness Retreat documentation request- Ker an Avalenn\"}]},{\"@type\":\"WebSite\",\"@id\":\"https:\\\/\\\/avalenn-bretagne.com\\\/en\\\/#website\",\"url\":\"https:\\\/\\\/avalenn-bretagne.com\\\/en\\\/\",\"name\":\"Ker an Avalenn\",\"description\":\"Locations saisonni\u00e8res | Organisation d&#039;\u00e9v\u00e9nements\",\"publisher\":{\"@id\":\"https:\\\/\\\/avalenn-bretagne.com\\\/en\\\/#organization\"},\"potentialAction\":[{\"@type\":\"SearchAction\",\"target\":{\"@type\":\"EntryPoint\",\"urlTemplate\":\"https:\\\/\\\/avalenn-bretagne.com\\\/en\\\/?s={search_term_string}\"},\"query-input\":{\"@type\":\"PropertyValueSpecification\",\"valueRequired\":true,\"valueName\":\"search_term_string\"}}],\"inLanguage\":\"en-US\"},{\"@type\":\"Organization\",\"@id\":\"https:\\\/\\\/avalenn-bretagne.com\\\/en\\\/#organization\",\"name\":\"Ker an Avalenn\",\"url\":\"https:\\\/\\\/avalenn-bretagne.com\\\/en\\\/\",\"logo\":{\"@type\":\"ImageObject\",\"inLanguage\":\"en-US\",\"@id\":\"https:\\\/\\\/avalenn-bretagne.com\\\/en\\\/#\\\/schema\\\/logo\\\/image\\\/\",\"url\":\"https:\\\/\\\/avalenn-bretagne.com\\\/wp-content\\\/uploads\\\/2021\\\/04\\\/Avalenn-bretagne-logo.png\",\"contentUrl\":\"https:\\\/\\\/avalenn-bretagne.com\\\/wp-content\\\/uploads\\\/2021\\\/04\\\/Avalenn-bretagne-logo.png\",\"width\":238,\"height\":100,\"caption\":\"Ker an Avalenn\"},\"image\":{\"@id\":\"https:\\\/\\\/avalenn-bretagne.com\\\/en\\\/#\\\/schema\\\/logo\\\/image\\\/\"}}]}<\/script>\n<!-- \/ Yoast SEO plugin. -->","yoast_head_json":{"title":"Mindfulness Retreat documentation request- Ker an Avalenn","description":"Mindfulness meditation retreat with Colette Power documentation request. From 24th to 29th July 2022 in France, Brittany, Ker an Avalenn","robots":{"index":"index","follow":"follow","max-snippet":"max-snippet:-1","max-image-preview":"max-image-preview:large","max-video-preview":"max-video-preview:-1"},"canonical":"https:\/\/avalenn-bretagne.com\/en\/mindfulness-retreat-documentation-request-ker-an-avalenn\/","og_locale":"en_US","og_type":"article","og_title":"Mindfulness Retreat documentation request- Ker an Avalenn","og_description":"Mindfulness meditation retreat with Colette Power documentation request. From 24th to 29th July 2022 in France, Brittany, Ker an Avalenn","og_url":"https:\/\/avalenn-bretagne.com\/en\/mindfulness-retreat-documentation-request-ker-an-avalenn\/","og_site_name":"Ker an Avalenn","article_modified_time":"2022-03-18T10:02:49+00:00","twitter_card":"summary_large_image","schema":{"@context":"https:\/\/schema.org","@graph":[{"@type":"WebPage","@id":"https:\/\/avalenn-bretagne.com\/en\/mindfulness-retreat-documentation-request-ker-an-avalenn\/","url":"https:\/\/avalenn-bretagne.com\/en\/mindfulness-retreat-documentation-request-ker-an-avalenn\/","name":"Mindfulness Retreat documentation request- Ker an Avalenn","isPartOf":{"@id":"https:\/\/avalenn-bretagne.com\/en\/#website"},"datePublished":"2022-02-25T16:23:23+00:00","dateModified":"2022-03-18T10:02:49+00:00","description":"Mindfulness meditation retreat with Colette Power documentation request. From 24th to 29th July 2022 in France, Brittany, Ker an Avalenn","breadcrumb":{"@id":"https:\/\/avalenn-bretagne.com\/en\/mindfulness-retreat-documentation-request-ker-an-avalenn\/#breadcrumb"},"inLanguage":"en-US","potentialAction":[{"@type":"ReadAction","target":["https:\/\/avalenn-bretagne.com\/en\/mindfulness-retreat-documentation-request-ker-an-avalenn\/"]}]},{"@type":"BreadcrumbList","@id":"https:\/\/avalenn-bretagne.com\/en\/mindfulness-retreat-documentation-request-ker-an-avalenn\/#breadcrumb","itemListElement":[{"@type":"ListItem","position":1,"name":"Accueil","item":"https:\/\/avalenn-bretagne.com\/en\/"},{"@type":"ListItem","position":2,"name":"Mindfulness Retreat documentation request- Ker an Avalenn"}]},{"@type":"WebSite","@id":"https:\/\/avalenn-bretagne.com\/en\/#website","url":"https:\/\/avalenn-bretagne.com\/en\/","name":"Ker an Avalenn","description":"Locations saisonni\u00e8res | Organisation d&#039;\u00e9v\u00e9nements","publisher":{"@id":"https:\/\/avalenn-bretagne.com\/en\/#organization"},"potentialAction":[{"@type":"SearchAction","target":{"@type":"EntryPoint","urlTemplate":"https:\/\/avalenn-bretagne.com\/en\/?s={search_term_string}"},"query-input":{"@type":"PropertyValueSpecification","valueRequired":true,"valueName":"search_term_string"}}],"inLanguage":"en-US"},{"@type":"Organization","@id":"https:\/\/avalenn-bretagne.com\/en\/#organization","name":"Ker an Avalenn","url":"https:\/\/avalenn-bretagne.com\/en\/","logo":{"@type":"ImageObject","inLanguage":"en-US","@id":"https:\/\/avalenn-bretagne.com\/en\/#\/schema\/logo\/image\/","url":"https:\/\/avalenn-bretagne.com\/wp-content\/uploads\/2021\/04\/Avalenn-bretagne-logo.png","contentUrl":"https:\/\/avalenn-bretagne.com\/wp-content\/uploads\/2021\/04\/Avalenn-bretagne-logo.png","width":238,"height":100,"caption":"Ker an Avalenn"},"image":{"@id":"https:\/\/avalenn-bretagne.com\/en\/#\/schema\/logo\/image\/"}}]}},"_links":{"self":[{"href":"https:\/\/avalenn-bretagne.com\/en\/wp-json\/wp\/v2\/pages\/2139","targetHints":{"allow":["GET"]}}],"collection":[{"href":"https:\/\/avalenn-bretagne.com\/en\/wp-json\/wp\/v2\/pages"}],"about":[{"href":"https:\/\/avalenn-bretagne.com\/en\/wp-json\/wp\/v2\/types\/page"}],"author":[{"embeddable":true,"href":"https:\/\/avalenn-bretagne.com\/en\/wp-json\/wp\/v2\/users\/1"}],"replies":[{"embeddable":true,"href":"https:\/\/avalenn-bretagne.com\/en\/wp-json\/wp\/v2\/comments?post=2139"}],"version-history":[{"count":0,"href":"https:\/\/avalenn-bretagne.com\/en\/wp-json\/wp\/v2\/pages\/2139\/revisions"}],"wp:attachment":[{"href":"https:\/\/avalenn-bretagne.com\/en\/wp-json\/wp\/v2\/media?parent=2139"}],"curies":[{"name":"wp","href":"https:\/\/api.w.org\/{rel}","templated":true}]}}