{"id":2119,"date":"2022-02-23T14:00:39","date_gmt":"2022-02-23T13:00:39","guid":{"rendered":"https:\/\/avalenn-bretagne.com\/retraite-meditation-bretagne\/"},"modified":"2022-12-27T10:38:23","modified_gmt":"2022-12-27T09:38:23","slug":"meditation-retreat-in-france-ker-an-avalenn-registration","status":"publish","type":"page","link":"https:\/\/avalenn-bretagne.com\/en\/meditation-retreat-in-france-ker-an-avalenn-registration\/","title":{"rendered":"Meditation retreat in France: Ker an Avalenn registration"},"content":{"rendered":"<div class=\"wpb-content-wrapper\"><p>[vc_row css_animation=&#8221;&#8221; row_type=&#8221;row&#8221; use_row_as_full_screen_section=&#8221;no&#8221; type=&#8221;grid&#8221; angled_section=&#8221;no&#8221; text_align=&#8221;left&#8221; background_image_as_pattern=&#8221;without_pattern&#8221; z_index=&#8221;&#8221; css=&#8221;.vc_custom_1644349090220{padding-top: 50px !important;}&#8221;][vc_column][vc_empty_space height=&#8221;100px&#8221;][\/vc_column][\/vc_row][vc_row css_animation=&#8221;&#8221; row_type=&#8221;row&#8221; use_row_as_full_screen_section=&#8221;no&#8221; type=&#8221;full_width&#8221; angled_section=&#8221;no&#8221; text_align=&#8221;left&#8221; background_image_as_pattern=&#8221;without_pattern&#8221; z_index=&#8221;&#8221;][vc_column][vc_row_inner row_type=&#8221;row&#8221; type=&#8221;grid&#8221; text_align=&#8221;left&#8221; css_animation=&#8221;&#8221;][vc_column_inner width=&#8221;1\/2&#8243;][vc_column_text]<\/p>\n<h1>I would like to register for the \u201cConnection\u201d meditation retreat with Colette Power from 24th to 29th July at Ker an Avalenn in France<\/h1>\n<p>[\/vc_column_text][vc_empty_space][vc_column_text]<\/p>\n<h3>Everything you need to know:<\/h3>\n<p>[\/vc_column_text][vc_empty_space]<div class=\"qode-accordion-holder clearfix qode-toggle qode-initial \">\n\t<h6 class=\"clearfix qode-title-holder\">\n<span class=\"qode-tab-title\">\n\t    <span class=\"qode-tab-title-inner\">\n        Terms &amp; Conditions:    <\/span>\n<\/span>\n<span class=\"qode-accordion-mark\">\n    <span class=\"qode-accordion-mark-icon\">\n        <span class=\"icon_plus\"><\/span>\n        <span class=\"icon_minus-06\"><\/span>\n    <\/span>\n<\/span>\n<\/h6>\n<div  class=\"qode-accordion-content \" >\n    <div class=\"qode-accordion-content-inner\">\n        [vc_column_text]Please read our <a href=\"https:\/\/avalenn-bretagne.com\/conditions-generales-de-vente\/#stages-ateliers-retraites\" target=\"_blank\" rel=\"noopener\">Terms &amp; Conditions<\/a><\/p>\n<p>[\/vc_column_text]    <\/div>\n<\/div><h6 class=\"clearfix qode-title-holder\">\n<span class=\"qode-tab-title\">\n\t    <span class=\"qode-tab-title-inner\">\n        Cancellation policy    <\/span>\n<\/span>\n<span class=\"qode-accordion-mark\">\n    <span class=\"qode-accordion-mark-icon\">\n        <span class=\"icon_plus\"><\/span>\n        <span class=\"icon_minus-06\"><\/span>\n    <\/span>\n<\/span>\n<\/h6>\n<div  class=\"qode-accordion-content \" >\n    <div class=\"qode-accordion-content-inner\">\n        [vc_column_text]2 months in advance: reimbursement = totality minus \u20ac80 administration fee<br \/>\n1 month before the event: reimbursement = 50 %<br \/>\nLess than 1 month: no reimbursement possible.<br \/>\nIn the case of the event being cancelled by Ker an Avalenn, all amounts already paid will be reimbursed in full.<\/p>\n<p>COVID 19: YOU CAN FEEL RELAXED BOOKING YOUR RETREAT THANKS TO OUR PARTNERSHIP WITH CHAPKA ASSURANCE.<br \/>\nCHAPKA ASSURANCE will cover you if you, your partner, a member of your family or any other person with whom you live is tested positive for COVID-19 before you are due to travel, as well as for other situations of justified cancellation.<br \/>\nSee the different policies available from <em><a href=\"https:\/\/www.chapkadirect.com\/index.php?action=produit&amp;id=891&amp;app=avalenn\" target=\"_blank\" rel=\"noopener\">CHAPKA on their website<\/a><\/em>[\/vc_column_text]    <\/div>\n<\/div><h6 class=\"clearfix qode-title-holder\">\n<span class=\"qode-tab-title\">\n\t    <span class=\"qode-tab-title-inner\">\n        Responsibility    <\/span>\n<\/span>\n<span class=\"qode-accordion-mark\">\n    <span class=\"qode-accordion-mark-icon\">\n        <span class=\"icon_plus\"><\/span>\n        <span class=\"icon_minus-06\"><\/span>\n    <\/span>\n<\/span>\n<\/h6>\n<div  class=\"qode-accordion-content \" >\n    <div class=\"qode-accordion-content-inner\">\n        [vc_column_text]- I agree to take out an individual civic responsibility insurance in order to be able to access the hamlet and its buildings.<br \/>\n&#8211; I acknowledge that taking part in this retreat is my sole responsibility. The leader and the organiser may not in any case be held responsible for any damage, physical moral or material, that occurs during the retreat.[\/vc_column_text]    <\/div>\n<\/div><h6 class=\"clearfix qode-title-holder\">\n<span class=\"qode-tab-title\">\n\t    <span class=\"qode-tab-title-inner\">\n        COVID rules    <\/span>\n<\/span>\n<span class=\"qode-accordion-mark\">\n    <span class=\"qode-accordion-mark-icon\">\n        <span class=\"icon_plus\"><\/span>\n        <span class=\"icon_minus-06\"><\/span>\n    <\/span>\n<\/span>\n<\/h6>\n<div  class=\"qode-accordion-content \" >\n    <div class=\"qode-accordion-content-inner\">\n        [vc_column_text]- When I arrive at the hamlet I will show my vaccination or sanitary certificate (negative PCR or antigen test of less than 72 hours before \u2013 auto-tests are not acceptable.)<br \/>\n&#8211; I understand that to ensure the best conditions for everyone and to protect myself and others during my stay I should be careful to take precautions in the week before my stay. If I am identified as a contact case in the week before my stay I will not be able to come to the hamlet.<br \/>\n&#8211; If I have a vaccination certificate and develop symptoms in the 11 days before the retreat, I must take an official test which shows I am negative.<br \/>\n&#8211; <strong>For further details visit:<\/strong> Info Coronavirus Covid-19 | Gouvernement.fr<br \/>\n&#8211; If I am coming from another country, I am responsible for checking and fulfilling the COVID-19 regulations that apply to entering France and returning to my home country.<br \/>\n&#8211; For further details visit: Info Coronavirus Covid-19 \u2013 D\u00e9placements | Gouvernement.fr<br \/>\n&#8211; I understand that if I am showing symptoms when I arrive the Hamlet will refuse to allow me in[\/vc_column_text]    <\/div>\n<\/div><h6 class=\"clearfix qode-title-holder\">\n<span class=\"qode-tab-title\">\n\t    <span class=\"qode-tab-title-inner\">\n        Rate without accommodation:    <\/span>\n<\/span>\n<span class=\"qode-accordion-mark\">\n    <span class=\"qode-accordion-mark-icon\">\n        <span class=\"icon_plus\"><\/span>\n        <span class=\"icon_minus-06\"><\/span>\n    <\/span>\n<\/span>\n<\/h6>\n<div  class=\"qode-accordion-content \" >\n    <div class=\"qode-accordion-content-inner\">\n        [vc_column_text]You will stay outside the hamlet and must reserve your own accommodation.<br \/>\n&#8211; Includes teachings and all meals.[\/vc_column_text]    <\/div>\n<\/div><h6 class=\"clearfix qode-title-holder\">\n<span class=\"qode-tab-title\">\n\t    <span class=\"qode-tab-title-inner\">\n        Basic rate: FULL    <\/span>\n<\/span>\n<span class=\"qode-accordion-mark\">\n    <span class=\"qode-accordion-mark-icon\">\n        <span class=\"icon_plus\"><\/span>\n        <span class=\"icon_minus-06\"><\/span>\n    <\/span>\n<\/span>\n<\/h6>\n<div  class=\"qode-accordion-content \" >\n    <div class=\"qode-accordion-content-inner\">\n        [vc_column_text]<\/p>\n<ul>\n<li>Includes teachings, accommodation and full board.<\/li>\n<\/ul>\n<p>[\/vc_column_text]    <\/div>\n<\/div><h6 class=\"clearfix qode-title-holder\">\n<span class=\"qode-tab-title\">\n\t    <span class=\"qode-tab-title-inner\">\n        Supported rate: FULL    <\/span>\n<\/span>\n<span class=\"qode-accordion-mark\">\n    <span class=\"qode-accordion-mark-icon\">\n        <span class=\"icon_plus\"><\/span>\n        <span class=\"icon_minus-06\"><\/span>\n    <\/span>\n<\/span>\n<\/h6>\n<div  class=\"qode-accordion-content \" >\n    <div class=\"qode-accordion-content-inner\">\n        [vc_column_text]For those who cannot pay the basic rate. Our relationship with you is founded on trust, please choose this rate in all conscience.<br \/>\n&#8211; Includes teachings, accommodation and full board.[\/vc_column_text]    <\/div>\n<\/div><\/div>[\/vc_column_inner][vc_column_inner width=&#8221;1\/2&#8243;][vc_column_text]<\/p>\n<p style=\"text-align: center;\">[simpay id=&#8221;2116&#8243;]<\/p>\n<p>[\/vc_column_text][\/vc_column_inner][\/vc_row_inner][\/vc_column][\/vc_row]<\/p>\n<\/div>","protected":false},"excerpt":{"rendered":"<p>[vc_row css_animation=&#8221;&#8221; row_type=&#8221;row&#8221; use_row_as_full_screen_section=&#8221;no&#8221; type=&#8221;grid&#8221; angled_section=&#8221;no&#8221; text_align=&#8221;left&#8221; background_image_as_pattern=&#8221;without_pattern&#8221; z_index=&#8221;&#8221; css=&#8221;.vc_custom_1644349090220{padding-top: 50px !important;}&#8221;][vc_column][vc_empty_space height=&#8221;100px&#8221;][\/vc_column][\/vc_row][vc_row css_animation=&#8221;&#8221; row_type=&#8221;row&#8221; use_row_as_full_screen_section=&#8221;no&#8221; type=&#8221;full_width&#8221; angled_section=&#8221;no&#8221; text_align=&#8221;left&#8221; background_image_as_pattern=&#8221;without_pattern&#8221; z_index=&#8221;&#8221;][vc_column][vc_row_inner row_type=&#8221;row&#8221; type=&#8221;grid&#8221; text_align=&#8221;left&#8221; css_animation=&#8221;&#8221;][vc_column_inner width=&#8221;1\/2&#8243;][vc_column_text] I would like to register for the \u201cConnection\u201d meditation retreat with Colette Power from 24th to 29th July at&#8230;<\/p>\n","protected":false},"author":1,"featured_media":0,"parent":0,"menu_order":0,"comment_status":"closed","ping_status":"closed","template":"full_width.php","meta":{"footnotes":""},"class_list":["post-2119","page","type-page","status-publish","hentry"],"yoast_head":"<!-- This site is optimized with the Yoast SEO plugin v27.3 - https:\/\/yoast.com\/product\/yoast-seo-wordpress\/ -->\n<title>Meditation retreat in France: Ker an Avalenn registration<\/title>\n<meta name=\"description\" content=\"Meditation retreat in France: Registration. From 24th to 29th July 2022, Colette Power invites you to a mindful connection in the inspiring setting of Ker an Avalenn\" \/>\n<meta name=\"robots\" content=\"index, follow, max-snippet:-1, max-image-preview:large, max-video-preview:-1\" \/>\n<link rel=\"canonical\" href=\"https:\/\/avalenn-bretagne.com\/en\/meditation-retreat-in-france-ker-an-avalenn-registration\/\" \/>\n<meta property=\"og:locale\" content=\"en_US\" \/>\n<meta property=\"og:type\" content=\"article\" \/>\n<meta property=\"og:title\" content=\"Meditation retreat in France: Ker an Avalenn registration\" \/>\n<meta property=\"og:description\" content=\"Meditation retreat in France: Registration. From 24th to 29th July 2022, Colette Power invites you to a mindful connection in the inspiring setting of Ker an Avalenn\" \/>\n<meta property=\"og:url\" content=\"https:\/\/avalenn-bretagne.com\/en\/meditation-retreat-in-france-ker-an-avalenn-registration\/\" \/>\n<meta property=\"og:site_name\" content=\"Ker an Avalenn\" \/>\n<meta property=\"article:modified_time\" content=\"2022-12-27T09:38:23+00:00\" \/>\n<meta name=\"twitter:card\" content=\"summary_large_image\" \/>\n<script type=\"application\/ld+json\" class=\"yoast-schema-graph\">{\"@context\":\"https:\\\/\\\/schema.org\",\"@graph\":[{\"@type\":\"WebPage\",\"@id\":\"https:\\\/\\\/avalenn-bretagne.com\\\/en\\\/meditation-retreat-in-france-ker-an-avalenn-registration\\\/\",\"url\":\"https:\\\/\\\/avalenn-bretagne.com\\\/en\\\/meditation-retreat-in-france-ker-an-avalenn-registration\\\/\",\"name\":\"Meditation retreat in France: Ker an Avalenn registration\",\"isPartOf\":{\"@id\":\"https:\\\/\\\/avalenn-bretagne.com\\\/en\\\/#website\"},\"datePublished\":\"2022-02-23T13:00:39+00:00\",\"dateModified\":\"2022-12-27T09:38:23+00:00\",\"description\":\"Meditation retreat in France: Registration. From 24th to 29th July 2022, Colette Power invites you to a mindful connection in the inspiring setting of Ker an Avalenn\",\"breadcrumb\":{\"@id\":\"https:\\\/\\\/avalenn-bretagne.com\\\/en\\\/meditation-retreat-in-france-ker-an-avalenn-registration\\\/#breadcrumb\"},\"inLanguage\":\"en-US\",\"potentialAction\":[{\"@type\":\"ReadAction\",\"target\":[\"https:\\\/\\\/avalenn-bretagne.com\\\/en\\\/meditation-retreat-in-france-ker-an-avalenn-registration\\\/\"]}]},{\"@type\":\"BreadcrumbList\",\"@id\":\"https:\\\/\\\/avalenn-bretagne.com\\\/en\\\/meditation-retreat-in-france-ker-an-avalenn-registration\\\/#breadcrumb\",\"itemListElement\":[{\"@type\":\"ListItem\",\"position\":1,\"name\":\"Accueil\",\"item\":\"https:\\\/\\\/avalenn-bretagne.com\\\/en\\\/\"},{\"@type\":\"ListItem\",\"position\":2,\"name\":\"Meditation retreat in France: Ker an Avalenn registration\"}]},{\"@type\":\"WebSite\",\"@id\":\"https:\\\/\\\/avalenn-bretagne.com\\\/en\\\/#website\",\"url\":\"https:\\\/\\\/avalenn-bretagne.com\\\/en\\\/\",\"name\":\"Ker an Avalenn\",\"description\":\"Locations saisonni\u00e8res | Organisation d&#039;\u00e9v\u00e9nements\",\"publisher\":{\"@id\":\"https:\\\/\\\/avalenn-bretagne.com\\\/en\\\/#organization\"},\"potentialAction\":[{\"@type\":\"SearchAction\",\"target\":{\"@type\":\"EntryPoint\",\"urlTemplate\":\"https:\\\/\\\/avalenn-bretagne.com\\\/en\\\/?s={search_term_string}\"},\"query-input\":{\"@type\":\"PropertyValueSpecification\",\"valueRequired\":true,\"valueName\":\"search_term_string\"}}],\"inLanguage\":\"en-US\"},{\"@type\":\"Organization\",\"@id\":\"https:\\\/\\\/avalenn-bretagne.com\\\/en\\\/#organization\",\"name\":\"Ker an Avalenn\",\"url\":\"https:\\\/\\\/avalenn-bretagne.com\\\/en\\\/\",\"logo\":{\"@type\":\"ImageObject\",\"inLanguage\":\"en-US\",\"@id\":\"https:\\\/\\\/avalenn-bretagne.com\\\/en\\\/#\\\/schema\\\/logo\\\/image\\\/\",\"url\":\"https:\\\/\\\/avalenn-bretagne.com\\\/wp-content\\\/uploads\\\/2021\\\/04\\\/Avalenn-bretagne-logo.png\",\"contentUrl\":\"https:\\\/\\\/avalenn-bretagne.com\\\/wp-content\\\/uploads\\\/2021\\\/04\\\/Avalenn-bretagne-logo.png\",\"width\":238,\"height\":100,\"caption\":\"Ker an Avalenn\"},\"image\":{\"@id\":\"https:\\\/\\\/avalenn-bretagne.com\\\/en\\\/#\\\/schema\\\/logo\\\/image\\\/\"}}]}<\/script>\n<!-- \/ Yoast SEO plugin. -->","yoast_head_json":{"title":"Meditation retreat in France: Ker an Avalenn registration","description":"Meditation retreat in France: Registration. From 24th to 29th July 2022, Colette Power invites you to a mindful connection in the inspiring setting of Ker an Avalenn","robots":{"index":"index","follow":"follow","max-snippet":"max-snippet:-1","max-image-preview":"max-image-preview:large","max-video-preview":"max-video-preview:-1"},"canonical":"https:\/\/avalenn-bretagne.com\/en\/meditation-retreat-in-france-ker-an-avalenn-registration\/","og_locale":"en_US","og_type":"article","og_title":"Meditation retreat in France: Ker an Avalenn registration","og_description":"Meditation retreat in France: Registration. From 24th to 29th July 2022, Colette Power invites you to a mindful connection in the inspiring setting of Ker an Avalenn","og_url":"https:\/\/avalenn-bretagne.com\/en\/meditation-retreat-in-france-ker-an-avalenn-registration\/","og_site_name":"Ker an Avalenn","article_modified_time":"2022-12-27T09:38:23+00:00","twitter_card":"summary_large_image","schema":{"@context":"https:\/\/schema.org","@graph":[{"@type":"WebPage","@id":"https:\/\/avalenn-bretagne.com\/en\/meditation-retreat-in-france-ker-an-avalenn-registration\/","url":"https:\/\/avalenn-bretagne.com\/en\/meditation-retreat-in-france-ker-an-avalenn-registration\/","name":"Meditation retreat in France: Ker an Avalenn registration","isPartOf":{"@id":"https:\/\/avalenn-bretagne.com\/en\/#website"},"datePublished":"2022-02-23T13:00:39+00:00","dateModified":"2022-12-27T09:38:23+00:00","description":"Meditation retreat in France: Registration. From 24th to 29th July 2022, Colette Power invites you to a mindful connection in the inspiring setting of Ker an Avalenn","breadcrumb":{"@id":"https:\/\/avalenn-bretagne.com\/en\/meditation-retreat-in-france-ker-an-avalenn-registration\/#breadcrumb"},"inLanguage":"en-US","potentialAction":[{"@type":"ReadAction","target":["https:\/\/avalenn-bretagne.com\/en\/meditation-retreat-in-france-ker-an-avalenn-registration\/"]}]},{"@type":"BreadcrumbList","@id":"https:\/\/avalenn-bretagne.com\/en\/meditation-retreat-in-france-ker-an-avalenn-registration\/#breadcrumb","itemListElement":[{"@type":"ListItem","position":1,"name":"Accueil","item":"https:\/\/avalenn-bretagne.com\/en\/"},{"@type":"ListItem","position":2,"name":"Meditation retreat in France: Ker an Avalenn registration"}]},{"@type":"WebSite","@id":"https:\/\/avalenn-bretagne.com\/en\/#website","url":"https:\/\/avalenn-bretagne.com\/en\/","name":"Ker an Avalenn","description":"Locations saisonni\u00e8res | Organisation d&#039;\u00e9v\u00e9nements","publisher":{"@id":"https:\/\/avalenn-bretagne.com\/en\/#organization"},"potentialAction":[{"@type":"SearchAction","target":{"@type":"EntryPoint","urlTemplate":"https:\/\/avalenn-bretagne.com\/en\/?s={search_term_string}"},"query-input":{"@type":"PropertyValueSpecification","valueRequired":true,"valueName":"search_term_string"}}],"inLanguage":"en-US"},{"@type":"Organization","@id":"https:\/\/avalenn-bretagne.com\/en\/#organization","name":"Ker an Avalenn","url":"https:\/\/avalenn-bretagne.com\/en\/","logo":{"@type":"ImageObject","inLanguage":"en-US","@id":"https:\/\/avalenn-bretagne.com\/en\/#\/schema\/logo\/image\/","url":"https:\/\/avalenn-bretagne.com\/wp-content\/uploads\/2021\/04\/Avalenn-bretagne-logo.png","contentUrl":"https:\/\/avalenn-bretagne.com\/wp-content\/uploads\/2021\/04\/Avalenn-bretagne-logo.png","width":238,"height":100,"caption":"Ker an Avalenn"},"image":{"@id":"https:\/\/avalenn-bretagne.com\/en\/#\/schema\/logo\/image\/"}}]}},"_links":{"self":[{"href":"https:\/\/avalenn-bretagne.com\/en\/wp-json\/wp\/v2\/pages\/2119","targetHints":{"allow":["GET"]}}],"collection":[{"href":"https:\/\/avalenn-bretagne.com\/en\/wp-json\/wp\/v2\/pages"}],"about":[{"href":"https:\/\/avalenn-bretagne.com\/en\/wp-json\/wp\/v2\/types\/page"}],"author":[{"embeddable":true,"href":"https:\/\/avalenn-bretagne.com\/en\/wp-json\/wp\/v2\/users\/1"}],"replies":[{"embeddable":true,"href":"https:\/\/avalenn-bretagne.com\/en\/wp-json\/wp\/v2\/comments?post=2119"}],"version-history":[{"count":0,"href":"https:\/\/avalenn-bretagne.com\/en\/wp-json\/wp\/v2\/pages\/2119\/revisions"}],"wp:attachment":[{"href":"https:\/\/avalenn-bretagne.com\/en\/wp-json\/wp\/v2\/media?parent=2119"}],"curies":[{"name":"wp","href":"https:\/\/api.w.org\/{rel}","templated":true}]}}