{"id":1647,"date":"2021-10-25T12:38:04","date_gmt":"2021-10-25T10:38:04","guid":{"rendered":"https:\/\/avalenn-bretagne.com\/?page_id=1647"},"modified":"2021-10-25T12:38:05","modified_gmt":"2021-10-25T10:38:05","slug":"the-region","status":"publish","type":"page","link":"https:\/\/avalenn-bretagne.com\/en\/the-region\/","title":{"rendered":"The region"},"content":{"rendered":"<div class=\"wpb-content-wrapper\"><p>[vc_row css_animation=&#8221;&#8221; row_type=&#8221;row&#8221; use_row_as_full_screen_section=&#8221;no&#8221; type=&#8221;grid&#8221; angled_section=&#8221;no&#8221; text_align=&#8221;center&#8221; background_image_as_pattern=&#8221;without_pattern&#8221; z_index=&#8221;&#8221; css=&#8221;.vc_custom_1617973382278{padding-top: 102px !important;padding-bottom: 110px !important;}&#8221;][vc_column][vc_column_text]<\/p>\n<h2 style=\"text-align: center;\">Sightseeing and beaches.<\/h2>\n<p>[\/vc_column_text][vc_empty_space height=&#8221;70px&#8221;][vc_column_text]<\/p>\n<p style=\"text-align: left;\">Situated right at the heart of the historic Tr\u00e9gor, half-way between the tourist centers of Lannion and Guingamp (20kms) and at an equal distance from all parts of the tr\u00e9gor coast, from Perros-Guirec to Paimpol (30 kms), from Plestin-les Gr\u00e9ves to Saint-Quay Portrieux (40 kms), and the Ile de Br\u00e9hat (34 kms), the hamlet is a strategic base from which to discover all the main tourist sites of the region while escaping the frenzy of the coast in high<br \/>\nseason. There are numerous fine sandy beaches and the famous pink sands of resorts such as Tregastel, Perros, Tr\u00e9beurden, Ile Grande, Beg L\u00e9guer.<\/p>\n<p style=\"text-align: left;\">And also: The chateaux of Tonquedec, Kergrist and La Roche Jagu, Tr\u00e9guier Cathedral, Beauport Abbey and the historic towns of Lannion and Guingamp.<\/p>\n<p>[\/vc_column_text][vc_empty_space][vc_gallery type=&#8221;image_grid&#8221; images=&#8221;1422,1423,1424,1425,1427,1428,1440,1438,1437,1495,1496,1497,1498,1499,1507&#8243; img_size=&#8221;300&#215;200&#8243; column_number=&#8221;5&#8243; grayscale=&#8221;no&#8221; images_space=&#8221;gallery_with_space&#8221;][\/vc_column][\/vc_row][vc_row css_animation=&#8221;&#8221; row_type=&#8221;row&#8221; use_row_as_full_screen_section=&#8221;no&#8221; type=&#8221;grid&#8221; angled_section=&#8221;no&#8221; text_align=&#8221;center&#8221; background_image_as_pattern=&#8221;without_pattern&#8221; z_index=&#8221;&#8221; css=&#8221;.vc_custom_1617973885912{padding-top: 102px !important;padding-bottom: 110px !important;background-color: #f7f7f7 !important;}&#8221;][vc_column][vc_row_inner row_type=&#8221;row&#8221; type=&#8221;full_width&#8221; text_align=&#8221;left&#8221; css_animation=&#8221;&#8221;][vc_column_inner width=&#8221;1\/2&#8243;][vc_column_text]<\/p>\n<h2 style=\"text-align: center;\">Hiking and Cycling<\/h2>\n<p>[\/vc_column_text][vc_empty_space height=&#8221;70px&#8221;][vc_column_text]Walking and cycling enthusiasts will find the Tr\u00e9gor well served with footpaths and quiet country roads that take you along river banks, through woods and down ancient \u2018sunken\u2019 lanes. For ramblers there is also the mythical \u2018sentier des Douaniers\u2019, the old customs officers path, which follows the Granit rose coast from Paimpol to Ploumanch through spectacular scenery from the glittering sea to the majestically colourful moorlands. Northern Brittany awaits you there.<\/p>\n<p>Discover too the valleys of the rivers Guindy, Donant and Perrier, the circuit of the river Trieux, the M\u00e9nez Br\u00e9, Palacret, Poulloguer Watermill, Br\u00e9lidy, Coatascorn. The Traoui\u00e9ro valley at Tr\u00e9gastel\/Ploumanch, the Armorique Regional Nature Reserve and the magnificent and mysterious Huelgoat Forest an hour\u2019s drive away.[\/vc_column_text][vc_empty_space][\/vc_column_inner][vc_column_inner width=&#8221;1\/2&#8243;][vc_column_text]<\/p>\n<h2 style=\"text-align: center;\">Other activities<\/h2>\n<p>[\/vc_column_text][vc_empty_space height=&#8221;70px&#8221;][vc_column_text]<strong>In the vicinity of B\u00e9gard.<\/strong><br \/>\nRiding stables, 18-hole golf club, the neolithic Kerguezennec menhir, the Sainte-Tunvel de Botl\u00e9zan chapel dating from 15th to 18th Century.<br \/>\nAmoripark and Palacret leisure parks.<\/p>\n<p>&nbsp;<\/p>\n<p><strong>A Belle-Isle-en-Terre<\/strong><br \/>\nInitiation of trout fly fishing in the river.<br \/>\n<strong>In the vicinity of Paimpol<\/strong><br \/>\nGuilben Point, Arcouest Point, the Museum of the sea, the Trieux steam train.<br \/>\n<strong>In and around Perros-Guirec<\/strong><br \/>\nThe Sept Iles nature reserve, the Saint Guirec Chapel and Oratory. The Church of Saint Jacques.<br \/>\n<strong>In and around Tr\u00e9beurden<\/strong><br \/>\nThe marshlands of Quellen, the megalithic covered alley on the Ile Millau.[\/vc_column_text][vc_empty_space][\/vc_column_inner][\/vc_row_inner][vc_gallery type=&#8221;image_grid&#8221; images=&#8221;1431,1433,1508,1509,1510,1511,1512,1500,1501,1502,1503,1504,1505,1506,1434&#8243; img_size=&#8221;300&#215;200&#8243; column_number=&#8221;5&#8243; grayscale=&#8221;no&#8221; images_space=&#8221;gallery_with_space&#8221;][vc_text_separator title=&#8221;Nous serons heureux de partager avec vous nos bonnes adresses !&#8221; border=&#8221;no&#8221; title_color=&#8221;#ffffff&#8221;][vc_empty_space][\/vc_column][\/vc_row]<\/p>\n<\/div>","protected":false},"excerpt":{"rendered":"<p>[vc_row css_animation=&#8221;&#8221; row_type=&#8221;row&#8221; use_row_as_full_screen_section=&#8221;no&#8221; type=&#8221;grid&#8221; angled_section=&#8221;no&#8221; text_align=&#8221;center&#8221; background_image_as_pattern=&#8221;without_pattern&#8221; z_index=&#8221;&#8221; css=&#8221;.vc_custom_1617973382278{padding-top: 102px !important;padding-bottom: 110px !important;}&#8221;][vc_column][vc_column_text] Sightseeing and beaches. [\/vc_column_text][vc_empty_space height=&#8221;70px&#8221;][vc_column_text] Situated right at the heart of the historic Tr\u00e9gor, half-way between the tourist centers of Lannion and Guingamp (20kms) and at an equal distance from all&#8230;<\/p>\n","protected":false},"author":2,"featured_media":0,"parent":0,"menu_order":0,"comment_status":"closed","ping_status":"closed","template":"full_width.php","meta":{"footnotes":""},"class_list":["post-1647","page","type-page","status-publish","hentry"],"yoast_head":"<!-- This site is optimized with the Yoast SEO plugin v26.6 - https:\/\/yoast.com\/wordpress\/plugins\/seo\/ -->\n<title>The region - Ker an Avalenn<\/title>\n<meta name=\"description\" content=\"The region Sightseeing and beaches.Hiking and Cycling Other activitiesIn the vicinity of B\u00e9gard.Belle-Isle-en-Terre In the vicinity of Paimpol\" \/>\n<meta name=\"robots\" content=\"index, follow, max-snippet:-1, max-image-preview:large, max-video-preview:-1\" \/>\n<link rel=\"canonical\" href=\"https:\/\/avalenn-bretagne.com\/en\/the-region\/\" \/>\n<meta property=\"og:locale\" content=\"en_US\" \/>\n<meta property=\"og:type\" content=\"article\" \/>\n<meta property=\"og:title\" content=\"The region - Ker an Avalenn\" \/>\n<meta property=\"og:description\" content=\"The region Sightseeing and beaches.Hiking and Cycling Other activitiesIn the vicinity of B\u00e9gard.Belle-Isle-en-Terre In the vicinity of Paimpol\" \/>\n<meta property=\"og:url\" content=\"https:\/\/avalenn-bretagne.com\/en\/the-region\/\" \/>\n<meta property=\"og:site_name\" content=\"Ker an Avalenn\" \/>\n<meta property=\"article:modified_time\" content=\"2021-10-25T10:38:05+00:00\" \/>\n<meta name=\"twitter:card\" content=\"summary_large_image\" \/>\n<script type=\"application\/ld+json\" class=\"yoast-schema-graph\">{\"@context\":\"https:\/\/schema.org\",\"@graph\":[{\"@type\":\"WebPage\",\"@id\":\"https:\/\/avalenn-bretagne.com\/en\/the-region\/\",\"url\":\"https:\/\/avalenn-bretagne.com\/en\/the-region\/\",\"name\":\"The region - Ker an Avalenn\",\"isPartOf\":{\"@id\":\"https:\/\/avalenn-bretagne.com\/en\/#website\"},\"datePublished\":\"2021-10-25T10:38:04+00:00\",\"dateModified\":\"2021-10-25T10:38:05+00:00\",\"description\":\"The region Sightseeing and beaches.Hiking and Cycling Other activitiesIn the vicinity of B\u00e9gard.Belle-Isle-en-Terre In the vicinity of Paimpol\",\"breadcrumb\":{\"@id\":\"https:\/\/avalenn-bretagne.com\/en\/the-region\/#breadcrumb\"},\"inLanguage\":\"en-US\",\"potentialAction\":[{\"@type\":\"ReadAction\",\"target\":[\"https:\/\/avalenn-bretagne.com\/en\/the-region\/\"]}]},{\"@type\":\"BreadcrumbList\",\"@id\":\"https:\/\/avalenn-bretagne.com\/en\/the-region\/#breadcrumb\",\"itemListElement\":[{\"@type\":\"ListItem\",\"position\":1,\"name\":\"Accueil\",\"item\":\"https:\/\/avalenn-bretagne.com\/en\/\"},{\"@type\":\"ListItem\",\"position\":2,\"name\":\"The region\"}]},{\"@type\":\"WebSite\",\"@id\":\"https:\/\/avalenn-bretagne.com\/en\/#website\",\"url\":\"https:\/\/avalenn-bretagne.com\/en\/\",\"name\":\"Ker an Avalenn\",\"description\":\"Locations saisonni\u00e8res | Organisation d&#039;\u00e9v\u00e9nements\",\"publisher\":{\"@id\":\"https:\/\/avalenn-bretagne.com\/en\/#organization\"},\"potentialAction\":[{\"@type\":\"SearchAction\",\"target\":{\"@type\":\"EntryPoint\",\"urlTemplate\":\"https:\/\/avalenn-bretagne.com\/en\/?s={search_term_string}\"},\"query-input\":{\"@type\":\"PropertyValueSpecification\",\"valueRequired\":true,\"valueName\":\"search_term_string\"}}],\"inLanguage\":\"en-US\"},{\"@type\":\"Organization\",\"@id\":\"https:\/\/avalenn-bretagne.com\/en\/#organization\",\"name\":\"Ker an Avalenn\",\"url\":\"https:\/\/avalenn-bretagne.com\/en\/\",\"logo\":{\"@type\":\"ImageObject\",\"inLanguage\":\"en-US\",\"@id\":\"https:\/\/avalenn-bretagne.com\/en\/#\/schema\/logo\/image\/\",\"url\":\"https:\/\/avalenn-bretagne.com\/wp-content\/uploads\/2021\/04\/Avalenn-bretagne-logo.png\",\"contentUrl\":\"https:\/\/avalenn-bretagne.com\/wp-content\/uploads\/2021\/04\/Avalenn-bretagne-logo.png\",\"width\":238,\"height\":100,\"caption\":\"Ker an Avalenn\"},\"image\":{\"@id\":\"https:\/\/avalenn-bretagne.com\/en\/#\/schema\/logo\/image\/\"}}]}<\/script>\n<!-- \/ Yoast SEO plugin. -->","yoast_head_json":{"title":"The region - Ker an Avalenn","description":"The region Sightseeing and beaches.Hiking and Cycling Other activitiesIn the vicinity of B\u00e9gard.Belle-Isle-en-Terre In the vicinity of Paimpol","robots":{"index":"index","follow":"follow","max-snippet":"max-snippet:-1","max-image-preview":"max-image-preview:large","max-video-preview":"max-video-preview:-1"},"canonical":"https:\/\/avalenn-bretagne.com\/en\/the-region\/","og_locale":"en_US","og_type":"article","og_title":"The region - Ker an Avalenn","og_description":"The region Sightseeing and beaches.Hiking and Cycling Other activitiesIn the vicinity of B\u00e9gard.Belle-Isle-en-Terre In the vicinity of Paimpol","og_url":"https:\/\/avalenn-bretagne.com\/en\/the-region\/","og_site_name":"Ker an Avalenn","article_modified_time":"2021-10-25T10:38:05+00:00","twitter_card":"summary_large_image","schema":{"@context":"https:\/\/schema.org","@graph":[{"@type":"WebPage","@id":"https:\/\/avalenn-bretagne.com\/en\/the-region\/","url":"https:\/\/avalenn-bretagne.com\/en\/the-region\/","name":"The region - Ker an Avalenn","isPartOf":{"@id":"https:\/\/avalenn-bretagne.com\/en\/#website"},"datePublished":"2021-10-25T10:38:04+00:00","dateModified":"2021-10-25T10:38:05+00:00","description":"The region Sightseeing and beaches.Hiking and Cycling Other activitiesIn the vicinity of B\u00e9gard.Belle-Isle-en-Terre In the vicinity of Paimpol","breadcrumb":{"@id":"https:\/\/avalenn-bretagne.com\/en\/the-region\/#breadcrumb"},"inLanguage":"en-US","potentialAction":[{"@type":"ReadAction","target":["https:\/\/avalenn-bretagne.com\/en\/the-region\/"]}]},{"@type":"BreadcrumbList","@id":"https:\/\/avalenn-bretagne.com\/en\/the-region\/#breadcrumb","itemListElement":[{"@type":"ListItem","position":1,"name":"Accueil","item":"https:\/\/avalenn-bretagne.com\/en\/"},{"@type":"ListItem","position":2,"name":"The region"}]},{"@type":"WebSite","@id":"https:\/\/avalenn-bretagne.com\/en\/#website","url":"https:\/\/avalenn-bretagne.com\/en\/","name":"Ker an Avalenn","description":"Locations saisonni\u00e8res | Organisation d&#039;\u00e9v\u00e9nements","publisher":{"@id":"https:\/\/avalenn-bretagne.com\/en\/#organization"},"potentialAction":[{"@type":"SearchAction","target":{"@type":"EntryPoint","urlTemplate":"https:\/\/avalenn-bretagne.com\/en\/?s={search_term_string}"},"query-input":{"@type":"PropertyValueSpecification","valueRequired":true,"valueName":"search_term_string"}}],"inLanguage":"en-US"},{"@type":"Organization","@id":"https:\/\/avalenn-bretagne.com\/en\/#organization","name":"Ker an Avalenn","url":"https:\/\/avalenn-bretagne.com\/en\/","logo":{"@type":"ImageObject","inLanguage":"en-US","@id":"https:\/\/avalenn-bretagne.com\/en\/#\/schema\/logo\/image\/","url":"https:\/\/avalenn-bretagne.com\/wp-content\/uploads\/2021\/04\/Avalenn-bretagne-logo.png","contentUrl":"https:\/\/avalenn-bretagne.com\/wp-content\/uploads\/2021\/04\/Avalenn-bretagne-logo.png","width":238,"height":100,"caption":"Ker an Avalenn"},"image":{"@id":"https:\/\/avalenn-bretagne.com\/en\/#\/schema\/logo\/image\/"}}]}},"_links":{"self":[{"href":"https:\/\/avalenn-bretagne.com\/en\/wp-json\/wp\/v2\/pages\/1647","targetHints":{"allow":["GET"]}}],"collection":[{"href":"https:\/\/avalenn-bretagne.com\/en\/wp-json\/wp\/v2\/pages"}],"about":[{"href":"https:\/\/avalenn-bretagne.com\/en\/wp-json\/wp\/v2\/types\/page"}],"author":[{"embeddable":true,"href":"https:\/\/avalenn-bretagne.com\/en\/wp-json\/wp\/v2\/users\/2"}],"replies":[{"embeddable":true,"href":"https:\/\/avalenn-bretagne.com\/en\/wp-json\/wp\/v2\/comments?post=1647"}],"version-history":[{"count":0,"href":"https:\/\/avalenn-bretagne.com\/en\/wp-json\/wp\/v2\/pages\/1647\/revisions"}],"wp:attachment":[{"href":"https:\/\/avalenn-bretagne.com\/en\/wp-json\/wp\/v2\/media?parent=1647"}],"curies":[{"name":"wp","href":"https:\/\/api.w.org\/{rel}","templated":true}]}}