{"id":1625,"date":"2021-10-22T16:50:50","date_gmt":"2021-10-22T14:50:50","guid":{"rendered":"https:\/\/avalenn-bretagne.com\/?page_id=1625"},"modified":"2022-05-21T17:43:37","modified_gmt":"2022-05-21T15:43:37","slug":"corporate-events","status":"publish","type":"page","link":"https:\/\/avalenn-bretagne.com\/en\/corporate-events\/","title":{"rendered":"Corporate events"},"content":{"rendered":"<div class=\"wpb-content-wrapper\"><p>[vc_row css_animation=&#8221;&#8221; row_type=&#8221;row&#8221; use_row_as_full_screen_section=&#8221;no&#8221; type=&#8221;grid&#8221; angled_section=&#8221;no&#8221; text_align=&#8221;center&#8221; background_image_as_pattern=&#8221;without_pattern&#8221; z_index=&#8221;&#8221; css=&#8221;.vc_custom_1617896719873{padding-top: 100px !important;padding-bottom: 50px !important;}&#8221;][vc_column][vc_column_text]<\/p>\n<h2 style=\"text-align: center;\">Corporate events<\/h2>\n<p>[\/vc_column_text][vc_empty_space height=&#8221;70px&#8221;][vc_row_inner row_type=&#8221;row&#8221; type=&#8221;grid&#8221; text_align=&#8221;left&#8221; css_animation=&#8221;&#8221;][vc_column_inner width=&#8221;1\/2&#8243;][vc_column_text]Have you considered a <strong>corporate retreat or a company away day <\/strong>for your business; a place to connect and bond with colleagues and nature ?<\/p>\n<p>&nbsp;<\/p>\n<p><strong>Facilitate creativity and out of the box thinking<\/strong>, resource yourself in nature, encourage a new kind of relationship with your colleagues in a place that invites <strong>authenticity and team cohesion<\/strong>. Take time out from the office to discover a different way of working, a way that incorporates team-building not only within an indoor working space but outdoors as well through activities such as hiking, outdoor games in the extensive grounds, aquatic outings.[\/vc_column_text][\/vc_column_inner][vc_column_inner width=&#8221;1\/2&#8243;][vc_column_text]You will find that the warm and friendly yet simple atmosphere of Apple Hamlet is perfect for developing a spirit of freedom and collective creativity.<br \/>\nThis unique setting will encourage connection and bonding between team members at the same time as boosting efficacy and motivation.<\/p>\n<p>Ker an Avalenn is the perfect place to associate work and relaxation, to revitalize and to reenergize; it will be an unforgettable experience .[\/vc_column_text][\/vc_column_inner][\/vc_row_inner][vc_empty_space][\/vc_column][\/vc_row][vc_row css_animation=&#8221;&#8221; row_type=&#8221;row&#8221; use_row_as_full_screen_section=&#8221;no&#8221; type=&#8221;grid&#8221; angled_section=&#8221;no&#8221; text_align=&#8221;center&#8221; background_image_as_pattern=&#8221;without_pattern&#8221; z_index=&#8221;&#8221; css=&#8221;.vc_custom_1618995298149{padding-top: 100px !important;padding-bottom: 50px !important;background-color: #f7f7f7 !important;}&#8221;][vc_column][vc_row_inner row_type=&#8221;row&#8221; type=&#8221;grid&#8221; text_align=&#8221;left&#8221; css_animation=&#8221;&#8221;][vc_column_inner][vc_column_text]<\/p>\n<h4 style=\"text-align: center;\">The meeting room.<\/h4>\n<h4 style=\"text-align: center;\">The meeting room is offering\u00a0 a fully-equiped and connected space for your business meetings and events.<\/h4>\n<p>[\/vc_column_text][\/vc_column_inner][\/vc_row_inner][vc_empty_space][vc_row_inner row_type=&#8221;row&#8221; type=&#8221;full_width&#8221; text_align=&#8221;left&#8221; css_animation=&#8221;&#8221;][vc_column_inner width=&#8221;5\/6&#8243; css=&#8221;.vc_custom_1617905002069{border-top-width: 2px !important;border-right-width: 2px !important;border-bottom-width: 2px !important;border-left-width: 2px !important;padding-top: 40px !important;background-color: #f7f7f7 !important;border-left-color: #76b0ac !important;border-left-style: solid !important;border-right-color: #76b0ac !important;border-right-style: solid !important;border-top-color: #76b0ac !important;border-top-style: solid !important;border-bottom-color: #76b0ac !important;border-bottom-style: solid !important;border-radius: 5px !important;}&#8221; offset=&#8221;vc_col-md-7&#8243;][vc_column_text]<strong>The room <\/strong>: 48m2<\/p>\n<p>&nbsp;<\/p>\n<p><strong>Capacity<\/strong> : depending on the set-up of the room, until <strong>25\u00a0people<\/strong><\/p>\n<p>&nbsp;<\/p>\n<p><strong>Material<\/strong>: sound system, video-projector, screen, Wi-Fi<\/p>\n<p>&nbsp;<\/p>\n<p><strong>Catering<\/strong>: in the auberge, provided by off-site caterer<\/p>\n<p>&nbsp;<\/p>\n<p><strong>Accommodation<\/strong>: There is on-site accommodation for up to 15 people. Further accommodation is available nearby with our partners.[\/vc_column_text][vc_empty_space][\/vc_column_inner][vc_column_inner width=&#8221;1\/6&#8243; offset=&#8221;vc_col-md-5&#8243;]<div class='q_icon_with_title tiny normal_icon '><div class=\"icon_holder \" style=\" \"><span data-icon-type=\"normal\" style=\"font-size: 20px\" class=\"qode_iwt_icon_holder q_font_awsome_icon fa-lg  \"><i class=\"qode_icon_font_awesome fa fa-users qode_iwt_icon_element\" style=\"color: #cbb6b4\"><\/i><\/span><\/div><div class=\"icon_text_holder\" style=\"padding-left:35px;\"><div class=\"icon_text_inner\" style=\"\"><h6 class=\"icon_title\" style=\"\">Capacity<\/h6><p style=''>depending on the set-up until 25 people<\/p><\/div><\/div><\/div><div class='q_icon_with_title tiny normal_icon '><div class=\"icon_holder \" style=\" \"><span data-icon-type=\"normal\" style=\"font-size: 20px\" class=\"qode_iwt_icon_holder q_font_awsome_icon fa-lg  \"><i class=\"qode_icon_font_awesome fa fa-bed qode_iwt_icon_element\" style=\"color: #cbb6b4\"><\/i><\/span><\/div><div class=\"icon_text_holder\" style=\"padding-left:35px;\"><div class=\"icon_text_inner\" style=\"\"><h6 class=\"icon_title\" style=\"\">Accommodation<\/h6><p style=''>There is on-site accommodation for up to 15 people. Further accommodation is available nearby with our partners.<\/p><\/div><\/div><\/div><div class='q_icon_with_title tiny normal_icon '><div class=\"icon_holder \" style=\" \"><span data-icon-type=\"normal\" style=\"font-size: 20px\" class=\"qode_iwt_icon_holder q_font_awsome_icon fa-lg  \"><i class=\"qode_icon_font_awesome_5 fa5 fa fa-photo-video qode_iwt_icon_element\" style=\"color: #cbb6b4\"><\/i><\/span><\/div><div class=\"icon_text_holder\" style=\"padding-left:35px;\"><div class=\"icon_text_inner\" style=\"\"><h6 class=\"icon_title\" style=\"\">Material<\/h6><p style=''>sound system, video-projector, screen<\/p><\/div><\/div><\/div><div class='q_icon_with_title tiny normal_icon '><div class=\"icon_holder \" style=\" \"><span data-icon-type=\"normal\" style=\"font-size: 20px\" class=\"qode_iwt_icon_holder q_font_awsome_icon fa-lg  \"><i class=\"qode_icon_font_awesome fa fa-wifi qode_iwt_icon_element\" style=\"color: #cbb6b4\"><\/i><\/span><\/div><div class=\"icon_text_holder\" style=\"padding-left:35px;\"><div class=\"icon_text_inner\" style=\"\"><h6 class=\"icon_title\" style=\"\">Wifi<\/h6><p style=''><\/p><\/div><\/div><\/div><div class='q_icon_with_title tiny normal_icon '><div class=\"icon_holder \" style=\" \"><span data-icon-type=\"normal\" style=\"font-size: 20px\" class=\"qode_iwt_icon_holder q_font_awsome_icon fa-lg  \"><i class=\"qode_icon_font_awesome_5 fa5 fa fa-utensils qode_iwt_icon_element\" style=\"color: #cbb6b4\"><\/i><\/span><\/div><div class=\"icon_text_holder\" style=\"padding-left:35px;\"><div class=\"icon_text_inner\" style=\"\"><h6 class=\"icon_title\" style=\"\">Catering<\/h6><p style=''>in the auberge, provided by off-site caterer<\/p><\/div><\/div><\/div>[\/vc_column_inner][\/vc_row_inner][vc_row_inner row_type=&#8221;row&#8221; type=&#8221;full_width&#8221; text_align=&#8221;left&#8221; css_animation=&#8221;&#8221;][vc_column_inner width=&#8221;5\/6&#8243; offset=&#8221;vc_col-md-7&#8243;][vc_empty_space][vc_gallery type=&#8221;image_grid&#8221; images=&#8221;1492,1520,1521&#8243; img_size=&#8221;300&#215;200&#8243; column_number=&#8221;3&#8243; grayscale=&#8221;no&#8221; images_space=&#8221;gallery_without_space&#8221;][\/vc_column_inner][vc_column_inner width=&#8221;1\/6&#8243; offset=&#8221;vc_col-md-5&#8243;]<div class='q_icon_with_title tiny normal_icon '><div class=\"icon_holder \" style=\" \"><span data-icon-type=\"normal\" style=\"font-size: 20px\" class=\"qode_iwt_icon_holder q_font_awsome_icon fa-lg  \"><i class=\"qode_icon_font_awesome_5 fa5 fa fa-edit qode_iwt_icon_element\" style=\"color: #76b0ac\"><\/i><\/span><\/div><div class=\"icon_text_holder\" style=\"padding-left:35px;\"><div class=\"icon_text_inner\" style=\"\"><h6 class=\"icon_title\" style=\"\">Quote<\/h6><p style=''>Customized quotes on request<\/p><\/div><\/div><\/div><a  itemprop=\"url\" href=\"https:\/\/avalenn-bretagne.com\/en\/contact-access\/\" target=\"_self\"  class=\"qbutton  default\" style=\"\">Contact<\/a>[\/vc_column_inner][\/vc_row_inner][\/vc_column][\/vc_row]<\/p>\n<\/div>","protected":false},"excerpt":{"rendered":"<p>[vc_row css_animation=&#8221;&#8221; row_type=&#8221;row&#8221; use_row_as_full_screen_section=&#8221;no&#8221; type=&#8221;grid&#8221; angled_section=&#8221;no&#8221; text_align=&#8221;center&#8221; background_image_as_pattern=&#8221;without_pattern&#8221; z_index=&#8221;&#8221; css=&#8221;.vc_custom_1617896719873{padding-top: 100px !important;padding-bottom: 50px !important;}&#8221;][vc_column][vc_column_text] Corporate events [\/vc_column_text][vc_empty_space height=&#8221;70px&#8221;][vc_row_inner row_type=&#8221;row&#8221; type=&#8221;grid&#8221; text_align=&#8221;left&#8221; css_animation=&#8221;&#8221;][vc_column_inner width=&#8221;1\/2&#8243;][vc_column_text]Have you considered a corporate retreat or a company away day for your business; a place to connect and bond with colleagues and&#8230;<\/p>\n","protected":false},"author":2,"featured_media":0,"parent":0,"menu_order":0,"comment_status":"closed","ping_status":"closed","template":"full_width.php","meta":{"footnotes":""},"class_list":["post-1625","page","type-page","status-publish","hentry"],"yoast_head":"<!-- This site is optimized with the Yoast SEO plugin v27.3 - https:\/\/yoast.com\/product\/yoast-seo-wordpress\/ -->\n<title>Corporate events - Ker an Avalenn<\/title>\n<meta name=\"description\" content=\"Have you considered a corporate retreat or a company away day for your business; a place to connect and bond with colleagues and nature?\" \/>\n<meta name=\"robots\" content=\"index, follow, max-snippet:-1, max-image-preview:large, max-video-preview:-1\" \/>\n<link rel=\"canonical\" href=\"https:\/\/avalenn-bretagne.com\/en\/corporate-events\/\" \/>\n<meta property=\"og:locale\" content=\"en_US\" \/>\n<meta property=\"og:type\" content=\"article\" \/>\n<meta property=\"og:title\" content=\"Corporate events - Ker an Avalenn\" \/>\n<meta property=\"og:description\" content=\"Have you considered a corporate retreat or a company away day for your business; a place to connect and bond with colleagues and nature?\" \/>\n<meta property=\"og:url\" content=\"https:\/\/avalenn-bretagne.com\/en\/corporate-events\/\" \/>\n<meta property=\"og:site_name\" content=\"Ker an Avalenn\" \/>\n<meta property=\"article:modified_time\" content=\"2022-05-21T15:43:37+00:00\" \/>\n<meta name=\"twitter:card\" content=\"summary_large_image\" \/>\n<script type=\"application\/ld+json\" class=\"yoast-schema-graph\">{\"@context\":\"https:\\\/\\\/schema.org\",\"@graph\":[{\"@type\":\"WebPage\",\"@id\":\"https:\\\/\\\/avalenn-bretagne.com\\\/en\\\/corporate-events\\\/\",\"url\":\"https:\\\/\\\/avalenn-bretagne.com\\\/en\\\/corporate-events\\\/\",\"name\":\"Corporate events - Ker an Avalenn\",\"isPartOf\":{\"@id\":\"https:\\\/\\\/avalenn-bretagne.com\\\/en\\\/#website\"},\"datePublished\":\"2021-10-22T14:50:50+00:00\",\"dateModified\":\"2022-05-21T15:43:37+00:00\",\"description\":\"Have you considered a corporate retreat or a company away day for your business; a place to connect and bond with colleagues and nature?\",\"breadcrumb\":{\"@id\":\"https:\\\/\\\/avalenn-bretagne.com\\\/en\\\/corporate-events\\\/#breadcrumb\"},\"inLanguage\":\"en-US\",\"potentialAction\":[{\"@type\":\"ReadAction\",\"target\":[\"https:\\\/\\\/avalenn-bretagne.com\\\/en\\\/corporate-events\\\/\"]}]},{\"@type\":\"BreadcrumbList\",\"@id\":\"https:\\\/\\\/avalenn-bretagne.com\\\/en\\\/corporate-events\\\/#breadcrumb\",\"itemListElement\":[{\"@type\":\"ListItem\",\"position\":1,\"name\":\"Accueil\",\"item\":\"https:\\\/\\\/avalenn-bretagne.com\\\/en\\\/\"},{\"@type\":\"ListItem\",\"position\":2,\"name\":\"Corporate events\"}]},{\"@type\":\"WebSite\",\"@id\":\"https:\\\/\\\/avalenn-bretagne.com\\\/en\\\/#website\",\"url\":\"https:\\\/\\\/avalenn-bretagne.com\\\/en\\\/\",\"name\":\"Ker an Avalenn\",\"description\":\"Locations saisonni\u00e8res | Organisation d&#039;\u00e9v\u00e9nements\",\"publisher\":{\"@id\":\"https:\\\/\\\/avalenn-bretagne.com\\\/en\\\/#organization\"},\"potentialAction\":[{\"@type\":\"SearchAction\",\"target\":{\"@type\":\"EntryPoint\",\"urlTemplate\":\"https:\\\/\\\/avalenn-bretagne.com\\\/en\\\/?s={search_term_string}\"},\"query-input\":{\"@type\":\"PropertyValueSpecification\",\"valueRequired\":true,\"valueName\":\"search_term_string\"}}],\"inLanguage\":\"en-US\"},{\"@type\":\"Organization\",\"@id\":\"https:\\\/\\\/avalenn-bretagne.com\\\/en\\\/#organization\",\"name\":\"Ker an Avalenn\",\"url\":\"https:\\\/\\\/avalenn-bretagne.com\\\/en\\\/\",\"logo\":{\"@type\":\"ImageObject\",\"inLanguage\":\"en-US\",\"@id\":\"https:\\\/\\\/avalenn-bretagne.com\\\/en\\\/#\\\/schema\\\/logo\\\/image\\\/\",\"url\":\"https:\\\/\\\/avalenn-bretagne.com\\\/wp-content\\\/uploads\\\/2021\\\/04\\\/Avalenn-bretagne-logo.png\",\"contentUrl\":\"https:\\\/\\\/avalenn-bretagne.com\\\/wp-content\\\/uploads\\\/2021\\\/04\\\/Avalenn-bretagne-logo.png\",\"width\":238,\"height\":100,\"caption\":\"Ker an Avalenn\"},\"image\":{\"@id\":\"https:\\\/\\\/avalenn-bretagne.com\\\/en\\\/#\\\/schema\\\/logo\\\/image\\\/\"}}]}<\/script>\n<!-- \/ Yoast SEO plugin. -->","yoast_head_json":{"title":"Corporate events - Ker an Avalenn","description":"Have you considered a corporate retreat or a company away day for your business; a place to connect and bond with colleagues and nature?","robots":{"index":"index","follow":"follow","max-snippet":"max-snippet:-1","max-image-preview":"max-image-preview:large","max-video-preview":"max-video-preview:-1"},"canonical":"https:\/\/avalenn-bretagne.com\/en\/corporate-events\/","og_locale":"en_US","og_type":"article","og_title":"Corporate events - Ker an Avalenn","og_description":"Have you considered a corporate retreat or a company away day for your business; a place to connect and bond with colleagues and nature?","og_url":"https:\/\/avalenn-bretagne.com\/en\/corporate-events\/","og_site_name":"Ker an Avalenn","article_modified_time":"2022-05-21T15:43:37+00:00","twitter_card":"summary_large_image","schema":{"@context":"https:\/\/schema.org","@graph":[{"@type":"WebPage","@id":"https:\/\/avalenn-bretagne.com\/en\/corporate-events\/","url":"https:\/\/avalenn-bretagne.com\/en\/corporate-events\/","name":"Corporate events - Ker an Avalenn","isPartOf":{"@id":"https:\/\/avalenn-bretagne.com\/en\/#website"},"datePublished":"2021-10-22T14:50:50+00:00","dateModified":"2022-05-21T15:43:37+00:00","description":"Have you considered a corporate retreat or a company away day for your business; a place to connect and bond with colleagues and nature?","breadcrumb":{"@id":"https:\/\/avalenn-bretagne.com\/en\/corporate-events\/#breadcrumb"},"inLanguage":"en-US","potentialAction":[{"@type":"ReadAction","target":["https:\/\/avalenn-bretagne.com\/en\/corporate-events\/"]}]},{"@type":"BreadcrumbList","@id":"https:\/\/avalenn-bretagne.com\/en\/corporate-events\/#breadcrumb","itemListElement":[{"@type":"ListItem","position":1,"name":"Accueil","item":"https:\/\/avalenn-bretagne.com\/en\/"},{"@type":"ListItem","position":2,"name":"Corporate events"}]},{"@type":"WebSite","@id":"https:\/\/avalenn-bretagne.com\/en\/#website","url":"https:\/\/avalenn-bretagne.com\/en\/","name":"Ker an Avalenn","description":"Locations saisonni\u00e8res | Organisation d&#039;\u00e9v\u00e9nements","publisher":{"@id":"https:\/\/avalenn-bretagne.com\/en\/#organization"},"potentialAction":[{"@type":"SearchAction","target":{"@type":"EntryPoint","urlTemplate":"https:\/\/avalenn-bretagne.com\/en\/?s={search_term_string}"},"query-input":{"@type":"PropertyValueSpecification","valueRequired":true,"valueName":"search_term_string"}}],"inLanguage":"en-US"},{"@type":"Organization","@id":"https:\/\/avalenn-bretagne.com\/en\/#organization","name":"Ker an Avalenn","url":"https:\/\/avalenn-bretagne.com\/en\/","logo":{"@type":"ImageObject","inLanguage":"en-US","@id":"https:\/\/avalenn-bretagne.com\/en\/#\/schema\/logo\/image\/","url":"https:\/\/avalenn-bretagne.com\/wp-content\/uploads\/2021\/04\/Avalenn-bretagne-logo.png","contentUrl":"https:\/\/avalenn-bretagne.com\/wp-content\/uploads\/2021\/04\/Avalenn-bretagne-logo.png","width":238,"height":100,"caption":"Ker an Avalenn"},"image":{"@id":"https:\/\/avalenn-bretagne.com\/en\/#\/schema\/logo\/image\/"}}]}},"_links":{"self":[{"href":"https:\/\/avalenn-bretagne.com\/en\/wp-json\/wp\/v2\/pages\/1625","targetHints":{"allow":["GET"]}}],"collection":[{"href":"https:\/\/avalenn-bretagne.com\/en\/wp-json\/wp\/v2\/pages"}],"about":[{"href":"https:\/\/avalenn-bretagne.com\/en\/wp-json\/wp\/v2\/types\/page"}],"author":[{"embeddable":true,"href":"https:\/\/avalenn-bretagne.com\/en\/wp-json\/wp\/v2\/users\/2"}],"replies":[{"embeddable":true,"href":"https:\/\/avalenn-bretagne.com\/en\/wp-json\/wp\/v2\/comments?post=1625"}],"version-history":[{"count":0,"href":"https:\/\/avalenn-bretagne.com\/en\/wp-json\/wp\/v2\/pages\/1625\/revisions"}],"wp:attachment":[{"href":"https:\/\/avalenn-bretagne.com\/en\/wp-json\/wp\/v2\/media?parent=1625"}],"curies":[{"name":"wp","href":"https:\/\/api.w.org\/{rel}","templated":true}]}}