{"id":1616,"date":"2021-10-22T16:29:00","date_gmt":"2021-10-22T14:29:00","guid":{"rendered":"https:\/\/avalenn-bretagne.com\/?page_id=1616"},"modified":"2021-10-22T16:34:58","modified_gmt":"2021-10-22T14:34:58","slug":"personal-events","status":"publish","type":"page","link":"https:\/\/avalenn-bretagne.com\/en\/personal-events\/","title":{"rendered":"Personal events"},"content":{"rendered":"<div class=\"wpb-content-wrapper\"><p>[vc_row css_animation=&#8221;&#8221; row_type=&#8221;row&#8221; use_row_as_full_screen_section=&#8221;no&#8221; type=&#8221;grid&#8221; angled_section=&#8221;no&#8221; text_align=&#8221;center&#8221; background_image_as_pattern=&#8221;without_pattern&#8221; z_index=&#8221;&#8221; css=&#8221;.vc_custom_1617960965839{padding-top: 100px !important;padding-bottom: 50px !important;}&#8221;][vc_column][vc_column_text]<\/p>\n<h2 style=\"text-align: center;\">Personal events<\/h2>\n<p>[\/vc_column_text][vc_empty_space][vc_row_inner row_type=&#8221;row&#8221; type=&#8221;grid&#8221; text_align=&#8221;left&#8221; css_animation=&#8221;&#8221;][vc_column_inner][vc_column_text]<\/p>\n<p style=\"text-align: left;\">Ker an Avalenn is the ideal setting in which to organize your happy event. Our team is here to assist you in the organisation of wedding celebrations, anniversaries, family gatherings, etc and to ensure that your celebratory event be an unforgettable one.<br \/>\nWe can of course take care of all aspects of the organisation from the catering to the photographer, and why not discuss with us the possibility of adding a little fantasy or coming up with a novel surprise to impress your guests. We rarely run out of ideas!<\/p>\n<p>[\/vc_column_text][\/vc_column_inner][\/vc_row_inner][vc_empty_space][vc_row_inner row_type=&#8221;row&#8221; type=&#8221;full_width&#8221; text_align=&#8221;left&#8221; css_animation=&#8221;&#8221;][vc_column_inner width=&#8221;5\/6&#8243; css=&#8221;.vc_custom_1617905002069{border-top-width: 2px !important;border-right-width: 2px !important;border-bottom-width: 2px !important;border-left-width: 2px !important;padding-top: 40px !important;background-color: #f7f7f7 !important;border-left-color: #76b0ac !important;border-left-style: solid !important;border-right-color: #76b0ac !important;border-right-style: solid !important;border-top-color: #76b0ac !important;border-top-style: solid !important;border-bottom-color: #76b0ac !important;border-bottom-style: solid !important;border-radius: 5px !important;}&#8221; offset=&#8221;vc_col-md-7&#8243;][vc_column_text]<strong>Reception room <\/strong>: 48m2 in the process of renovation<\/p>\n<p>&nbsp;<\/p>\n<p><strong>Equipment <\/strong>: sound system, screen, video projector, wifi<\/p>\n<p>&nbsp;<\/p>\n<p><strong>Catering<\/strong> : We can take care of all aspects of the catering.<\/p>\n<p>&nbsp;<\/p>\n<p><strong>Accommodation\u00a0<\/strong>: up to 15 guests can be accommodated in<br \/>\nthe hamlet and further accommodation is available with other personally vetted hosts in the vicinity.[\/vc_column_text][vc_empty_space][\/vc_column_inner][vc_column_inner width=&#8221;1\/6&#8243; offset=&#8221;vc_col-md-5&#8243;]<div class='q_icon_with_title tiny normal_icon '><div class=\"icon_holder \" style=\" \"><span data-icon-type=\"normal\" style=\"font-size: 20px\" class=\"qode_iwt_icon_holder q_font_awsome_icon fa-lg  \"><i class=\"qode_icon_font_awesome fa fa-bed qode_iwt_icon_element\" style=\"color: #cbb6b4\"><\/i><\/span><\/div><div class=\"icon_text_holder\" style=\"padding-left:35px;\"><div class=\"icon_text_inner\" style=\"\"><h6 class=\"icon_title\" style=\"\">Accommodation<\/h6><p style=''>up to 15 guests can be accommodated in the hamlet and further accommodation is available with other personally vetted hosts in the vicinity.<\/p><\/div><\/div><\/div><div class='q_icon_with_title tiny normal_icon '><div class=\"icon_holder \" style=\" \"><span data-icon-type=\"normal\" style=\"font-size: 20px\" class=\"qode_iwt_icon_holder q_font_awsome_icon fa-lg  \"><i class=\"qode_icon_font_awesome_5 fa5 fa fa-photo-video qode_iwt_icon_element\" style=\"color: #cbb6b4\"><\/i><\/span><\/div><div class=\"icon_text_holder\" style=\"padding-left:35px;\"><div class=\"icon_text_inner\" style=\"\"><h6 class=\"icon_title\" style=\"\">Equipment<\/h6><p style=''>sound system, screen, video projector<\/p><\/div><\/div><\/div><div class='q_icon_with_title tiny normal_icon '><div class=\"icon_holder \" style=\" \"><span data-icon-type=\"normal\" style=\"font-size: 20px\" class=\"qode_iwt_icon_holder q_font_awsome_icon fa-lg  \"><i class=\"qode_icon_font_awesome fa fa-picture-o qode_iwt_icon_element\" style=\"color: #cbb6b4\"><\/i><\/span><\/div><div class=\"icon_text_holder\" style=\"padding-left:35px;\"><div class=\"icon_text_inner\" style=\"\"><h6 class=\"icon_title\" style=\"\">Photographe<\/h6><p style=''>Nous pouvons nous occuper aussi de vous proposer un photographe<\/p><\/div><\/div><\/div><div class='q_icon_with_title tiny normal_icon '><div class=\"icon_holder \" style=\" \"><span data-icon-type=\"normal\" style=\"font-size: 20px\" class=\"qode_iwt_icon_holder q_font_awsome_icon fa-lg  \"><i class=\"qode_icon_font_awesome fa fa-wifi qode_iwt_icon_element\" style=\"color: #cbb6b4\"><\/i><\/span><\/div><div class=\"icon_text_holder\" style=\"padding-left:35px;\"><div class=\"icon_text_inner\" style=\"\"><h6 class=\"icon_title\" style=\"\">Wifi<\/h6><p style=''><\/p><\/div><\/div><\/div><div class='q_icon_with_title tiny normal_icon '><div class=\"icon_holder \" style=\" \"><span data-icon-type=\"normal\" style=\"font-size: 20px\" class=\"qode_iwt_icon_holder q_font_awsome_icon fa-lg  \"><i class=\"qode_icon_font_awesome_5 fa5 fa fa-utensils qode_iwt_icon_element\" style=\"color: #cbb6b4\"><\/i><\/span><\/div><div class=\"icon_text_holder\" style=\"padding-left:35px;\"><div class=\"icon_text_inner\" style=\"\"><h6 class=\"icon_title\" style=\"\">Catering<\/h6><p style=''>We can take care of all aspects of the catering...<\/p><\/div><\/div><\/div>[\/vc_column_inner][\/vc_row_inner][vc_row_inner row_type=&#8221;row&#8221; type=&#8221;full_width&#8221; text_align=&#8221;left&#8221; css_animation=&#8221;&#8221;][vc_column_inner width=&#8221;5\/6&#8243; offset=&#8221;vc_col-md-7&#8243;][vc_gallery type=&#8221;image_grid&#8221; images=&#8221;1492,1482,1483&#8243; img_size=&#8221;300&#215;200&#8243; column_number=&#8221;3&#8243; grayscale=&#8221;no&#8221; images_space=&#8221;gallery_without_space&#8221;][\/vc_column_inner][vc_column_inner width=&#8221;1\/6&#8243; offset=&#8221;vc_col-md-5&#8243;]<div class='q_icon_with_title tiny normal_icon '><div class=\"icon_holder \" style=\" \"><span data-icon-type=\"normal\" style=\"font-size: 20px\" class=\"qode_iwt_icon_holder q_font_awsome_icon fa-lg  \"><i class=\"qode_icon_font_awesome_5 fa5 fa fa-edit qode_iwt_icon_element\" style=\"color: #76b0ac\"><\/i><\/span><\/div><div class=\"icon_text_holder\" style=\"padding-left:35px;\"><div class=\"icon_text_inner\" style=\"\"><h6 class=\"icon_title\" style=\"\">Quotes<\/h6><p style=''>Customized quotes on request<\/p><\/div><\/div><\/div><a  itemprop=\"url\" href=\"https:\/\/avalenn-bretagne.com\/en\/contact-access\/\" target=\"_self\"  class=\"qbutton  default\" style=\"\">Contact<\/a>[\/vc_column_inner][\/vc_row_inner][\/vc_column][\/vc_row]<\/p>\n<\/div>","protected":false},"excerpt":{"rendered":"<p>[vc_row css_animation=&#8221;&#8221; row_type=&#8221;row&#8221; use_row_as_full_screen_section=&#8221;no&#8221; type=&#8221;grid&#8221; angled_section=&#8221;no&#8221; text_align=&#8221;center&#8221; background_image_as_pattern=&#8221;without_pattern&#8221; z_index=&#8221;&#8221; css=&#8221;.vc_custom_1617960965839{padding-top: 100px !important;padding-bottom: 50px !important;}&#8221;][vc_column][vc_column_text] Personal events [\/vc_column_text][vc_empty_space][vc_row_inner row_type=&#8221;row&#8221; type=&#8221;grid&#8221; text_align=&#8221;left&#8221; css_animation=&#8221;&#8221;][vc_column_inner][vc_column_text] Ker an Avalenn is the ideal setting in which to organize your happy event. Our team is here to assist you in the organisation&#8230;<\/p>\n","protected":false},"author":2,"featured_media":0,"parent":0,"menu_order":0,"comment_status":"closed","ping_status":"closed","template":"full_width.php","meta":{"footnotes":""},"class_list":["post-1616","page","type-page","status-publish","hentry"],"yoast_head":"<!-- This site is optimized with the Yoast SEO plugin v26.6 - https:\/\/yoast.com\/wordpress\/plugins\/seo\/ -->\n<title>Personal events - Ker an Avalenn<\/title>\n<meta name=\"description\" content=\"Ker an Avalenn is the ideal setting in which to organize your happy event. Our team is here to assist you in the organisation of wedding...\" \/>\n<meta name=\"robots\" content=\"index, follow, max-snippet:-1, max-image-preview:large, max-video-preview:-1\" \/>\n<link rel=\"canonical\" href=\"https:\/\/avalenn-bretagne.com\/en\/personal-events\/\" \/>\n<meta property=\"og:locale\" content=\"en_US\" \/>\n<meta property=\"og:type\" content=\"article\" \/>\n<meta property=\"og:title\" content=\"Personal events - Ker an Avalenn\" \/>\n<meta property=\"og:description\" content=\"Ker an Avalenn is the ideal setting in which to organize your happy event. Our team is here to assist you in the organisation of wedding...\" \/>\n<meta property=\"og:url\" content=\"https:\/\/avalenn-bretagne.com\/en\/personal-events\/\" \/>\n<meta property=\"og:site_name\" content=\"Ker an Avalenn\" \/>\n<meta property=\"article:modified_time\" content=\"2021-10-22T14:34:58+00:00\" \/>\n<meta name=\"twitter:card\" content=\"summary_large_image\" \/>\n<script type=\"application\/ld+json\" class=\"yoast-schema-graph\">{\"@context\":\"https:\/\/schema.org\",\"@graph\":[{\"@type\":\"WebPage\",\"@id\":\"https:\/\/avalenn-bretagne.com\/en\/personal-events\/\",\"url\":\"https:\/\/avalenn-bretagne.com\/en\/personal-events\/\",\"name\":\"Personal events - Ker an Avalenn\",\"isPartOf\":{\"@id\":\"https:\/\/avalenn-bretagne.com\/en\/#website\"},\"datePublished\":\"2021-10-22T14:29:00+00:00\",\"dateModified\":\"2021-10-22T14:34:58+00:00\",\"description\":\"Ker an Avalenn is the ideal setting in which to organize your happy event. Our team is here to assist you in the organisation of wedding...\",\"breadcrumb\":{\"@id\":\"https:\/\/avalenn-bretagne.com\/en\/personal-events\/#breadcrumb\"},\"inLanguage\":\"en-US\",\"potentialAction\":[{\"@type\":\"ReadAction\",\"target\":[\"https:\/\/avalenn-bretagne.com\/en\/personal-events\/\"]}]},{\"@type\":\"BreadcrumbList\",\"@id\":\"https:\/\/avalenn-bretagne.com\/en\/personal-events\/#breadcrumb\",\"itemListElement\":[{\"@type\":\"ListItem\",\"position\":1,\"name\":\"Accueil\",\"item\":\"https:\/\/avalenn-bretagne.com\/en\/\"},{\"@type\":\"ListItem\",\"position\":2,\"name\":\"Personal events\"}]},{\"@type\":\"WebSite\",\"@id\":\"https:\/\/avalenn-bretagne.com\/en\/#website\",\"url\":\"https:\/\/avalenn-bretagne.com\/en\/\",\"name\":\"Ker an Avalenn\",\"description\":\"Locations saisonni\u00e8res | Organisation d&#039;\u00e9v\u00e9nements\",\"publisher\":{\"@id\":\"https:\/\/avalenn-bretagne.com\/en\/#organization\"},\"potentialAction\":[{\"@type\":\"SearchAction\",\"target\":{\"@type\":\"EntryPoint\",\"urlTemplate\":\"https:\/\/avalenn-bretagne.com\/en\/?s={search_term_string}\"},\"query-input\":{\"@type\":\"PropertyValueSpecification\",\"valueRequired\":true,\"valueName\":\"search_term_string\"}}],\"inLanguage\":\"en-US\"},{\"@type\":\"Organization\",\"@id\":\"https:\/\/avalenn-bretagne.com\/en\/#organization\",\"name\":\"Ker an Avalenn\",\"url\":\"https:\/\/avalenn-bretagne.com\/en\/\",\"logo\":{\"@type\":\"ImageObject\",\"inLanguage\":\"en-US\",\"@id\":\"https:\/\/avalenn-bretagne.com\/en\/#\/schema\/logo\/image\/\",\"url\":\"https:\/\/avalenn-bretagne.com\/wp-content\/uploads\/2021\/04\/Avalenn-bretagne-logo.png\",\"contentUrl\":\"https:\/\/avalenn-bretagne.com\/wp-content\/uploads\/2021\/04\/Avalenn-bretagne-logo.png\",\"width\":238,\"height\":100,\"caption\":\"Ker an Avalenn\"},\"image\":{\"@id\":\"https:\/\/avalenn-bretagne.com\/en\/#\/schema\/logo\/image\/\"}}]}<\/script>\n<!-- \/ Yoast SEO plugin. -->","yoast_head_json":{"title":"Personal events - Ker an Avalenn","description":"Ker an Avalenn is the ideal setting in which to organize your happy event. Our team is here to assist you in the organisation of wedding...","robots":{"index":"index","follow":"follow","max-snippet":"max-snippet:-1","max-image-preview":"max-image-preview:large","max-video-preview":"max-video-preview:-1"},"canonical":"https:\/\/avalenn-bretagne.com\/en\/personal-events\/","og_locale":"en_US","og_type":"article","og_title":"Personal events - Ker an Avalenn","og_description":"Ker an Avalenn is the ideal setting in which to organize your happy event. Our team is here to assist you in the organisation of wedding...","og_url":"https:\/\/avalenn-bretagne.com\/en\/personal-events\/","og_site_name":"Ker an Avalenn","article_modified_time":"2021-10-22T14:34:58+00:00","twitter_card":"summary_large_image","schema":{"@context":"https:\/\/schema.org","@graph":[{"@type":"WebPage","@id":"https:\/\/avalenn-bretagne.com\/en\/personal-events\/","url":"https:\/\/avalenn-bretagne.com\/en\/personal-events\/","name":"Personal events - Ker an Avalenn","isPartOf":{"@id":"https:\/\/avalenn-bretagne.com\/en\/#website"},"datePublished":"2021-10-22T14:29:00+00:00","dateModified":"2021-10-22T14:34:58+00:00","description":"Ker an Avalenn is the ideal setting in which to organize your happy event. Our team is here to assist you in the organisation of wedding...","breadcrumb":{"@id":"https:\/\/avalenn-bretagne.com\/en\/personal-events\/#breadcrumb"},"inLanguage":"en-US","potentialAction":[{"@type":"ReadAction","target":["https:\/\/avalenn-bretagne.com\/en\/personal-events\/"]}]},{"@type":"BreadcrumbList","@id":"https:\/\/avalenn-bretagne.com\/en\/personal-events\/#breadcrumb","itemListElement":[{"@type":"ListItem","position":1,"name":"Accueil","item":"https:\/\/avalenn-bretagne.com\/en\/"},{"@type":"ListItem","position":2,"name":"Personal events"}]},{"@type":"WebSite","@id":"https:\/\/avalenn-bretagne.com\/en\/#website","url":"https:\/\/avalenn-bretagne.com\/en\/","name":"Ker an Avalenn","description":"Locations saisonni\u00e8res | Organisation d&#039;\u00e9v\u00e9nements","publisher":{"@id":"https:\/\/avalenn-bretagne.com\/en\/#organization"},"potentialAction":[{"@type":"SearchAction","target":{"@type":"EntryPoint","urlTemplate":"https:\/\/avalenn-bretagne.com\/en\/?s={search_term_string}"},"query-input":{"@type":"PropertyValueSpecification","valueRequired":true,"valueName":"search_term_string"}}],"inLanguage":"en-US"},{"@type":"Organization","@id":"https:\/\/avalenn-bretagne.com\/en\/#organization","name":"Ker an Avalenn","url":"https:\/\/avalenn-bretagne.com\/en\/","logo":{"@type":"ImageObject","inLanguage":"en-US","@id":"https:\/\/avalenn-bretagne.com\/en\/#\/schema\/logo\/image\/","url":"https:\/\/avalenn-bretagne.com\/wp-content\/uploads\/2021\/04\/Avalenn-bretagne-logo.png","contentUrl":"https:\/\/avalenn-bretagne.com\/wp-content\/uploads\/2021\/04\/Avalenn-bretagne-logo.png","width":238,"height":100,"caption":"Ker an Avalenn"},"image":{"@id":"https:\/\/avalenn-bretagne.com\/en\/#\/schema\/logo\/image\/"}}]}},"_links":{"self":[{"href":"https:\/\/avalenn-bretagne.com\/en\/wp-json\/wp\/v2\/pages\/1616","targetHints":{"allow":["GET"]}}],"collection":[{"href":"https:\/\/avalenn-bretagne.com\/en\/wp-json\/wp\/v2\/pages"}],"about":[{"href":"https:\/\/avalenn-bretagne.com\/en\/wp-json\/wp\/v2\/types\/page"}],"author":[{"embeddable":true,"href":"https:\/\/avalenn-bretagne.com\/en\/wp-json\/wp\/v2\/users\/2"}],"replies":[{"embeddable":true,"href":"https:\/\/avalenn-bretagne.com\/en\/wp-json\/wp\/v2\/comments?post=1616"}],"version-history":[{"count":0,"href":"https:\/\/avalenn-bretagne.com\/en\/wp-json\/wp\/v2\/pages\/1616\/revisions"}],"wp:attachment":[{"href":"https:\/\/avalenn-bretagne.com\/en\/wp-json\/wp\/v2\/media?parent=1616"}],"curies":[{"name":"wp","href":"https:\/\/api.w.org\/{rel}","templated":true}]}}