{"id":1601,"date":"2021-10-22T16:07:49","date_gmt":"2021-10-22T14:07:49","guid":{"rendered":"https:\/\/avalenn-bretagne.com\/?page_id=1601"},"modified":"2021-10-26T12:33:41","modified_gmt":"2021-10-26T10:33:41","slug":"event-organisation","status":"publish","type":"page","link":"https:\/\/avalenn-bretagne.com\/en\/event-organisation\/","title":{"rendered":"Event organisation"},"content":{"rendered":"<div class=\"wpb-content-wrapper\"><p>[vc_row css_animation=&#8221;&#8221; row_type=&#8221;row&#8221; use_row_as_full_screen_section=&#8221;no&#8221; type=&#8221;grid&#8221; angled_section=&#8221;no&#8221; text_align=&#8221;center&#8221; background_image_as_pattern=&#8221;without_pattern&#8221; z_index=&#8221;&#8221; css=&#8221;.vc_custom_1617957971872{padding-top: 102px !important;padding-bottom: 110px !important;}&#8221;][vc_column][vc_column_text]<\/p>\n<h2 style=\"text-align: center;\">Event organisation<\/h2>\n<p>[\/vc_column_text][vc_empty_space height=&#8221;70px&#8221;][vc_column_text]<\/p>\n<h3>Originally, we were just looking for a place to organise workshops and well-being training sessions, with sufficient space and a peaceful setting in which to hold Mindfulness retreats. In Ker An Avalenn we found it all ! And even more, because we are also able to offer the hamlet to companies for their \u00ab green days \u00bb (a working day that takes place in a country setting), seminars and training sessions, and to those looking to celebrate a personal event in an unforgettable setting.<\/h3>\n<p>[\/vc_column_text][vc_empty_space height=&#8221;70px&#8221;][vc_row_inner row_type=&#8221;row&#8221; type=&#8221;full_width&#8221; text_align=&#8221;left&#8221; css_animation=&#8221;&#8221;][vc_column_inner width=&#8221;1\/4&#8243;][vc_column_text]<\/p>\n<h3 style=\"text-align: center;\">Retreats, workshops, training sessions<\/h3>\n<p>[\/vc_column_text][vc_empty_space][vc_single_image image=&#8221;1517&#8243; img_size=&#8221;full&#8221; alignment=&#8221;center&#8221; onclick=&#8221;custom_link&#8221; qode_css_animation=&#8221;&#8221; qode_hover_animation=&#8221;zoom_in&#8221; link=&#8221;https:\/\/avalenn-bretagne.com\/retraites-ateliers-stages\/&#8221;]<a  itemprop=\"url\" href=\"https:\/\/avalenn-bretagne.com\/en\/retreats-workshops-training-sessions\/\" target=\"_self\"  class=\"qbutton  big_large_full_width center default\" style=\"\">For further details<i class=\"qode_icon_font_awesome fa fa-angle-right qode_button_icon_element\" style=\"color: #ffffff\"><\/i><\/a>[\/vc_column_inner][vc_column_inner width=&#8221;1\/4&#8243;][vc_column_text]<\/p>\n<h3 style=\"text-align: center;\">Personal events<\/h3>\n<p>[\/vc_column_text][vc_empty_space][vc_single_image image=&#8221;1475&#8243; img_size=&#8221;full&#8221; alignment=&#8221;center&#8221; onclick=&#8221;custom_link&#8221; qode_css_animation=&#8221;&#8221; qode_hover_animation=&#8221;zoom_in&#8221; link=&#8221;https:\/\/avalenn-bretagne.com\/evenements-personnelsmariages-anniversaires-cousinades\/&#8221;]<a  itemprop=\"url\" href=\"https:\/\/avalenn-bretagne.com\/en\/personal-events\/\" target=\"_self\"  class=\"qbutton  big_large_full_width default\" style=\"\">For further details<i class=\"qode_icon_font_awesome fa fa-angle-right qode_button_icon_element\"><\/i><\/a>[\/vc_column_inner][vc_column_inner width=&#8221;1\/4&#8243;][vc_column_text]<\/p>\n<h3 style=\"text-align: center;\">Corporate seminars<\/h3>\n<p>[\/vc_column_text][vc_empty_space][vc_single_image image=&#8221;1477&#8243; img_size=&#8221;full&#8221; alignment=&#8221;center&#8221; onclick=&#8221;custom_link&#8221; qode_css_animation=&#8221;&#8221; qode_hover_animation=&#8221;zoom_in&#8221; link=&#8221;https:\/\/avalenn-bretagne.com\/seminaires-dentreprises\/&#8221;]<a  itemprop=\"url\" href=\"https:\/\/avalenn-bretagne.com\/en\/corporate-events\/\" target=\"_self\"  class=\"qbutton  big_large_full_width default\" style=\"\">For further details<i class=\"qode_icon_font_awesome fa fa-angle-right qode_button_icon_element\" style=\"color: #ffffff\"><\/i><\/a>[\/vc_column_inner][vc_column_inner width=&#8221;1\/4&#8243;][vc_column_text]<\/p>\n<h3 style=\"text-align: center;\">The auberge (the inn)<\/h3>\n<p>[\/vc_column_text][vc_empty_space][vc_single_image image=&#8221;1516&#8243; img_size=&#8221;full&#8221; alignment=&#8221;center&#8221; onclick=&#8221;custom_link&#8221; qode_css_animation=&#8221;&#8221; qode_hover_animation=&#8221;zoom_in&#8221; link=&#8221;https:\/\/avalenn-bretagne.com\/auberge-pour-organisation-devenements-cotes-darmor\/&#8221;]<a  itemprop=\"url\" href=\"https:\/\/avalenn-bretagne.com\/en\/the-in\" target=\"_self\"  class=\"qbutton  big_large_full_width default\" style=\"\">For further details<i class=\"qode_icon_font_awesome fa fa-angle-right qode_button_icon_element\" style=\"color: #ffffff\"><\/i><\/a>[\/vc_column_inner][\/vc_row_inner][vc_empty_space][\/vc_column][\/vc_row]<\/p>\n<\/div>","protected":false},"excerpt":{"rendered":"<p>[vc_row css_animation=&#8221;&#8221; row_type=&#8221;row&#8221; use_row_as_full_screen_section=&#8221;no&#8221; type=&#8221;grid&#8221; angled_section=&#8221;no&#8221; text_align=&#8221;center&#8221; background_image_as_pattern=&#8221;without_pattern&#8221; z_index=&#8221;&#8221; css=&#8221;.vc_custom_1617957971872{padding-top: 102px !important;padding-bottom: 110px !important;}&#8221;][vc_column][vc_column_text] Event organisation [\/vc_column_text][vc_empty_space height=&#8221;70px&#8221;][vc_column_text] Originally, we were just looking for a place to organise workshops and well-being training sessions, with sufficient space and a peaceful setting in which to hold Mindfulness&#8230;<\/p>\n","protected":false},"author":2,"featured_media":0,"parent":0,"menu_order":0,"comment_status":"closed","ping_status":"closed","template":"full_width.php","meta":{"footnotes":""},"class_list":["post-1601","page","type-page","status-publish","hentry"],"yoast_head":"<!-- This site is optimized with the Yoast SEO plugin v27.3 - https:\/\/yoast.com\/product\/yoast-seo-wordpress\/ -->\n<title>Event organisation - Ker an Avalenn<\/title>\n<meta name=\"description\" content=\"Event organisation Retreats, workshops, training sessions Personal events Corporate seminars The auberge\" \/>\n<meta name=\"robots\" content=\"index, follow, max-snippet:-1, max-image-preview:large, max-video-preview:-1\" \/>\n<link rel=\"canonical\" href=\"https:\/\/avalenn-bretagne.com\/en\/event-organisation\/\" \/>\n<meta property=\"og:locale\" content=\"en_US\" \/>\n<meta property=\"og:type\" content=\"article\" \/>\n<meta property=\"og:title\" content=\"Event organisation - Ker an Avalenn\" \/>\n<meta property=\"og:description\" content=\"Event organisation Retreats, workshops, training sessions Personal events Corporate seminars The auberge\" \/>\n<meta property=\"og:url\" content=\"https:\/\/avalenn-bretagne.com\/en\/event-organisation\/\" \/>\n<meta property=\"og:site_name\" content=\"Ker an Avalenn\" \/>\n<meta property=\"article:modified_time\" content=\"2021-10-26T10:33:41+00:00\" \/>\n<meta name=\"twitter:card\" content=\"summary_large_image\" \/>\n<script type=\"application\/ld+json\" class=\"yoast-schema-graph\">{\"@context\":\"https:\\\/\\\/schema.org\",\"@graph\":[{\"@type\":\"WebPage\",\"@id\":\"https:\\\/\\\/avalenn-bretagne.com\\\/en\\\/event-organisation\\\/\",\"url\":\"https:\\\/\\\/avalenn-bretagne.com\\\/en\\\/event-organisation\\\/\",\"name\":\"Event organisation - Ker an Avalenn\",\"isPartOf\":{\"@id\":\"https:\\\/\\\/avalenn-bretagne.com\\\/en\\\/#website\"},\"datePublished\":\"2021-10-22T14:07:49+00:00\",\"dateModified\":\"2021-10-26T10:33:41+00:00\",\"description\":\"Event organisation Retreats, workshops, training sessions Personal events Corporate seminars The auberge\",\"breadcrumb\":{\"@id\":\"https:\\\/\\\/avalenn-bretagne.com\\\/en\\\/event-organisation\\\/#breadcrumb\"},\"inLanguage\":\"en-US\",\"potentialAction\":[{\"@type\":\"ReadAction\",\"target\":[\"https:\\\/\\\/avalenn-bretagne.com\\\/en\\\/event-organisation\\\/\"]}]},{\"@type\":\"BreadcrumbList\",\"@id\":\"https:\\\/\\\/avalenn-bretagne.com\\\/en\\\/event-organisation\\\/#breadcrumb\",\"itemListElement\":[{\"@type\":\"ListItem\",\"position\":1,\"name\":\"Accueil\",\"item\":\"https:\\\/\\\/avalenn-bretagne.com\\\/en\\\/\"},{\"@type\":\"ListItem\",\"position\":2,\"name\":\"Event organisation\"}]},{\"@type\":\"WebSite\",\"@id\":\"https:\\\/\\\/avalenn-bretagne.com\\\/en\\\/#website\",\"url\":\"https:\\\/\\\/avalenn-bretagne.com\\\/en\\\/\",\"name\":\"Ker an Avalenn\",\"description\":\"Locations saisonni\u00e8res | Organisation d&#039;\u00e9v\u00e9nements\",\"publisher\":{\"@id\":\"https:\\\/\\\/avalenn-bretagne.com\\\/en\\\/#organization\"},\"potentialAction\":[{\"@type\":\"SearchAction\",\"target\":{\"@type\":\"EntryPoint\",\"urlTemplate\":\"https:\\\/\\\/avalenn-bretagne.com\\\/en\\\/?s={search_term_string}\"},\"query-input\":{\"@type\":\"PropertyValueSpecification\",\"valueRequired\":true,\"valueName\":\"search_term_string\"}}],\"inLanguage\":\"en-US\"},{\"@type\":\"Organization\",\"@id\":\"https:\\\/\\\/avalenn-bretagne.com\\\/en\\\/#organization\",\"name\":\"Ker an Avalenn\",\"url\":\"https:\\\/\\\/avalenn-bretagne.com\\\/en\\\/\",\"logo\":{\"@type\":\"ImageObject\",\"inLanguage\":\"en-US\",\"@id\":\"https:\\\/\\\/avalenn-bretagne.com\\\/en\\\/#\\\/schema\\\/logo\\\/image\\\/\",\"url\":\"https:\\\/\\\/avalenn-bretagne.com\\\/wp-content\\\/uploads\\\/2021\\\/04\\\/Avalenn-bretagne-logo.png\",\"contentUrl\":\"https:\\\/\\\/avalenn-bretagne.com\\\/wp-content\\\/uploads\\\/2021\\\/04\\\/Avalenn-bretagne-logo.png\",\"width\":238,\"height\":100,\"caption\":\"Ker an Avalenn\"},\"image\":{\"@id\":\"https:\\\/\\\/avalenn-bretagne.com\\\/en\\\/#\\\/schema\\\/logo\\\/image\\\/\"}}]}<\/script>\n<!-- \/ Yoast SEO plugin. -->","yoast_head_json":{"title":"Event organisation - Ker an Avalenn","description":"Event organisation Retreats, workshops, training sessions Personal events Corporate seminars The auberge","robots":{"index":"index","follow":"follow","max-snippet":"max-snippet:-1","max-image-preview":"max-image-preview:large","max-video-preview":"max-video-preview:-1"},"canonical":"https:\/\/avalenn-bretagne.com\/en\/event-organisation\/","og_locale":"en_US","og_type":"article","og_title":"Event organisation - Ker an Avalenn","og_description":"Event organisation Retreats, workshops, training sessions Personal events Corporate seminars The auberge","og_url":"https:\/\/avalenn-bretagne.com\/en\/event-organisation\/","og_site_name":"Ker an Avalenn","article_modified_time":"2021-10-26T10:33:41+00:00","twitter_card":"summary_large_image","schema":{"@context":"https:\/\/schema.org","@graph":[{"@type":"WebPage","@id":"https:\/\/avalenn-bretagne.com\/en\/event-organisation\/","url":"https:\/\/avalenn-bretagne.com\/en\/event-organisation\/","name":"Event organisation - Ker an Avalenn","isPartOf":{"@id":"https:\/\/avalenn-bretagne.com\/en\/#website"},"datePublished":"2021-10-22T14:07:49+00:00","dateModified":"2021-10-26T10:33:41+00:00","description":"Event organisation Retreats, workshops, training sessions Personal events Corporate seminars The auberge","breadcrumb":{"@id":"https:\/\/avalenn-bretagne.com\/en\/event-organisation\/#breadcrumb"},"inLanguage":"en-US","potentialAction":[{"@type":"ReadAction","target":["https:\/\/avalenn-bretagne.com\/en\/event-organisation\/"]}]},{"@type":"BreadcrumbList","@id":"https:\/\/avalenn-bretagne.com\/en\/event-organisation\/#breadcrumb","itemListElement":[{"@type":"ListItem","position":1,"name":"Accueil","item":"https:\/\/avalenn-bretagne.com\/en\/"},{"@type":"ListItem","position":2,"name":"Event organisation"}]},{"@type":"WebSite","@id":"https:\/\/avalenn-bretagne.com\/en\/#website","url":"https:\/\/avalenn-bretagne.com\/en\/","name":"Ker an Avalenn","description":"Locations saisonni\u00e8res | Organisation d&#039;\u00e9v\u00e9nements","publisher":{"@id":"https:\/\/avalenn-bretagne.com\/en\/#organization"},"potentialAction":[{"@type":"SearchAction","target":{"@type":"EntryPoint","urlTemplate":"https:\/\/avalenn-bretagne.com\/en\/?s={search_term_string}"},"query-input":{"@type":"PropertyValueSpecification","valueRequired":true,"valueName":"search_term_string"}}],"inLanguage":"en-US"},{"@type":"Organization","@id":"https:\/\/avalenn-bretagne.com\/en\/#organization","name":"Ker an Avalenn","url":"https:\/\/avalenn-bretagne.com\/en\/","logo":{"@type":"ImageObject","inLanguage":"en-US","@id":"https:\/\/avalenn-bretagne.com\/en\/#\/schema\/logo\/image\/","url":"https:\/\/avalenn-bretagne.com\/wp-content\/uploads\/2021\/04\/Avalenn-bretagne-logo.png","contentUrl":"https:\/\/avalenn-bretagne.com\/wp-content\/uploads\/2021\/04\/Avalenn-bretagne-logo.png","width":238,"height":100,"caption":"Ker an Avalenn"},"image":{"@id":"https:\/\/avalenn-bretagne.com\/en\/#\/schema\/logo\/image\/"}}]}},"_links":{"self":[{"href":"https:\/\/avalenn-bretagne.com\/en\/wp-json\/wp\/v2\/pages\/1601","targetHints":{"allow":["GET"]}}],"collection":[{"href":"https:\/\/avalenn-bretagne.com\/en\/wp-json\/wp\/v2\/pages"}],"about":[{"href":"https:\/\/avalenn-bretagne.com\/en\/wp-json\/wp\/v2\/types\/page"}],"author":[{"embeddable":true,"href":"https:\/\/avalenn-bretagne.com\/en\/wp-json\/wp\/v2\/users\/2"}],"replies":[{"embeddable":true,"href":"https:\/\/avalenn-bretagne.com\/en\/wp-json\/wp\/v2\/comments?post=1601"}],"version-history":[{"count":0,"href":"https:\/\/avalenn-bretagne.com\/en\/wp-json\/wp\/v2\/pages\/1601\/revisions"}],"wp:attachment":[{"href":"https:\/\/avalenn-bretagne.com\/en\/wp-json\/wp\/v2\/media?parent=1601"}],"curies":[{"name":"wp","href":"https:\/\/api.w.org\/{rel}","templated":true}]}}