{"id":1585,"date":"2021-10-22T15:30:13","date_gmt":"2021-10-22T13:30:13","guid":{"rendered":"https:\/\/avalenn-bretagne.com\/?page_id=1585"},"modified":"2021-10-26T11:15:36","modified_gmt":"2021-10-26T09:15:36","slug":"avalenn","status":"publish","type":"page","link":"https:\/\/avalenn-bretagne.com\/en\/avalenn\/","title":{"rendered":"Avalenn"},"content":{"rendered":"<div class=\"wpb-content-wrapper\"><p>[vc_row css_animation=&#8221;&#8221; row_type=&#8221;row&#8221; use_row_as_full_screen_section=&#8221;no&#8221; type=&#8221;grid&#8221; angled_section=&#8221;no&#8221; text_align=&#8221;center&#8221; background_image_as_pattern=&#8221;without_pattern&#8221; z_index=&#8221;&#8221; css=&#8221;.vc_custom_1635239653083{padding-top: 102px !important;padding-bottom: 110px !important;}&#8221; el_id=&#8221;the-hamlet&#8221;][vc_column][vc_column_text]<\/p>\n<h2 style=\"text-align: center;\">The Hamlet<\/h2>\n<h3 style=\"text-align: center;\">Degemer mat e Ker an Avalenn\u00a0!<br \/>\nWelcome to Apple Hamlet!<\/h3>\n<p>[\/vc_column_text][vc_empty_space height=&#8221;70px&#8221;][vc_column_text]<\/p>\n<p style=\"text-align: left;\">Nestled in the gently rolling countryside of the B\u00e9gard valley and the Kerogan watercourse, this pretty little hamlet has been more or less continuously occupied since 17th century.<\/p>\n<p style=\"text-align: left;\">Its modest manor house, typical of the style of the Tr\u00e9gor region to which it belongs, watches over the 4 cottages with their gaily painted wood-work.<br \/>\nThe hamlet is laid out along a central alley that serves each of the cottages. All of the cottages have their own private gardens. And if that isn\u2019t enough, there are also the generous 7,5 acres of landscaped gardens and woodland, and of course the 90 apple trees, all of which invite the guest to contemplation and well-earned rest.<\/p>\n<p style=\"text-align: left;\">A 300 year-old walnut tree stands guard at one end of the alley along with a group of chestnut trees, compared by the Celtes to an incorruptible warrior.<br \/>\nThey serve as a just reminder that in bygone days the fruits of these trees saved the Bretons from famine. In the chestnut season they are delicious grilled on the stove.<\/p>\n<p>[\/vc_column_text][vc_empty_space][vc_gallery type=&#8221;image_grid&#8221; images=&#8221;1448,1485,1484,1447,1443,1446,1445,1486,1481,1483,1494,1487&#8243; img_size=&#8221;300&#215;200&#8243; column_number=&#8221;6&#8243; grayscale=&#8221;no&#8221; images_space=&#8221;gallery_with_space&#8221;][\/vc_column][\/vc_row][vc_row css_animation=&#8221;&#8221; row_type=&#8221;row&#8221; use_row_as_full_screen_section=&#8221;no&#8221; type=&#8221;grid&#8221; angled_section=&#8221;no&#8221; text_align=&#8221;center&#8221; background_image_as_pattern=&#8221;without_pattern&#8221; z_index=&#8221;&#8221; css=&#8221;.vc_custom_1635239668308{padding-top: 120px !important;padding-bottom: 110px !important;background-color: #f7f7f7 !important;}&#8221; el_id=&#8221;history&#8221; anchor=&#8221;histoire-du-lieu&#8221;][vc_column][vc_column_text]<\/p>\n<h2 style=\"text-align: center;\">History<\/h2>\n<p>[\/vc_column_text][vc_empty_space height=&#8221;70px&#8221;][vc_row_inner row_type=&#8221;row&#8221; type=&#8221;full_width&#8221; text_align=&#8221;left&#8221; css_animation=&#8221;&#8221;][vc_column_inner width=&#8221;1\/2&#8243;][vc_column_text]<\/p>\n<h2 style=\"text-align: center;\">Ker Riwalan<\/h2>\n<p>[\/vc_column_text][vc_column_text]<\/p>\n<p style=\"text-align: left;\">Not much is known about the modest Tr\u00e9gor manor house other than that it dates back to the 17th Century. Over the years the different owners have restored and maintained the hamlet. Sadly we do know a certain Michel Cavan, son of Fran\u00e7ois Cavan and of Marguerite Le Bastard, was born here in 1736 and died 3 years later. The two-story manor house, itself subject to several renovations, watches benignly over the hamlet. Everything seems timeless ; all bear witness to the hardiness and courage of the Breton people \u00ab Kentoc\u2019h mervel eget bezan saotret \u00bb (Rather death than stain*)<\/p>\n<p>&nbsp;<\/p>\n<p style=\"text-align: left;\">* Breton motto : In 10th century Alain II de Bretagne, also known as Barbetorte, used this motto to spur on his troops during a battle against the Norman enemy.<\/p>\n<p>[\/vc_column_text][vc_empty_space][\/vc_column_inner][vc_column_inner width=&#8221;1\/2&#8243;][vc_single_image image=&#8221;1489&#8243; img_size=&#8221;full&#8221; qode_css_animation=&#8221;&#8221;][\/vc_column_inner][\/vc_row_inner][vc_empty_space][vc_separator type=&#8221;normal&#8221; up=&#8221;20px&#8221; down=&#8221;20px&#8221; color=&#8221;#76b0ac&#8221;][vc_empty_space][vc_row_inner row_type=&#8221;row&#8221; type=&#8221;full_width&#8221; text_align=&#8221;left&#8221; css_animation=&#8221;&#8221;][vc_column_inner width=&#8221;1\/2&#8243;][vc_single_image image=&#8221;1455&#8243; img_size=&#8221;full&#8221; qode_css_animation=&#8221;&#8221;][\/vc_column_inner][vc_column_inner width=&#8221;1\/2&#8243;][vc_column_text]<\/p>\n<h2 style=\"text-align: center;\">B\u00e9gard<\/h2>\n<p>[\/vc_column_text][vc_empty_space height=&#8221;70px&#8221;][vc_column_text]<\/p>\n<p style=\"text-align: left;\">At the heart of the historical region of the Tr\u00e9gor, its history begins with the foundation of a Cistercian abbey in the 12th century which would become<br \/>\nknown throughout the Duchy of Brittany as \u00ab le petit Citeaux d\u2019Armorique \u00bb (Citeaux was a religious establishment near Dijon \u2013 so literally \u00ab the little Citeaux of Armorique \u00bb) Over the centuries, its cultural, religious and economic influence would be the subject of some envy. In the middle of the 19th century a religious community brought the abandoned monastery back to life and turned it into an \u00ab un asile d\u2019ali\u00e9nes \u00bb (a lunatic asylum). Today it is the Bon Sauveur Foundation, a psychiatric hospital, which continues the work of the original religious order serving the whole of the C\u00f4tes d\u2019Armor region and beyond.<\/p>\n<p>[\/vc_column_text][vc_empty_space][\/vc_column_inner][\/vc_row_inner][vc_empty_space][vc_separator type=&#8221;normal&#8221; color=&#8221;#76b0ac&#8221; up=&#8221;20&#8243; down=&#8221;20&#8243;][vc_empty_space][vc_row_inner row_type=&#8221;row&#8221; type=&#8221;full_width&#8221; text_align=&#8221;left&#8221; css_animation=&#8221;&#8221;][vc_column_inner width=&#8221;1\/2&#8243;][vc_column_text]<\/p>\n<h2 style=\"text-align: center;\">Tr\u00e9z\u00e9lan<\/h2>\n<p>[\/vc_column_text][vc_empty_space height=&#8221;70px&#8221;][vc_column_text]<\/p>\n<p style=\"text-align: left;\">It\u2019s patron saint, Riwal, gave the 19th century church its name. Mention of Riwal, Duc de Dommon\u00e9e, Petite Bretagne (little Brittany), can be found in the life of Saint Gwenol\u00e9 and that of Saint Tudal. He was said to be the uncle of the latter and the cousin of Saint Brieuc.<\/p>\n<p>[\/vc_column_text][vc_empty_space][\/vc_column_inner][vc_column_inner width=&#8221;1\/2&#8243;][vc_single_image image=&#8221;1456&#8243; img_size=&#8221;full&#8221; qode_css_animation=&#8221;&#8221;][\/vc_column_inner][\/vc_row_inner][vc_empty_space][\/vc_column][\/vc_row][vc_row css_animation=&#8221;&#8221; row_type=&#8221;row&#8221; use_row_as_full_screen_section=&#8221;no&#8221; type=&#8221;grid&#8221; angled_section=&#8221;no&#8221; text_align=&#8221;center&#8221; background_image_as_pattern=&#8221;without_pattern&#8221; z_index=&#8221;&#8221; css=&#8221;.vc_custom_1635239711823{padding-top: 102px !important;padding-bottom: 110px !important;background-color: #ffffff !important;}&#8221; el_id=&#8221;our-values&#8221; anchor=&#8221;valeurs&#8221;][vc_column][vc_column_text]<\/p>\n<h2 style=\"text-align: center;\">Our Values<\/h2>\n<p>[\/vc_column_text][vc_empty_space height=&#8221;70px&#8221;][vc_row_inner row_type=&#8221;row&#8221; type=&#8221;grid&#8221; text_align=&#8221;left&#8221; css_animation=&#8221;&#8221;][vc_column_inner width=&#8221;1\/6&#8243;][\/vc_column_inner][vc_column_inner width=&#8221;2\/3&#8243;][vc_empty_space height=&#8221;20px&#8221;][vc_column_text]<\/p>\n<p style=\"text-align: left;\"><img decoding=\"async\" class=\"wp-image-1493 alignleft\" src=\"https:\/\/avalenn-bretagne.com\/wp-content\/uploads\/2021\/04\/pommiers.png\" alt=\"\" width=\"136\" height=\"130\" \/>In June 2020, in the middle of the chaos of the Covid-19 crisis, we fell in love with this hamlet, which is ideally situated in a protected area, far, but not too far, from the frenzy of the coast in full season. Already partially renovated with taste and respect for its ancient stone walls by the previous owners, it seemed now to be waiting for their successors to complete the work. Sharing in the values of those who have lived here before we have taken up the challenge, aware that we are not so much owners as passing occupants assigned to the care and protection of Avalenn. No chemicals are used in the garden, nor in the orchard with its 90 apple trees. All waste is conscientiously sorted, residents are invited to be respectful with their water and heating consumption, and local and organic produce are promoted. The intention is to lessen the impact on the environment to the benefit of all life forms.<\/p>\n<p>&nbsp;<\/p>\n<p style=\"text-align: left;\">If we have yielded to the pressure of \u00ab Wifi everywhere \u00bb, it is for the comfort of all, however we would encourage our guests to experience what it\u2019s like to turn off their electronic devices and to \u00ab switch on \u00bb \u2026 to the robin, to the tawny owl, to the northerly wind known as Gwalarn when it starts to blow, sometimes a little too hard !<\/p>\n<p>[\/vc_column_text][\/vc_column_inner][vc_column_inner width=&#8221;1\/6&#8243;][\/vc_column_inner][\/vc_row_inner][\/vc_column][\/vc_row][vc_row css_animation=&#8221;&#8221; row_type=&#8221;row&#8221; use_row_as_full_screen_section=&#8221;no&#8221; type=&#8221;grid&#8221; angled_section=&#8221;no&#8221; text_align=&#8221;center&#8221; background_image_as_pattern=&#8221;without_pattern&#8221; z_index=&#8221;&#8221; css=&#8221;.vc_custom_1635239722909{padding-top: 102px !important;padding-bottom: 110px !important;background-color: #f7f7f7 !important;}&#8221; el_id=&#8221;team&#8221; anchor=&#8221;equipe&#8221;][vc_column][vc_column_text]<\/p>\n<h2 style=\"text-align: center;\">The team<\/h2>\n<h3 style=\"text-align: center;\">It started with us&#8230;<\/h3>\n<p>[\/vc_column_text][vc_empty_space height=&#8221;70px&#8221;][vc_row_inner row_type=&#8221;row&#8221; type=&#8221;full_width&#8221; text_align=&#8221;left&#8221; css_animation=&#8221;&#8221;][vc_column_inner width=&#8221;1\/2&#8243;][vc_column_text]<\/p>\n<h3 style=\"text-align: center;\">Estelle Odobez<\/h3>\n<p>[\/vc_column_text][vc_single_image image=&#8221;1453&#8243; img_size=&#8221;300&#215;199&#8243; alignment=&#8221;center&#8221; qode_css_animation=&#8221;&#8221;][vc_empty_space][vc_column_text]<\/p>\n<p style=\"text-align: left;\">Hailing from the Jura region in the East of France and addicted to<br \/>\nthe ski resort of Les Rousses, to find herself in the middle of the Tr\u00e9gor, at the foot of the M\u00e9nez Br\u00e9 the summit of which does not exceed 302 metres, could have been a real gamble !<\/p>\n<p>&nbsp;<\/p>\n<p style=\"text-align: left;\">Nevertheless, this former cross-country skiing champion, an engineer by profession, fell in love with Brittany some time ago.<br \/>\nWhat does she like doing best here ? Being outside and &#8230;being outside ! You will find her as you round a corner, tending to a camelia or on her tractor.<\/p>\n<p>&nbsp;<\/p>\n<p style=\"text-align: left;\">And she will also take great pleasure in sharing her tips for places to visit, for gentle rambles or more vigorous hikes in the Tr\u00e9gor.<br \/>\nAnd the rest of the time she will manage your reservations and ensure that all runs smoothly for your business events.<\/p>\n<p>[\/vc_column_text][vc_empty_space][\/vc_column_inner][vc_column_inner width=&#8221;1\/2&#8243;][vc_column_text]<\/p>\n<h3 style=\"text-align: center;\">Nolwenn Huyart<\/h3>\n<p>[\/vc_column_text][vc_single_image image=&#8221;1454&#8243; img_size=&#8221;300&#215;199&#8243; alignment=&#8221;center&#8221; qode_css_animation=&#8221;&#8221;][vc_empty_space][vc_column_text]<\/p>\n<p style=\"text-align: left;\">A native of Brittany who has returned home \u00ab after a long journey \u00bb, there was no other possible path than the one that led her back to the place where her ancestors, a carpenter, a cook, a trader at the fish market, a doctor in the navy, had forged in her a lasting attachment to this land.<\/p>\n<p>&nbsp;<\/p>\n<p style=\"text-align: left;\">Psycho-analyst, Mindfulness instructor and Hamlet manager, she will be your principal person of contact for the organisation of your stay and your events.<\/p>\n<p>&nbsp;<\/p>\n<p style=\"text-align: left;\">For those renting a holiday home she will bring you your welcome breakfast tray on the first morning.<\/p>\n<p style=\"text-align: left;\">She will be attentive to your every request.<\/p>\n<p>[\/vc_column_text][vc_empty_space][\/vc_column_inner][\/vc_row_inner][vc_empty_space][vc_column_text]<\/p>\n<h3 style=\"text-align: center;\">\u2026 But it\u2019s not just us<\/h3>\n<p>[\/vc_column_text][vc_empty_space height=&#8221;70px&#8221;][vc_row_inner row_type=&#8221;row&#8221; type=&#8221;grid&#8221; text_align=&#8221;left&#8221; css_animation=&#8221;&#8221;][vc_column_inner width=&#8221;1\/2&#8243;][vc_column_text]<\/p>\n<p style=\"text-align: left;\">The people that we work with share our values, from the gardener who still prunes the hydrangeas with a billhook, the organic cidery that is in charge of looking after our apple trees as a father would his children and the caterer who takes pride in offering varied menus including vegetarian, vegan and special dietary options. The housekeeping staff use products that are respectful of the environment and at the same time of the sanitary measures in place for the safety and well-being of our guests. All those involved in the hamlet share in the same aim, namely to preserve and to take care of this very special place.<\/p>\n<p style=\"text-align: left;\">The intention is simple and clear: to identify and maintain the balance between the needs of our human visitors and the needs of the nature that surrounds and sustains us.<\/p>\n<p>[\/vc_column_text][vc_column_text]<\/p>\n<p style=\"text-align: center;\"><strong>\u201cGilbert\u2019s cider is made from the produce of untreated apple orchards including our 90 apple trees.\u201d<\/strong><\/p>\n<p>&nbsp;<\/p>\n<p><strong>Cidrerie C\u00f4te des Bruy\u00e8res &#8211; Gilbert Lavanant<\/strong><br \/>\nLe Lianver &#8211; 22300 Tr\u00e9drez-Locqu\u00e9meau &#8211; T\u00e9l. : 02.96.35.24.57\/0601251544[\/vc_column_text][\/vc_column_inner][vc_column_inner width=&#8221;1\/2&#8243;][vc_single_image image=&#8221;1450&#8243; img_size=&#8221;full&#8221; alignment=&#8221;center&#8221; qode_css_animation=&#8221;&#8221;][\/vc_column_inner][\/vc_row_inner][vc_empty_space height=&#8221;42px&#8221;][vc_column_text]<\/p>\n<h3 style=\"text-align: center;\">And the rest of the troupe<\/h3>\n<p>[\/vc_column_text][vc_empty_space height=&#8221;70px&#8221;][vc_row_inner row_type=&#8221;row&#8221; type=&#8221;full_width&#8221; text_align=&#8221;left&#8221; css_animation=&#8221;&#8221;][vc_column_inner width=&#8221;1\/2&#8243;][vc_column_text]<\/p>\n<p style=\"text-align: left;\">Our two Cairn terriers are unruly, mischievous, stubborn, incorrigible and totally adorable. They are of course an integral part of the scenery.<br \/>\nImpossible not to see them and impossible not to hear them at some point.<\/p>\n<p>&nbsp;<\/p>\n<p style=\"text-align: left;\">These hairy alarm systems, function like a sort of fog horn; when in doubt they sound the alarm.<\/p>\n<p>[\/vc_column_text][vc_empty_space][vc_single_image image=&#8221;1451&#8243; img_size=&#8221;full&#8221; alignment=&#8221;center&#8221; qode_css_animation=&#8221;&#8221;][\/vc_column_inner][vc_column_inner width=&#8221;1\/2&#8243;][vc_single_image image=&#8221;1449&#8243; img_size=&#8221;full&#8221; alignment=&#8221;center&#8221; qode_css_animation=&#8221;&#8221;][vc_empty_space][\/vc_column_inner][\/vc_row_inner][\/vc_column][\/vc_row]<\/p>\n<\/div>","protected":false},"excerpt":{"rendered":"<p>[vc_row css_animation=&#8221;&#8221; row_type=&#8221;row&#8221; use_row_as_full_screen_section=&#8221;no&#8221; type=&#8221;grid&#8221; angled_section=&#8221;no&#8221; text_align=&#8221;center&#8221; background_image_as_pattern=&#8221;without_pattern&#8221; z_index=&#8221;&#8221; css=&#8221;.vc_custom_1635239653083{padding-top: 102px !important;padding-bottom: 110px !important;}&#8221; el_id=&#8221;the-hamlet&#8221;][vc_column][vc_column_text] The Hamlet Degemer mat e Ker an Avalenn\u00a0! Welcome to Apple Hamlet! [\/vc_column_text][vc_empty_space height=&#8221;70px&#8221;][vc_column_text] Nestled in the gently rolling countryside of the B\u00e9gard valley and the Kerogan watercourse, this pretty&#8230;<\/p>\n","protected":false},"author":2,"featured_media":0,"parent":0,"menu_order":0,"comment_status":"closed","ping_status":"closed","template":"full_width.php","meta":{"footnotes":""},"class_list":["post-1585","page","type-page","status-publish","hentry"],"yoast_head":"<!-- This site is optimized with the Yoast SEO plugin v26.6 - https:\/\/yoast.com\/wordpress\/plugins\/seo\/ -->\n<title>Avalenn - Ker an Avalenn<\/title>\n<meta name=\"description\" content=\"Welcome to Apple Hamlet! Nestled in the gently rolling countryside of the B\u00e9gard valley and the Kerogan watercourse, this pretty little haml\" \/>\n<meta name=\"robots\" content=\"index, follow, max-snippet:-1, max-image-preview:large, max-video-preview:-1\" \/>\n<link rel=\"canonical\" href=\"https:\/\/avalenn-bretagne.com\/en\/avalenn\/\" \/>\n<meta property=\"og:locale\" content=\"en_US\" \/>\n<meta property=\"og:type\" content=\"article\" \/>\n<meta property=\"og:title\" content=\"Avalenn - Ker an Avalenn\" \/>\n<meta property=\"og:description\" content=\"Welcome to Apple Hamlet! Nestled in the gently rolling countryside of the B\u00e9gard valley and the Kerogan watercourse, this pretty little haml\" \/>\n<meta property=\"og:url\" content=\"https:\/\/avalenn-bretagne.com\/en\/avalenn\/\" \/>\n<meta property=\"og:site_name\" content=\"Ker an Avalenn\" \/>\n<meta property=\"article:modified_time\" content=\"2021-10-26T09:15:36+00:00\" \/>\n<meta property=\"og:image\" content=\"https:\/\/avalenn-bretagne.com\/wp-content\/uploads\/2021\/04\/pommiers.png\" \/>\n<meta name=\"twitter:card\" content=\"summary_large_image\" \/>\n<script type=\"application\/ld+json\" class=\"yoast-schema-graph\">{\"@context\":\"https:\/\/schema.org\",\"@graph\":[{\"@type\":\"WebPage\",\"@id\":\"https:\/\/avalenn-bretagne.com\/en\/avalenn\/\",\"url\":\"https:\/\/avalenn-bretagne.com\/en\/avalenn\/\",\"name\":\"Avalenn - Ker an Avalenn\",\"isPartOf\":{\"@id\":\"https:\/\/avalenn-bretagne.com\/en\/#website\"},\"primaryImageOfPage\":{\"@id\":\"https:\/\/avalenn-bretagne.com\/en\/avalenn\/#primaryimage\"},\"image\":{\"@id\":\"https:\/\/avalenn-bretagne.com\/en\/avalenn\/#primaryimage\"},\"thumbnailUrl\":\"https:\/\/avalenn-bretagne.com\/wp-content\/uploads\/2021\/04\/pommiers.png\",\"datePublished\":\"2021-10-22T13:30:13+00:00\",\"dateModified\":\"2021-10-26T09:15:36+00:00\",\"description\":\"Welcome to Apple Hamlet! Nestled in the gently rolling countryside of the B\u00e9gard valley and the Kerogan watercourse, this pretty little haml\",\"breadcrumb\":{\"@id\":\"https:\/\/avalenn-bretagne.com\/en\/avalenn\/#breadcrumb\"},\"inLanguage\":\"en-US\",\"potentialAction\":[{\"@type\":\"ReadAction\",\"target\":[\"https:\/\/avalenn-bretagne.com\/en\/avalenn\/\"]}]},{\"@type\":\"ImageObject\",\"inLanguage\":\"en-US\",\"@id\":\"https:\/\/avalenn-bretagne.com\/en\/avalenn\/#primaryimage\",\"url\":\"https:\/\/avalenn-bretagne.com\/wp-content\/uploads\/2021\/04\/pommiers.png\",\"contentUrl\":\"https:\/\/avalenn-bretagne.com\/wp-content\/uploads\/2021\/04\/pommiers.png\"},{\"@type\":\"BreadcrumbList\",\"@id\":\"https:\/\/avalenn-bretagne.com\/en\/avalenn\/#breadcrumb\",\"itemListElement\":[{\"@type\":\"ListItem\",\"position\":1,\"name\":\"Accueil\",\"item\":\"https:\/\/avalenn-bretagne.com\/en\/\"},{\"@type\":\"ListItem\",\"position\":2,\"name\":\"Avalenn\"}]},{\"@type\":\"WebSite\",\"@id\":\"https:\/\/avalenn-bretagne.com\/en\/#website\",\"url\":\"https:\/\/avalenn-bretagne.com\/en\/\",\"name\":\"Ker an Avalenn\",\"description\":\"Locations saisonni\u00e8res | Organisation d&#039;\u00e9v\u00e9nements\",\"publisher\":{\"@id\":\"https:\/\/avalenn-bretagne.com\/en\/#organization\"},\"potentialAction\":[{\"@type\":\"SearchAction\",\"target\":{\"@type\":\"EntryPoint\",\"urlTemplate\":\"https:\/\/avalenn-bretagne.com\/en\/?s={search_term_string}\"},\"query-input\":{\"@type\":\"PropertyValueSpecification\",\"valueRequired\":true,\"valueName\":\"search_term_string\"}}],\"inLanguage\":\"en-US\"},{\"@type\":\"Organization\",\"@id\":\"https:\/\/avalenn-bretagne.com\/en\/#organization\",\"name\":\"Ker an Avalenn\",\"url\":\"https:\/\/avalenn-bretagne.com\/en\/\",\"logo\":{\"@type\":\"ImageObject\",\"inLanguage\":\"en-US\",\"@id\":\"https:\/\/avalenn-bretagne.com\/en\/#\/schema\/logo\/image\/\",\"url\":\"https:\/\/avalenn-bretagne.com\/wp-content\/uploads\/2021\/04\/Avalenn-bretagne-logo.png\",\"contentUrl\":\"https:\/\/avalenn-bretagne.com\/wp-content\/uploads\/2021\/04\/Avalenn-bretagne-logo.png\",\"width\":238,\"height\":100,\"caption\":\"Ker an Avalenn\"},\"image\":{\"@id\":\"https:\/\/avalenn-bretagne.com\/en\/#\/schema\/logo\/image\/\"}}]}<\/script>\n<!-- \/ Yoast SEO plugin. -->","yoast_head_json":{"title":"Avalenn - Ker an Avalenn","description":"Welcome to Apple Hamlet! Nestled in the gently rolling countryside of the B\u00e9gard valley and the Kerogan watercourse, this pretty little haml","robots":{"index":"index","follow":"follow","max-snippet":"max-snippet:-1","max-image-preview":"max-image-preview:large","max-video-preview":"max-video-preview:-1"},"canonical":"https:\/\/avalenn-bretagne.com\/en\/avalenn\/","og_locale":"en_US","og_type":"article","og_title":"Avalenn - Ker an Avalenn","og_description":"Welcome to Apple Hamlet! Nestled in the gently rolling countryside of the B\u00e9gard valley and the Kerogan watercourse, this pretty little haml","og_url":"https:\/\/avalenn-bretagne.com\/en\/avalenn\/","og_site_name":"Ker an Avalenn","article_modified_time":"2021-10-26T09:15:36+00:00","og_image":[{"url":"https:\/\/avalenn-bretagne.com\/wp-content\/uploads\/2021\/04\/pommiers.png","type":"","width":"","height":""}],"twitter_card":"summary_large_image","schema":{"@context":"https:\/\/schema.org","@graph":[{"@type":"WebPage","@id":"https:\/\/avalenn-bretagne.com\/en\/avalenn\/","url":"https:\/\/avalenn-bretagne.com\/en\/avalenn\/","name":"Avalenn - Ker an Avalenn","isPartOf":{"@id":"https:\/\/avalenn-bretagne.com\/en\/#website"},"primaryImageOfPage":{"@id":"https:\/\/avalenn-bretagne.com\/en\/avalenn\/#primaryimage"},"image":{"@id":"https:\/\/avalenn-bretagne.com\/en\/avalenn\/#primaryimage"},"thumbnailUrl":"https:\/\/avalenn-bretagne.com\/wp-content\/uploads\/2021\/04\/pommiers.png","datePublished":"2021-10-22T13:30:13+00:00","dateModified":"2021-10-26T09:15:36+00:00","description":"Welcome to Apple Hamlet! Nestled in the gently rolling countryside of the B\u00e9gard valley and the Kerogan watercourse, this pretty little haml","breadcrumb":{"@id":"https:\/\/avalenn-bretagne.com\/en\/avalenn\/#breadcrumb"},"inLanguage":"en-US","potentialAction":[{"@type":"ReadAction","target":["https:\/\/avalenn-bretagne.com\/en\/avalenn\/"]}]},{"@type":"ImageObject","inLanguage":"en-US","@id":"https:\/\/avalenn-bretagne.com\/en\/avalenn\/#primaryimage","url":"https:\/\/avalenn-bretagne.com\/wp-content\/uploads\/2021\/04\/pommiers.png","contentUrl":"https:\/\/avalenn-bretagne.com\/wp-content\/uploads\/2021\/04\/pommiers.png"},{"@type":"BreadcrumbList","@id":"https:\/\/avalenn-bretagne.com\/en\/avalenn\/#breadcrumb","itemListElement":[{"@type":"ListItem","position":1,"name":"Accueil","item":"https:\/\/avalenn-bretagne.com\/en\/"},{"@type":"ListItem","position":2,"name":"Avalenn"}]},{"@type":"WebSite","@id":"https:\/\/avalenn-bretagne.com\/en\/#website","url":"https:\/\/avalenn-bretagne.com\/en\/","name":"Ker an Avalenn","description":"Locations saisonni\u00e8res | Organisation d&#039;\u00e9v\u00e9nements","publisher":{"@id":"https:\/\/avalenn-bretagne.com\/en\/#organization"},"potentialAction":[{"@type":"SearchAction","target":{"@type":"EntryPoint","urlTemplate":"https:\/\/avalenn-bretagne.com\/en\/?s={search_term_string}"},"query-input":{"@type":"PropertyValueSpecification","valueRequired":true,"valueName":"search_term_string"}}],"inLanguage":"en-US"},{"@type":"Organization","@id":"https:\/\/avalenn-bretagne.com\/en\/#organization","name":"Ker an Avalenn","url":"https:\/\/avalenn-bretagne.com\/en\/","logo":{"@type":"ImageObject","inLanguage":"en-US","@id":"https:\/\/avalenn-bretagne.com\/en\/#\/schema\/logo\/image\/","url":"https:\/\/avalenn-bretagne.com\/wp-content\/uploads\/2021\/04\/Avalenn-bretagne-logo.png","contentUrl":"https:\/\/avalenn-bretagne.com\/wp-content\/uploads\/2021\/04\/Avalenn-bretagne-logo.png","width":238,"height":100,"caption":"Ker an Avalenn"},"image":{"@id":"https:\/\/avalenn-bretagne.com\/en\/#\/schema\/logo\/image\/"}}]}},"_links":{"self":[{"href":"https:\/\/avalenn-bretagne.com\/en\/wp-json\/wp\/v2\/pages\/1585","targetHints":{"allow":["GET"]}}],"collection":[{"href":"https:\/\/avalenn-bretagne.com\/en\/wp-json\/wp\/v2\/pages"}],"about":[{"href":"https:\/\/avalenn-bretagne.com\/en\/wp-json\/wp\/v2\/types\/page"}],"author":[{"embeddable":true,"href":"https:\/\/avalenn-bretagne.com\/en\/wp-json\/wp\/v2\/users\/2"}],"replies":[{"embeddable":true,"href":"https:\/\/avalenn-bretagne.com\/en\/wp-json\/wp\/v2\/comments?post=1585"}],"version-history":[{"count":0,"href":"https:\/\/avalenn-bretagne.com\/en\/wp-json\/wp\/v2\/pages\/1585\/revisions"}],"wp:attachment":[{"href":"https:\/\/avalenn-bretagne.com\/en\/wp-json\/wp\/v2\/media?parent=1585"}],"curies":[{"name":"wp","href":"https:\/\/api.w.org\/{rel}","templated":true}]}}