{"id":1574,"date":"2021-10-22T15:01:21","date_gmt":"2021-10-22T13:01:21","guid":{"rendered":"https:\/\/avalenn-bretagne.com\/?page_id=1574"},"modified":"2022-12-17T11:37:53","modified_gmt":"2022-12-17T10:37:53","slug":"gite-ti-sistr","status":"publish","type":"page","link":"https:\/\/avalenn-bretagne.com\/en\/gite-ti-sistr\/","title":{"rendered":"G\u00eete Ti Sistr"},"content":{"rendered":"<div class=\"wpb-content-wrapper\"><p>[vc_row css_animation=&#8221;&#8221; row_type=&#8221;row&#8221; use_row_as_full_screen_section=&#8221;no&#8221; type=&#8221;grid&#8221; angled_section=&#8221;no&#8221; text_align=&#8221;center&#8221; background_image_as_pattern=&#8221;without_pattern&#8221; z_index=&#8221;&#8221; css=&#8221;.vc_custom_1617896719873{padding-top: 100px !important;padding-bottom: 50px !important;}&#8221;][vc_column][vc_column_text]<\/p>\n<h2 style=\"text-align: center;\">Ti Sistr<\/h2>\n<h3 style=\"text-align: center;\">Holiday Home in the Cotes d\u2019Armor<\/h3>\n<p>[\/vc_column_text][vc_empty_space][vc_row_inner row_type=&#8221;row&#8221; type=&#8221;grid&#8221; text_align=&#8221;left&#8221; css_animation=&#8221;&#8221;][vc_column_inner][vc_column_text]<\/p>\n<h4 style=\"text-align: center;\">Sistr (46m2) with its apple-green paint-work, has retained its traditional atmosphere with its bedroom on the ground floor and its handsome exposedstone walls.<br \/>\nOn the other side of the \u201csunken\u201d alley, at the foot of the hydrangeas and who knows maybe also the rabbit\u2019s secret hidey-hole.<\/h4>\n<p>[\/vc_column_text][\/vc_column_inner][\/vc_row_inner][vc_empty_space][vc_row_inner row_type=&#8221;row&#8221; type=&#8221;full_width&#8221; text_align=&#8221;left&#8221; css_animation=&#8221;&#8221;][vc_column_inner width=&#8221;5\/6&#8243; css=&#8221;.vc_custom_1617905202359{border-top-width: 2px !important;border-right-width: 2px !important;border-bottom-width: 2px !important;border-left-width: 2px !important;padding-top: 40px !important;background-color: #f7f7f7 !important;border-left-color: #76b0ac !important;border-left-style: solid !important;border-right-color: #76b0ac !important;border-right-style: solid !important;border-top-color: #76b0ac !important;border-top-style: solid !important;border-bottom-color: #76b0ac !important;border-bottom-style: solid !important;border-radius: 5px !important;}&#8221; offset=&#8221;vc_col-md-7&#8243;][vc_column_text]<\/p>\n<p style=\"text-align: left;\"><strong><span style=\"color: #000000;\">2- 4 people.<\/span><\/strong><\/p>\n<p>&nbsp;<\/p>\n<p style=\"text-align: left;\"><span style=\"color: #000000;\"><strong>Ground Floor<\/strong> : <\/span>1 living room with fullyequipped<br \/>\nkitchen, wood-burning stove, and electric radiators.<br \/>\n1 lounge area with folding sofa bed,<br \/>\n1 bedroom with separate shower and toilet. <span style=\"color: #000000;\">Possibility of single beds.<\/span><br \/>\nDish-washer, TV, tableware for up to 4 people.<\/p>\n<p>&nbsp;<\/p>\n<p style=\"text-align: left;\"><span style=\"color: #000000;\"><strong>1st floor\u00a0<\/strong>: A bright and airy bedroom with 2 single beds and separate shower.<br \/>\n<\/span><\/p>\n<p>&nbsp;<\/p>\n<p style=\"text-align: left;\"><span style=\"color: #000000;\"><strong>Outside\u00a0<\/strong>: Washing machine in the laundry room. Own garden area with table and chairs<br \/>\n<\/span><\/p>\n<p>[\/vc_column_text][vc_empty_space]<a  itemprop=\"url\" href=\"https:\/\/avalenn-bretagne.com\/en\/contact-access\/\" target=\"_self\"  class=\"qbutton  default\" style=\"\">Contact<\/a>[vc_empty_space][\/vc_column_inner][vc_column_inner width=&#8221;1\/6&#8243; offset=&#8221;vc_col-md-5&#8243;]<div class='q_icon_with_title tiny normal_icon '><div class=\"icon_holder \" style=\" \"><span data-icon-type=\"normal\" style=\"font-size: 20px\" class=\"qode_iwt_icon_holder q_font_awsome_icon fa-lg  \"><i class=\"qode_icon_font_awesome fa fa-wifi qode_iwt_icon_element\" style=\"color: #cbb6b4\"><\/i><\/span><\/div><div class=\"icon_text_holder\" style=\"padding-left:35px;\"><div class=\"icon_text_inner\" style=\"\"><h6 class=\"icon_title\" style=\"\">Wifi<\/h6><p style=''><\/p><\/div><\/div><\/div>[vc_empty_space height=&#8221;10px&#8221;]<div class='q_icon_with_title tiny normal_icon '><div class=\"icon_holder \" style=\" \"><span data-icon-type=\"normal\" style=\"font-size: 20px\" class=\"qode_iwt_icon_holder q_font_awsome_icon fa-lg  \"><i class=\"qode_icon_font_awesome fa fa-paw qode_iwt_icon_element\" style=\"color: #cbb6b4\"><\/i><\/span><\/div><div class=\"icon_text_holder\" style=\"padding-left:35px;\"><div class=\"icon_text_inner\" style=\"\"><h6 class=\"icon_title\" style=\"\">Well-behaved dogs are welcome.<\/h6><p style=''>The garden is not enclosed.<\/p><\/div><\/div><\/div>[vc_empty_space height=&#8221;10px&#8221;]<div class='q_icon_with_title tiny normal_icon '><div class=\"icon_holder \" style=\" \"><span data-icon-type=\"normal\" style=\"font-size: 20px\" class=\"qode_iwt_icon_holder q_font_awsome_icon fa-lg  \"><i class=\"qode_icon_font_awesome fa fa-car qode_iwt_icon_element\" style=\"color: #cbb6b4\"><\/i><\/span><\/div><div class=\"icon_text_holder\" style=\"padding-left:35px;\"><div class=\"icon_text_inner\" style=\"\"><h6 class=\"icon_title\" style=\"\">Car park<\/h6><p style=''><\/p><\/div><\/div><\/div>[vc_empty_space height=&#8221;10px&#8221;]<div class='q_icon_with_title tiny normal_icon '><div class=\"icon_holder \" style=\" \"><span data-icon-type=\"normal\" style=\"font-size: 20px\" class=\"qode_iwt_icon_holder q_font_awsome_icon fa-lg  \"><i class=\"qode_icon_font_awesome fa fa-money qode_iwt_icon_element\" style=\"color: #cbb6b4\"><\/i><\/span><\/div><div class=\"icon_text_holder\" style=\"padding-left:35px;\"><div class=\"icon_text_inner\" style=\"\"><h6 class=\"icon_title\" style=\"\">Tarif depending on the season<\/h6><p style=''>From 440\u20ac to 510\u20ac per week. From 56\u20ac to 66\u20ac per night (minimum stay 3 nights). Cleaning (70\u20ac) and supplement electricity (depending on the season)<\/p><\/div><\/div><\/div>[\/vc_column_inner][\/vc_row_inner][\/vc_column][\/vc_row][vc_row css_animation=&#8221;&#8221; row_type=&#8221;row&#8221; use_row_as_full_screen_section=&#8221;no&#8221; type=&#8221;grid&#8221; angled_section=&#8221;no&#8221; text_align=&#8221;center&#8221; background_image_as_pattern=&#8221;without_pattern&#8221; z_index=&#8221;&#8221;][vc_column][vc_row_inner row_type=&#8221;row&#8221; type=&#8221;full_width&#8221; text_align=&#8221;left&#8221; css_animation=&#8221;&#8221;][vc_column_inner width=&#8221;5\/6&#8243; offset=&#8221;vc_col-md-7&#8243;][vc_gallery type=&#8221;image_grid&#8221; images=&#8221;1408,1409,1410,1411,1412,1419,1466,1467,1468&#8243; img_size=&#8221;300&#215;200&#8243; column_number=&#8221;3&#8243; grayscale=&#8221;no&#8221; images_space=&#8221;gallery_without_space&#8221;][vc_empty_space][\/vc_column_inner][vc_column_inner width=&#8221;1\/6&#8243; offset=&#8221;vc_col-md-5&#8243;]<div class='q_icon_with_title tiny normal_icon '><div class=\"icon_holder \" style=\" \"><span data-icon-type=\"normal\" class=\"qode_iwt_icon_holder q_font_awsome_icon fa-lg  \"><i class=\"qode_icon_font_awesome fa fa-bed qode_iwt_icon_element\" style=\"color: #76b0ac\"><\/i><\/span><\/div><div class=\"icon_text_holder\" style=\"\"><div class=\"icon_text_inner\" style=\"\"><h6 class=\"icon_title\" style=\"\">Sheets and towels<\/h6><p style=''>You will find the beds made on your arrival. Bed linen and towels for the sofa bed are also provided.<\/p><\/div><\/div><\/div><div class='q_icon_with_title tiny normal_icon '><div class=\"icon_holder \" style=\" \"><span data-icon-type=\"normal\" class=\"qode_iwt_icon_holder q_font_awsome_icon fa-lg  \"><i class=\"qode_icon_font_awesome fa fa-coffee qode_iwt_icon_element\" style=\"color: #76b0ac\"><\/i><\/span><\/div><div class=\"icon_text_holder\" style=\"\"><div class=\"icon_text_inner\" style=\"\"><h6 class=\"icon_title\" style=\"\">Surprise<\/h6><p style=''>A gourmet surprise will await you upon arrival.<\/p><\/div><\/div><\/div><div class='q_icon_with_title tiny normal_icon '><div class=\"icon_holder \" style=\" \"><span data-icon-type=\"normal\" class=\"qode_iwt_icon_holder q_font_awsome_icon fa-lg  \"><i class=\"qode_icon_font_awesome fa fa-clock-o qode_iwt_icon_element\" style=\"color: #76b0ac\"><\/i><\/span><\/div><div class=\"icon_text_holder\" style=\"\"><div class=\"icon_text_inner\" style=\"\"><h6 class=\"icon_title\" style=\"\">Arrivals and departures<\/h6><p style=''>Arrival: from 4pm onwards<br \/>\nDeparture: 10am<\/p><\/div><\/div><\/div><div class='q_icon_with_title tiny normal_icon '><div class=\"icon_holder \" style=\" \"><span data-icon-type=\"normal\" class=\"qode_iwt_icon_holder q_font_awsome_icon fa-lg  \"><i class=\"qode_icon_font_awesome_5 fa5 fa fa-broom qode_iwt_icon_element\" style=\"color: #76b0ac\"><\/i><\/span><\/div><div class=\"icon_text_holder\" style=\"\"><div class=\"icon_text_inner\" style=\"\"><h6 class=\"icon_title\" style=\"\">Cleaning<\/h6><p style=''>Included<\/p><\/div><\/div><\/div><div class='q_icon_with_title tiny normal_icon '><div class=\"icon_holder \" style=\" \"><span data-icon-type=\"normal\" class=\"qode_iwt_icon_holder q_font_awsome_icon fa-lg  \"><i class=\"qode_icon_font_awesome_5 fa5 fa fa-piggy-bank qode_iwt_icon_element\" style=\"color: #76b0ac\"><\/i><\/span><\/div><div class=\"icon_text_holder\" style=\"\"><div class=\"icon_text_inner\" style=\"\"><h6 class=\"icon_title\" style=\"\">Taxe de s\u00e9jour<\/h6><p style=''>Local holiday tax will be applied according to current tariff<\/p><\/div><\/div><\/div><div class='q_icon_with_title tiny normal_icon '><div class=\"icon_holder \" style=\" \"><span data-icon-type=\"normal\" class=\"qode_iwt_icon_holder q_font_awsome_icon fa-lg  \"><i class=\"qode_icon_font_awesome_5 fa5 fa fa-plug qode_iwt_icon_element\" style=\"color: #76b0ac\"><\/i><\/span><\/div><div class=\"icon_text_holder\" style=\"\"><div class=\"icon_text_inner\" style=\"\"><h6 class=\"icon_title\" style=\"\">Electricity<\/h6><p style=''>included from June to September. Supplement from October to May<\/p><\/div><\/div><\/div>[\/vc_column_inner][\/vc_row_inner][\/vc_column][\/vc_row]<\/p>\n<\/div>","protected":false},"excerpt":{"rendered":"<p>[vc_row css_animation=&#8221;&#8221; row_type=&#8221;row&#8221; use_row_as_full_screen_section=&#8221;no&#8221; type=&#8221;grid&#8221; angled_section=&#8221;no&#8221; text_align=&#8221;center&#8221; background_image_as_pattern=&#8221;without_pattern&#8221; z_index=&#8221;&#8221; css=&#8221;.vc_custom_1617896719873{padding-top: 100px !important;padding-bottom: 50px !important;}&#8221;][vc_column][vc_column_text] Ti Sistr Holiday Home in the Cotes d\u2019Armor [\/vc_column_text][vc_empty_space][vc_row_inner row_type=&#8221;row&#8221; type=&#8221;grid&#8221; text_align=&#8221;left&#8221; css_animation=&#8221;&#8221;][vc_column_inner][vc_column_text] Sistr (46m2) with its apple-green paint-work, has retained its traditional atmosphere with its bedroom on the ground floor&#8230;<\/p>\n","protected":false},"author":2,"featured_media":0,"parent":0,"menu_order":0,"comment_status":"closed","ping_status":"closed","template":"full_width.php","meta":{"footnotes":""},"class_list":["post-1574","page","type-page","status-publish","hentry"],"yoast_head":"<!-- This site is optimized with the Yoast SEO plugin v27.3 - https:\/\/yoast.com\/product\/yoast-seo-wordpress\/ -->\n<title>G\u00eete Ti Sistr - Ker an Avalenn<\/title>\n<meta name=\"description\" content=\"Holiday Home in the Cotes d\u2019Armor Sistr (46m2) with its apple-green paint-work, has retained its traditional atmosphere with its bedroom on...\" \/>\n<meta name=\"robots\" content=\"index, follow, max-snippet:-1, max-image-preview:large, max-video-preview:-1\" \/>\n<link rel=\"canonical\" href=\"https:\/\/avalenn-bretagne.com\/en\/gite-ti-sistr\/\" \/>\n<meta property=\"og:locale\" content=\"en_US\" \/>\n<meta property=\"og:type\" content=\"article\" \/>\n<meta property=\"og:title\" content=\"G\u00eete Ti Sistr - Ker an Avalenn\" \/>\n<meta property=\"og:description\" content=\"Holiday Home in the Cotes d\u2019Armor Sistr (46m2) with its apple-green paint-work, has retained its traditional atmosphere with its bedroom on...\" \/>\n<meta property=\"og:url\" content=\"https:\/\/avalenn-bretagne.com\/en\/gite-ti-sistr\/\" \/>\n<meta property=\"og:site_name\" content=\"Ker an Avalenn\" \/>\n<meta property=\"article:modified_time\" content=\"2022-12-17T10:37:53+00:00\" \/>\n<meta name=\"twitter:card\" content=\"summary_large_image\" \/>\n<script type=\"application\/ld+json\" class=\"yoast-schema-graph\">{\"@context\":\"https:\\\/\\\/schema.org\",\"@graph\":[{\"@type\":\"WebPage\",\"@id\":\"https:\\\/\\\/avalenn-bretagne.com\\\/en\\\/gite-ti-sistr\\\/\",\"url\":\"https:\\\/\\\/avalenn-bretagne.com\\\/en\\\/gite-ti-sistr\\\/\",\"name\":\"G\u00eete Ti Sistr - Ker an Avalenn\",\"isPartOf\":{\"@id\":\"https:\\\/\\\/avalenn-bretagne.com\\\/en\\\/#website\"},\"datePublished\":\"2021-10-22T13:01:21+00:00\",\"dateModified\":\"2022-12-17T10:37:53+00:00\",\"description\":\"Holiday Home in the Cotes d\u2019Armor Sistr (46m2) with its apple-green paint-work, has retained its traditional atmosphere with its bedroom on...\",\"breadcrumb\":{\"@id\":\"https:\\\/\\\/avalenn-bretagne.com\\\/en\\\/gite-ti-sistr\\\/#breadcrumb\"},\"inLanguage\":\"en-US\",\"potentialAction\":[{\"@type\":\"ReadAction\",\"target\":[\"https:\\\/\\\/avalenn-bretagne.com\\\/en\\\/gite-ti-sistr\\\/\"]}]},{\"@type\":\"BreadcrumbList\",\"@id\":\"https:\\\/\\\/avalenn-bretagne.com\\\/en\\\/gite-ti-sistr\\\/#breadcrumb\",\"itemListElement\":[{\"@type\":\"ListItem\",\"position\":1,\"name\":\"Accueil\",\"item\":\"https:\\\/\\\/avalenn-bretagne.com\\\/en\\\/\"},{\"@type\":\"ListItem\",\"position\":2,\"name\":\"G\u00eete Ti Sistr\"}]},{\"@type\":\"WebSite\",\"@id\":\"https:\\\/\\\/avalenn-bretagne.com\\\/en\\\/#website\",\"url\":\"https:\\\/\\\/avalenn-bretagne.com\\\/en\\\/\",\"name\":\"Ker an Avalenn\",\"description\":\"Locations saisonni\u00e8res | Organisation d&#039;\u00e9v\u00e9nements\",\"publisher\":{\"@id\":\"https:\\\/\\\/avalenn-bretagne.com\\\/en\\\/#organization\"},\"potentialAction\":[{\"@type\":\"SearchAction\",\"target\":{\"@type\":\"EntryPoint\",\"urlTemplate\":\"https:\\\/\\\/avalenn-bretagne.com\\\/en\\\/?s={search_term_string}\"},\"query-input\":{\"@type\":\"PropertyValueSpecification\",\"valueRequired\":true,\"valueName\":\"search_term_string\"}}],\"inLanguage\":\"en-US\"},{\"@type\":\"Organization\",\"@id\":\"https:\\\/\\\/avalenn-bretagne.com\\\/en\\\/#organization\",\"name\":\"Ker an Avalenn\",\"url\":\"https:\\\/\\\/avalenn-bretagne.com\\\/en\\\/\",\"logo\":{\"@type\":\"ImageObject\",\"inLanguage\":\"en-US\",\"@id\":\"https:\\\/\\\/avalenn-bretagne.com\\\/en\\\/#\\\/schema\\\/logo\\\/image\\\/\",\"url\":\"https:\\\/\\\/avalenn-bretagne.com\\\/wp-content\\\/uploads\\\/2021\\\/04\\\/Avalenn-bretagne-logo.png\",\"contentUrl\":\"https:\\\/\\\/avalenn-bretagne.com\\\/wp-content\\\/uploads\\\/2021\\\/04\\\/Avalenn-bretagne-logo.png\",\"width\":238,\"height\":100,\"caption\":\"Ker an Avalenn\"},\"image\":{\"@id\":\"https:\\\/\\\/avalenn-bretagne.com\\\/en\\\/#\\\/schema\\\/logo\\\/image\\\/\"}}]}<\/script>\n<!-- \/ Yoast SEO plugin. -->","yoast_head_json":{"title":"G\u00eete Ti Sistr - Ker an Avalenn","description":"Holiday Home in the Cotes d\u2019Armor Sistr (46m2) with its apple-green paint-work, has retained its traditional atmosphere with its bedroom on...","robots":{"index":"index","follow":"follow","max-snippet":"max-snippet:-1","max-image-preview":"max-image-preview:large","max-video-preview":"max-video-preview:-1"},"canonical":"https:\/\/avalenn-bretagne.com\/en\/gite-ti-sistr\/","og_locale":"en_US","og_type":"article","og_title":"G\u00eete Ti Sistr - Ker an Avalenn","og_description":"Holiday Home in the Cotes d\u2019Armor Sistr (46m2) with its apple-green paint-work, has retained its traditional atmosphere with its bedroom on...","og_url":"https:\/\/avalenn-bretagne.com\/en\/gite-ti-sistr\/","og_site_name":"Ker an Avalenn","article_modified_time":"2022-12-17T10:37:53+00:00","twitter_card":"summary_large_image","schema":{"@context":"https:\/\/schema.org","@graph":[{"@type":"WebPage","@id":"https:\/\/avalenn-bretagne.com\/en\/gite-ti-sistr\/","url":"https:\/\/avalenn-bretagne.com\/en\/gite-ti-sistr\/","name":"G\u00eete Ti Sistr - Ker an Avalenn","isPartOf":{"@id":"https:\/\/avalenn-bretagne.com\/en\/#website"},"datePublished":"2021-10-22T13:01:21+00:00","dateModified":"2022-12-17T10:37:53+00:00","description":"Holiday Home in the Cotes d\u2019Armor Sistr (46m2) with its apple-green paint-work, has retained its traditional atmosphere with its bedroom on...","breadcrumb":{"@id":"https:\/\/avalenn-bretagne.com\/en\/gite-ti-sistr\/#breadcrumb"},"inLanguage":"en-US","potentialAction":[{"@type":"ReadAction","target":["https:\/\/avalenn-bretagne.com\/en\/gite-ti-sistr\/"]}]},{"@type":"BreadcrumbList","@id":"https:\/\/avalenn-bretagne.com\/en\/gite-ti-sistr\/#breadcrumb","itemListElement":[{"@type":"ListItem","position":1,"name":"Accueil","item":"https:\/\/avalenn-bretagne.com\/en\/"},{"@type":"ListItem","position":2,"name":"G\u00eete Ti Sistr"}]},{"@type":"WebSite","@id":"https:\/\/avalenn-bretagne.com\/en\/#website","url":"https:\/\/avalenn-bretagne.com\/en\/","name":"Ker an Avalenn","description":"Locations saisonni\u00e8res | Organisation d&#039;\u00e9v\u00e9nements","publisher":{"@id":"https:\/\/avalenn-bretagne.com\/en\/#organization"},"potentialAction":[{"@type":"SearchAction","target":{"@type":"EntryPoint","urlTemplate":"https:\/\/avalenn-bretagne.com\/en\/?s={search_term_string}"},"query-input":{"@type":"PropertyValueSpecification","valueRequired":true,"valueName":"search_term_string"}}],"inLanguage":"en-US"},{"@type":"Organization","@id":"https:\/\/avalenn-bretagne.com\/en\/#organization","name":"Ker an Avalenn","url":"https:\/\/avalenn-bretagne.com\/en\/","logo":{"@type":"ImageObject","inLanguage":"en-US","@id":"https:\/\/avalenn-bretagne.com\/en\/#\/schema\/logo\/image\/","url":"https:\/\/avalenn-bretagne.com\/wp-content\/uploads\/2021\/04\/Avalenn-bretagne-logo.png","contentUrl":"https:\/\/avalenn-bretagne.com\/wp-content\/uploads\/2021\/04\/Avalenn-bretagne-logo.png","width":238,"height":100,"caption":"Ker an Avalenn"},"image":{"@id":"https:\/\/avalenn-bretagne.com\/en\/#\/schema\/logo\/image\/"}}]}},"_links":{"self":[{"href":"https:\/\/avalenn-bretagne.com\/en\/wp-json\/wp\/v2\/pages\/1574","targetHints":{"allow":["GET"]}}],"collection":[{"href":"https:\/\/avalenn-bretagne.com\/en\/wp-json\/wp\/v2\/pages"}],"about":[{"href":"https:\/\/avalenn-bretagne.com\/en\/wp-json\/wp\/v2\/types\/page"}],"author":[{"embeddable":true,"href":"https:\/\/avalenn-bretagne.com\/en\/wp-json\/wp\/v2\/users\/2"}],"replies":[{"embeddable":true,"href":"https:\/\/avalenn-bretagne.com\/en\/wp-json\/wp\/v2\/comments?post=1574"}],"version-history":[{"count":0,"href":"https:\/\/avalenn-bretagne.com\/en\/wp-json\/wp\/v2\/pages\/1574\/revisions"}],"wp:attachment":[{"href":"https:\/\/avalenn-bretagne.com\/en\/wp-json\/wp\/v2\/media?parent=1574"}],"curies":[{"name":"wp","href":"https:\/\/api.w.org\/{rel}","templated":true}]}}