{"id":1547,"date":"2021-10-22T13:35:38","date_gmt":"2021-10-22T11:35:38","guid":{"rendered":"https:\/\/avalenn-bretagne.com\/?page_id=1547"},"modified":"2021-10-26T12:32:41","modified_gmt":"2021-10-26T10:32:41","slug":"holiday-homes-for-rent","status":"publish","type":"page","link":"https:\/\/avalenn-bretagne.com\/en\/holiday-homes-for-rent\/","title":{"rendered":"Holiday homes for rent"},"content":{"rendered":"<div class=\"wpb-content-wrapper\"><p>[vc_row css_animation=&#8221;&#8221; row_type=&#8221;row&#8221; use_row_as_full_screen_section=&#8221;no&#8221; type=&#8221;grid&#8221; angled_section=&#8221;no&#8221; text_align=&#8221;center&#8221; background_image_as_pattern=&#8221;without_pattern&#8221; z_index=&#8221;&#8221; css=&#8221;.vc_custom_1617957971872{padding-top: 102px !important;padding-bottom: 110px !important;}&#8221;][vc_column][vc_column_text]<\/p>\n<h2 style=\"text-align: center;\">Our g\u00eetes<\/h2>\n<p>[\/vc_column_text][vc_empty_space height=&#8221;70px&#8221;][vc_row_inner row_type=&#8221;row&#8221; type=&#8221;full_width&#8221; text_align=&#8221;left&#8221; css_animation=&#8221;&#8221;][vc_column_inner width=&#8221;1\/4&#8243;][vc_column_text]<\/p>\n<h3 style=\"text-align: center;\">Gite Ti Gwez<\/h3>\n<p>[\/vc_column_text][vc_empty_space][vc_single_image image=&#8221;1393&#8243; img_size=&#8221;full&#8221; alignment=&#8221;center&#8221; onclick=&#8221;custom_link&#8221; qode_css_animation=&#8221;&#8221; qode_hover_animation=&#8221;zoom_in&#8221; link=&#8221;https:\/\/avalenn-bretagne.com\/gite-ti-gwez-location-cotes-darmor\/&#8221;]<a  itemprop=\"url\" href=\"https:\/\/avalenn-bretagne.com\/en\/gite-ti-gwez\/\" target=\"_self\"  class=\"qbutton  big_large_full_width center default\" style=\"\">For 2 to 3 people<i class=\"qode_icon_font_awesome fa fa-angle-right qode_button_icon_element\" style=\"color: #ffffff\"><\/i><\/a>[\/vc_column_inner][vc_column_inner width=&#8221;1\/4&#8243;][vc_column_text]<\/p>\n<h3 style=\"text-align: center;\">Gite Ti Dour<\/h3>\n<p>[\/vc_column_text][vc_empty_space][vc_single_image image=&#8221;1413&#8243; img_size=&#8221;full&#8221; alignment=&#8221;center&#8221; onclick=&#8221;custom_link&#8221; qode_css_animation=&#8221;&#8221; qode_hover_animation=&#8221;zoom_in&#8221; link=&#8221;https:\/\/avalenn-bretagne.com\/gite-ti-dour-location-cotes-darmor\/&#8221;]<a  itemprop=\"url\" href=\"https:\/\/avalenn-bretagne.com\/en\/gite-ti-dour\/\" target=\"_self\"  class=\"qbutton  big_large_full_width default\" style=\"\">For 2 to 3 people<i class=\"qode_icon_font_awesome fa fa-angle-right qode_button_icon_element\"><\/i><\/a>[\/vc_column_inner][vc_column_inner width=&#8221;1\/4&#8243;][vc_column_text]<\/p>\n<h3 style=\"text-align: center;\">Gite Ti Sistr<\/h3>\n<p>[\/vc_column_text][vc_empty_space][vc_single_image image=&#8221;1415&#8243; img_size=&#8221;full&#8221; alignment=&#8221;center&#8221; onclick=&#8221;custom_link&#8221; qode_css_animation=&#8221;&#8221; qode_hover_animation=&#8221;zoom_in&#8221; link=&#8221;https:\/\/avalenn-bretagne.com\/location-gite-ti-sistr-cotes-darmor\/&#8221;]<a  itemprop=\"url\" href=\"https:\/\/avalenn-bretagne.com\/en\/gite-ti-sistr\/\" target=\"_self\"  class=\"qbutton  big_large_full_width default\" style=\"\">For 2 to 4 people<i class=\"qode_icon_font_awesome fa fa-angle-right qode_button_icon_element\" style=\"color: #ffffff\"><\/i><\/a>[\/vc_column_inner][vc_column_inner width=&#8221;1\/4&#8243;][vc_column_text]<\/p>\n<h3 style=\"text-align: center;\">Gite Ti Aval<\/h3>\n<p>[\/vc_column_text][vc_empty_space][vc_single_image image=&#8221;1414&#8243; img_size=&#8221;full&#8221; alignment=&#8221;center&#8221; onclick=&#8221;custom_link&#8221; qode_css_animation=&#8221;&#8221; qode_hover_animation=&#8221;zoom_in&#8221; link=&#8221;https:\/\/avalenn-bretagne.com\/location-gite-ti-aval-cotes-darmor\/&#8221;]<a  itemprop=\"url\" href=\"https:\/\/avalenn-bretagne.com\/en\/gite-ti-aval\/\" target=\"_self\"  class=\"qbutton  big_large_full_width default\" style=\"\">For 2 to 6 people<i class=\"qode_icon_font_awesome fa fa-angle-right qode_button_icon_element\" style=\"color: #ffffff\"><\/i><\/a>[\/vc_column_inner][\/vc_row_inner][vc_empty_space][\/vc_column][\/vc_row]<\/p>\n<\/div>","protected":false},"excerpt":{"rendered":"<p>[vc_row css_animation=&#8221;&#8221; row_type=&#8221;row&#8221; use_row_as_full_screen_section=&#8221;no&#8221; type=&#8221;grid&#8221; angled_section=&#8221;no&#8221; text_align=&#8221;center&#8221; background_image_as_pattern=&#8221;without_pattern&#8221; z_index=&#8221;&#8221; css=&#8221;.vc_custom_1617957971872{padding-top: 102px !important;padding-bottom: 110px !important;}&#8221;][vc_column][vc_column_text] Our g\u00eetes [\/vc_column_text][vc_empty_space height=&#8221;70px&#8221;][vc_row_inner row_type=&#8221;row&#8221; type=&#8221;full_width&#8221; text_align=&#8221;left&#8221; css_animation=&#8221;&#8221;][vc_column_inner width=&#8221;1\/4&#8243;][vc_column_text] Gite Ti Gwez [\/vc_column_text][vc_empty_space][vc_single_image image=&#8221;1393&#8243; img_size=&#8221;full&#8221; alignment=&#8221;center&#8221; onclick=&#8221;custom_link&#8221; qode_css_animation=&#8221;&#8221; qode_hover_animation=&#8221;zoom_in&#8221; link=&#8221;https:\/\/avalenn-bretagne.com\/gite-ti-gwez-location-cotes-darmor\/&#8221;][\/vc_column_inner][vc_column_inner width=&#8221;1\/4&#8243;][vc_column_text] Gite Ti Dour [\/vc_column_text][vc_empty_space][vc_single_image image=&#8221;1413&#8243; img_size=&#8221;full&#8221; alignment=&#8221;center&#8221; onclick=&#8221;custom_link&#8221; qode_css_animation=&#8221;&#8221; qode_hover_animation=&#8221;zoom_in&#8221;&#8230;<\/p>\n","protected":false},"author":2,"featured_media":0,"parent":0,"menu_order":0,"comment_status":"closed","ping_status":"closed","template":"full_width.php","meta":{"footnotes":""},"class_list":["post-1547","page","type-page","status-publish","hentry"],"yoast_head":"<!-- This site is optimized with the Yoast SEO plugin v27.3 - https:\/\/yoast.com\/product\/yoast-seo-wordpress\/ -->\n<title>Holiday homes for rent - Ker an Avalenn<\/title>\n<meta name=\"description\" content=\"Holiday homes for rent Gite Ti Gwez For 2 to 3 people - Gite Ti Aval For 2 to 6 people - Gite Ti Sistr For 2 to 4 people - For 2 to 3 people\" \/>\n<meta name=\"robots\" content=\"index, follow, max-snippet:-1, max-image-preview:large, max-video-preview:-1\" \/>\n<link rel=\"canonical\" href=\"https:\/\/avalenn-bretagne.com\/en\/holiday-homes-for-rent\/\" \/>\n<meta property=\"og:locale\" content=\"en_US\" \/>\n<meta property=\"og:type\" content=\"article\" \/>\n<meta property=\"og:title\" content=\"Holiday homes for rent - Ker an Avalenn\" \/>\n<meta property=\"og:description\" content=\"Holiday homes for rent Gite Ti Gwez For 2 to 3 people - Gite Ti Aval For 2 to 6 people - Gite Ti Sistr For 2 to 4 people - For 2 to 3 people\" \/>\n<meta property=\"og:url\" content=\"https:\/\/avalenn-bretagne.com\/en\/holiday-homes-for-rent\/\" \/>\n<meta property=\"og:site_name\" content=\"Ker an Avalenn\" \/>\n<meta property=\"article:modified_time\" content=\"2021-10-26T10:32:41+00:00\" \/>\n<meta name=\"twitter:card\" content=\"summary_large_image\" \/>\n<script type=\"application\/ld+json\" class=\"yoast-schema-graph\">{\"@context\":\"https:\\\/\\\/schema.org\",\"@graph\":[{\"@type\":\"WebPage\",\"@id\":\"https:\\\/\\\/avalenn-bretagne.com\\\/en\\\/holiday-homes-for-rent\\\/\",\"url\":\"https:\\\/\\\/avalenn-bretagne.com\\\/en\\\/holiday-homes-for-rent\\\/\",\"name\":\"Holiday homes for rent - Ker an Avalenn\",\"isPartOf\":{\"@id\":\"https:\\\/\\\/avalenn-bretagne.com\\\/en\\\/#website\"},\"datePublished\":\"2021-10-22T11:35:38+00:00\",\"dateModified\":\"2021-10-26T10:32:41+00:00\",\"description\":\"Holiday homes for rent Gite Ti Gwez For 2 to 3 people - Gite Ti Aval For 2 to 6 people - Gite Ti Sistr For 2 to 4 people - For 2 to 3 people\",\"breadcrumb\":{\"@id\":\"https:\\\/\\\/avalenn-bretagne.com\\\/en\\\/holiday-homes-for-rent\\\/#breadcrumb\"},\"inLanguage\":\"en-US\",\"potentialAction\":[{\"@type\":\"ReadAction\",\"target\":[\"https:\\\/\\\/avalenn-bretagne.com\\\/en\\\/holiday-homes-for-rent\\\/\"]}]},{\"@type\":\"BreadcrumbList\",\"@id\":\"https:\\\/\\\/avalenn-bretagne.com\\\/en\\\/holiday-homes-for-rent\\\/#breadcrumb\",\"itemListElement\":[{\"@type\":\"ListItem\",\"position\":1,\"name\":\"Accueil\",\"item\":\"https:\\\/\\\/avalenn-bretagne.com\\\/en\\\/\"},{\"@type\":\"ListItem\",\"position\":2,\"name\":\"Holiday homes for rent\"}]},{\"@type\":\"WebSite\",\"@id\":\"https:\\\/\\\/avalenn-bretagne.com\\\/en\\\/#website\",\"url\":\"https:\\\/\\\/avalenn-bretagne.com\\\/en\\\/\",\"name\":\"Ker an Avalenn\",\"description\":\"Locations saisonni\u00e8res | Organisation d&#039;\u00e9v\u00e9nements\",\"publisher\":{\"@id\":\"https:\\\/\\\/avalenn-bretagne.com\\\/en\\\/#organization\"},\"potentialAction\":[{\"@type\":\"SearchAction\",\"target\":{\"@type\":\"EntryPoint\",\"urlTemplate\":\"https:\\\/\\\/avalenn-bretagne.com\\\/en\\\/?s={search_term_string}\"},\"query-input\":{\"@type\":\"PropertyValueSpecification\",\"valueRequired\":true,\"valueName\":\"search_term_string\"}}],\"inLanguage\":\"en-US\"},{\"@type\":\"Organization\",\"@id\":\"https:\\\/\\\/avalenn-bretagne.com\\\/en\\\/#organization\",\"name\":\"Ker an Avalenn\",\"url\":\"https:\\\/\\\/avalenn-bretagne.com\\\/en\\\/\",\"logo\":{\"@type\":\"ImageObject\",\"inLanguage\":\"en-US\",\"@id\":\"https:\\\/\\\/avalenn-bretagne.com\\\/en\\\/#\\\/schema\\\/logo\\\/image\\\/\",\"url\":\"https:\\\/\\\/avalenn-bretagne.com\\\/wp-content\\\/uploads\\\/2021\\\/04\\\/Avalenn-bretagne-logo.png\",\"contentUrl\":\"https:\\\/\\\/avalenn-bretagne.com\\\/wp-content\\\/uploads\\\/2021\\\/04\\\/Avalenn-bretagne-logo.png\",\"width\":238,\"height\":100,\"caption\":\"Ker an Avalenn\"},\"image\":{\"@id\":\"https:\\\/\\\/avalenn-bretagne.com\\\/en\\\/#\\\/schema\\\/logo\\\/image\\\/\"}}]}<\/script>\n<!-- \/ Yoast SEO plugin. -->","yoast_head_json":{"title":"Holiday homes for rent - Ker an Avalenn","description":"Holiday homes for rent Gite Ti Gwez For 2 to 3 people - Gite Ti Aval For 2 to 6 people - Gite Ti Sistr For 2 to 4 people - For 2 to 3 people","robots":{"index":"index","follow":"follow","max-snippet":"max-snippet:-1","max-image-preview":"max-image-preview:large","max-video-preview":"max-video-preview:-1"},"canonical":"https:\/\/avalenn-bretagne.com\/en\/holiday-homes-for-rent\/","og_locale":"en_US","og_type":"article","og_title":"Holiday homes for rent - Ker an Avalenn","og_description":"Holiday homes for rent Gite Ti Gwez For 2 to 3 people - Gite Ti Aval For 2 to 6 people - Gite Ti Sistr For 2 to 4 people - For 2 to 3 people","og_url":"https:\/\/avalenn-bretagne.com\/en\/holiday-homes-for-rent\/","og_site_name":"Ker an Avalenn","article_modified_time":"2021-10-26T10:32:41+00:00","twitter_card":"summary_large_image","schema":{"@context":"https:\/\/schema.org","@graph":[{"@type":"WebPage","@id":"https:\/\/avalenn-bretagne.com\/en\/holiday-homes-for-rent\/","url":"https:\/\/avalenn-bretagne.com\/en\/holiday-homes-for-rent\/","name":"Holiday homes for rent - Ker an Avalenn","isPartOf":{"@id":"https:\/\/avalenn-bretagne.com\/en\/#website"},"datePublished":"2021-10-22T11:35:38+00:00","dateModified":"2021-10-26T10:32:41+00:00","description":"Holiday homes for rent Gite Ti Gwez For 2 to 3 people - Gite Ti Aval For 2 to 6 people - Gite Ti Sistr For 2 to 4 people - For 2 to 3 people","breadcrumb":{"@id":"https:\/\/avalenn-bretagne.com\/en\/holiday-homes-for-rent\/#breadcrumb"},"inLanguage":"en-US","potentialAction":[{"@type":"ReadAction","target":["https:\/\/avalenn-bretagne.com\/en\/holiday-homes-for-rent\/"]}]},{"@type":"BreadcrumbList","@id":"https:\/\/avalenn-bretagne.com\/en\/holiday-homes-for-rent\/#breadcrumb","itemListElement":[{"@type":"ListItem","position":1,"name":"Accueil","item":"https:\/\/avalenn-bretagne.com\/en\/"},{"@type":"ListItem","position":2,"name":"Holiday homes for rent"}]},{"@type":"WebSite","@id":"https:\/\/avalenn-bretagne.com\/en\/#website","url":"https:\/\/avalenn-bretagne.com\/en\/","name":"Ker an Avalenn","description":"Locations saisonni\u00e8res | Organisation d&#039;\u00e9v\u00e9nements","publisher":{"@id":"https:\/\/avalenn-bretagne.com\/en\/#organization"},"potentialAction":[{"@type":"SearchAction","target":{"@type":"EntryPoint","urlTemplate":"https:\/\/avalenn-bretagne.com\/en\/?s={search_term_string}"},"query-input":{"@type":"PropertyValueSpecification","valueRequired":true,"valueName":"search_term_string"}}],"inLanguage":"en-US"},{"@type":"Organization","@id":"https:\/\/avalenn-bretagne.com\/en\/#organization","name":"Ker an Avalenn","url":"https:\/\/avalenn-bretagne.com\/en\/","logo":{"@type":"ImageObject","inLanguage":"en-US","@id":"https:\/\/avalenn-bretagne.com\/en\/#\/schema\/logo\/image\/","url":"https:\/\/avalenn-bretagne.com\/wp-content\/uploads\/2021\/04\/Avalenn-bretagne-logo.png","contentUrl":"https:\/\/avalenn-bretagne.com\/wp-content\/uploads\/2021\/04\/Avalenn-bretagne-logo.png","width":238,"height":100,"caption":"Ker an Avalenn"},"image":{"@id":"https:\/\/avalenn-bretagne.com\/en\/#\/schema\/logo\/image\/"}}]}},"_links":{"self":[{"href":"https:\/\/avalenn-bretagne.com\/en\/wp-json\/wp\/v2\/pages\/1547","targetHints":{"allow":["GET"]}}],"collection":[{"href":"https:\/\/avalenn-bretagne.com\/en\/wp-json\/wp\/v2\/pages"}],"about":[{"href":"https:\/\/avalenn-bretagne.com\/en\/wp-json\/wp\/v2\/types\/page"}],"author":[{"embeddable":true,"href":"https:\/\/avalenn-bretagne.com\/en\/wp-json\/wp\/v2\/users\/2"}],"replies":[{"embeddable":true,"href":"https:\/\/avalenn-bretagne.com\/en\/wp-json\/wp\/v2\/comments?post=1547"}],"version-history":[{"count":0,"href":"https:\/\/avalenn-bretagne.com\/en\/wp-json\/wp\/v2\/pages\/1547\/revisions"}],"wp:attachment":[{"href":"https:\/\/avalenn-bretagne.com\/en\/wp-json\/wp\/v2\/media?parent=1547"}],"curies":[{"name":"wp","href":"https:\/\/api.w.org\/{rel}","templated":true}]}}