{"id":1538,"date":"2021-10-22T13:08:50","date_gmt":"2021-10-22T11:08:50","guid":{"rendered":"https:\/\/avalenn-bretagne.com\/?page_id=1538"},"modified":"2022-07-04T10:37:31","modified_gmt":"2022-07-04T08:37:31","slug":"ker-an-avalenn-apple-hamlet","status":"publish","type":"page","link":"https:\/\/avalenn-bretagne.com\/en\/","title":{"rendered":"Ker an Avalenn Apple Hamlet"},"content":{"rendered":"<div class=\"wpb-content-wrapper\"><p>[vc_row css_animation=&#8221;&#8221; row_type=&#8221;row&#8221; use_row_as_full_screen_section=&#8221;no&#8221; type=&#8221;grid&#8221; angled_section=&#8221;no&#8221; text_align=&#8221;center&#8221; background_image_as_pattern=&#8221;without_pattern&#8221; z_index=&#8221;&#8221; css=&#8221;.vc_custom_1617026718645{padding-top: 102px !important;padding-bottom: 65px !important;background-color: #ffffff !important;}&#8221;][vc_column][vc_column_text]<\/p>\n<h2 style=\"text-align: center;\">Ker an Avalenn<\/h2>\n<h2 style=\"text-align: center;\">Apple Hamlet<\/h2>\n<p>[\/vc_column_text][vc_empty_space][vc_text_separator title=&#8221;There\u2019s no other place quite like it. The only place to go&#8221; i_icon_material=&#8221;vc-material vc-material-settings_applications&#8221; border=&#8221;no&#8221; title_color=&#8221;#ffffff&#8221;][vc_empty_space][vc_row_inner row_type=&#8221;row&#8221; type=&#8221;grid&#8221; text_align=&#8221;left&#8221; css_animation=&#8221;&#8221;][vc_column_inner width=&#8221;1\/2&#8243;][vc_column_text]There are places that invite us to linger, some that move us to paint or to write poetry, there are places to share with people we cherish and others that encourage silence. And there are a few where all of these come together and lead us like a lover to where nature in all its splendour embraces the sky.<br \/>\nThere where the narrow lane ends ; and then nothing but trees as far as the eye can see. Just the Kerodan meandering down along the edge of a field on its way to join the Jaudy. And apple trees, both cider and dessert.[\/vc_column_text][\/vc_column_inner][vc_column_inner width=&#8221;1\/2&#8243;][vc_column_text]There where your projects and your yearnings meet, Ker an Avalenn welcomes you with warmth and simplicity to make you feel perfectly at home.<br \/>\nEnjoy your stay![\/vc_column_text][\/vc_column_inner][\/vc_row_inner][vc_row_inner row_type=&#8221;row&#8221; type=&#8221;grid&#8221; text_align=&#8221;left&#8221; css_animation=&#8221;&#8221;][vc_column_inner width=&#8221;1\/6&#8243;][\/vc_column_inner][vc_column_inner width=&#8221;2\/3&#8243;][vc_column_text]<\/p>\n<div class=\"video\">\n<p><iframe src=\"https:\/\/player.vimeo.com\/video\/726628663?h=d3940f6196\" width=\"640\" height=\"564\" frameborder=\"0\" allowfullscreen=\"allowfullscreen\"><\/iframe><\/p>\n<\/div>\n<p>[\/vc_column_text][\/vc_column_inner][vc_column_inner width=&#8221;1\/6&#8243;][\/vc_column_inner][\/vc_row_inner][vc_empty_space][\/vc_column][\/vc_row][vc_row css_animation=&#8221;&#8221; row_type=&#8221;row&#8221; use_row_as_full_screen_section=&#8221;no&#8221; type=&#8221;grid&#8221; angled_section=&#8221;no&#8221; text_align=&#8221;center&#8221; background_image_as_pattern=&#8221;without_pattern&#8221; z_index=&#8221;&#8221; css=&#8221;.vc_custom_1617026607675{padding-top: 102px !important;padding-bottom: 65px !important;background-color: #f7f7f7 !important;}&#8221;][vc_column][vc_column_text]<\/p>\n<h2 style=\"text-align: center;\">To experience together<\/h2>\n<p>[\/vc_column_text][vc_empty_space][vc_row_inner row_type=&#8221;row&#8221; type=&#8221;grid&#8221; text_align=&#8221;left&#8221; css_animation=&#8221;&#8221; css=&#8221;.vc_custom_1619000521620{padding-top: 20px !important;padding-right: 20px !important;padding-bottom: 20px !important;padding-left: 20px !important;background-color: #ffffff !important;}&#8221;][vc_column_inner width=&#8221;1\/3&#8243;]<div class='q_icon_with_title tiny custom_icon_image center '><div class=\"icon_holder \" style=\" \"><img decoding=\"async\" src=\"https:\/\/avalenn-bretagne.com\/wp-content\/uploads\/2021\/03\/locations-saisonnieres.jpg\" alt=\"locations-saisonnieres\"><\/div><div class=\"icon_text_holder\" style=\"\"><div class=\"icon_text_inner\" style=\"\"><h4 class=\"icon_title\" style=\"color: #000000;font-weight: 500;\">Seasonal rentals<\/h4><p style='color: #000000'>4 holiday homes available all the year round<\/p><\/div><\/div><\/div><a  itemprop=\"url\" href=\"https:\/\/avalenn-bretagne.com\/en\/holiday-homes-for-rent\/\" target=\"_self\" data-hover-background-color=\"#cbb6b4\" data-hover-border-color=\"#cbb6b4\" data-hover-color=\"#000000\" class=\"qbutton  big_large_full_width center enlarge\" style=\"color: #ffffff; border-color: #76b0ac; background-color:#76b0ac;\">Seasonal rentals<i class=\"qode_icon_font_awesome fa fa-angle-right qode_button_icon_element\"><\/i><\/a>[\/vc_column_inner][vc_column_inner width=&#8221;1\/3&#8243;]<div class='q_icon_with_title tiny custom_icon_image center '><div class=\"icon_holder \" style=\" \"><img decoding=\"async\" src=\"https:\/\/avalenn-bretagne.com\/wp-content\/uploads\/2021\/04\/evenement-organisation.jpg\" alt=\"Organisation d&#039;\u00e9v\u00e9nements\"><\/div><div class=\"icon_text_holder\" style=\"\"><div class=\"icon_text_inner\" style=\"\"><h4 class=\"icon_title\" style=\"color: #000000;font-weight: 500;\">Event planning<\/h4><p style='color: #000000'>retreats\/workshops\/training sessions business meetings and events - personal occasions - and the \u2018auberge\u2019 (inn)<\/p><\/div><\/div><\/div><a  itemprop=\"url\" href=\"https:\/\/avalenn-bretagne.com\/en\/event-organisation\/\" target=\"_self\" data-hover-background-color=\"#cbb6b4\" data-hover-border-color=\"#cbb6b4\" data-hover-color=\"#000000\" class=\"qbutton  big_large_full_width center enlarge\" style=\"color: #ffffff; border-color: #76b0ac; background-color:#76b0ac;\">Event planning<i class=\"qode_icon_font_awesome fa fa-angle-right qode_button_icon_element\" style=\"color: #ffffff\"><\/i><\/a>[\/vc_column_inner][vc_column_inner width=&#8221;1\/3&#8243;]<div class='q_icon_with_title tiny custom_icon_image center '><div class=\"icon_holder \" style=\" \"><img decoding=\"async\" src=\"https:\/\/avalenn-bretagne.com\/wp-content\/uploads\/2021\/04\/la-region.jpg\" alt=\"La R\u00e9gion C\u00f4tes d&#039;Armor\"><\/div><div class=\"icon_text_holder\" style=\"\"><div class=\"icon_text_inner\" style=\"\"><h4 class=\"icon_title\" style=\"color: #000000;font-weight: 500;\">The region<\/h4><p style='color: #000000'>What to see and do in the Tr\u00e9gor<\/p><\/div><\/div><\/div><a  itemprop=\"url\" href=\"https:\/\/avalenn-bretagne.com\/en\/the-region\" target=\"_self\" data-hover-background-color=\"#cbb6b4\" data-hover-border-color=\"#cbb6b4\" data-hover-color=\"#000000\" class=\"qbutton  big_large_full_width center enlarge\" style=\"color: #ffffff; border-color: #76b0ac; background-color:#76b0ac;\">The region<i class=\"qode_icon_font_awesome fa fa-angle-right qode_button_icon_element\" style=\"color: #ffffff\"><\/i><\/a>[\/vc_column_inner][\/vc_row_inner][\/vc_column][\/vc_row][vc_row css_animation=&#8221;&#8221; row_type=&#8221;row&#8221; use_row_as_full_screen_section=&#8221;no&#8221; type=&#8221;grid&#8221; angled_section=&#8221;no&#8221; text_align=&#8221;center&#8221; background_image_as_pattern=&#8221;without_pattern&#8221; z_index=&#8221;&#8221; css=&#8221;.vc_custom_1619000351942{padding-top: 102px !important;padding-bottom: 65px !important;background-color: #ffffff !important;}&#8221;][vc_column][vc_column_text]<\/p>\n<h2 style=\"text-align: center;\">News<\/h2>\n<p>[\/vc_column_text][vc_empty_space][vc_row_inner row_type=&#8221;row&#8221; type=&#8221;grid&#8221; text_align=&#8221;left&#8221; css_animation=&#8221;&#8221; css=&#8221;.vc_custom_1619078327022{padding-top: 20px !important;padding-right: 20px !important;padding-bottom: 20px !important;padding-left: 20px !important;background-color: #f7f7f7 !important;}&#8221;][vc_column_inner]\n<div class='latest_post_holder dividers four_columns five_rows' >\n    <ul>\n    \n        <li class=\"clearfix\">\n            <div class=\"boxes_image\">\n                                <a itemprop=\"url\" href=\"https:\/\/avalenn-bretagne.com\/en\/connection-mindfulness-retreat-2022-colette-power\/\"><img decoding=\"async\" width=\"500\" height=\"303\" src=\"https:\/\/avalenn-bretagne.com\/wp-content\/uploads\/2021\/07\/Colette-power-2-500x303.jpg\" class=\"attachment-latest_post_boxes size-latest_post_boxes wp-post-image\" alt=\"\" \/><\/a>\n            <\/div>\n            <div class=\"latest_post\"  >\n                <div class=\"latest_post_text\">\n                    <div class=\"latest_post_inner\">\n                        <div itemprop=\"dateCreated\" class=\"latest_post_date entry_date updated\">\n                            <div class=\"latest_post_day\">02<\/div>\n                            <div class=\"latest_post_month\">Nov<\/div>\n                            <meta itemprop=\"interactionCount\" content=\"UserComments: 0\" \/>\n                        <\/div>\n\n                        <div class=\"latest_post_text_inner\">\n                            <h5 itemprop=\"name\" class=\"latest_post_title entry_title\"><a itemprop=\"url\" href=\"https:\/\/avalenn-bretagne.com\/en\/connection-mindfulness-retreat-2022-colette-power\/\">Mindfulness retreat with Colette Power : Connection<\/a><\/h5>\n                            <p class=\"excerpt\"> \"Connection\", mindfulness retreat with Colette Power - Dates : Sunday 24th to F...<\/p>                            <span class=\"post_infos\">\n\n                                                                                                    \n                                \n                                \n                                                            <\/span>\n\n                        <\/div>\n                    <\/div>\n                <\/div>\n            <\/div>\n        <\/li>\n        \n        <li class=\"clearfix\">\n            <div class=\"boxes_image\">\n                                <a itemprop=\"url\" href=\"https:\/\/avalenn-bretagne.com\/en\/la-mouvance-de-la-vie\/\"><img decoding=\"async\" width=\"500\" height=\"303\" src=\"https:\/\/avalenn-bretagne.com\/wp-content\/uploads\/2021\/04\/img-roxanne-web-500x303.jpg\" class=\"attachment-latest_post_boxes size-latest_post_boxes wp-post-image\" alt=\"\" \/><\/a>\n            <\/div>\n            <div class=\"latest_post\"  >\n                <div class=\"latest_post_text\">\n                    <div class=\"latest_post_inner\">\n                        <div itemprop=\"dateCreated\" class=\"latest_post_date entry_date updated\">\n                            <div class=\"latest_post_day\">21<\/div>\n                            <div class=\"latest_post_month\">Aug<\/div>\n                            <meta itemprop=\"interactionCount\" content=\"UserComments: 0\" \/>\n                        <\/div>\n\n                        <div class=\"latest_post_text_inner\">\n                            <h5 itemprop=\"name\" class=\"latest_post_title entry_title\"><a itemprop=\"url\" href=\"https:\/\/avalenn-bretagne.com\/en\/la-mouvance-de-la-vie\/\">LA MOUVANCE DE LA VIE<\/a><\/h5>\n                            <p class=\"excerpt\">Au cours de ces journ\u00e9es de pratique ensemble, nous explorerons l'impermanence d...<\/p>                            <span class=\"post_infos\">\n\n                                                                                                    \n                                \n                                \n                                                            <\/span>\n\n                        <\/div>\n                    <\/div>\n                <\/div>\n            <\/div>\n        <\/li>\n        \n        <li class=\"clearfix\">\n            <div class=\"boxes_image\">\n                                <a itemprop=\"url\" href=\"https:\/\/avalenn-bretagne.com\/en\/la-mouvance-de-la-vie-private\/\"><img decoding=\"async\" width=\"500\" height=\"303\" src=\"https:\/\/avalenn-bretagne.com\/wp-content\/uploads\/2021\/04\/img-roxanne-web-500x303.jpg\" class=\"attachment-latest_post_boxes size-latest_post_boxes wp-post-image\" alt=\"\" \/><\/a>\n            <\/div>\n            <div class=\"latest_post\"  >\n                <div class=\"latest_post_text\">\n                    <div class=\"latest_post_inner\">\n                        <div itemprop=\"dateCreated\" class=\"latest_post_date entry_date updated\">\n                            <div class=\"latest_post_day\">20<\/div>\n                            <div class=\"latest_post_month\">Aug<\/div>\n                            <meta itemprop=\"interactionCount\" content=\"UserComments: 0\" \/>\n                        <\/div>\n\n                        <div class=\"latest_post_text_inner\">\n                            <h5 itemprop=\"name\" class=\"latest_post_title entry_title\"><a itemprop=\"url\" href=\"https:\/\/avalenn-bretagne.com\/en\/la-mouvance-de-la-vie-private\/\">Protected: LA MOUVANCE DE LA VIE<\/a><\/h5>\n                            <p class=\"excerpt\">There is no excerpt because this is a protected post....<\/p>                            <span class=\"post_infos\">\n\n                                                                                                    \n                                \n                                \n                                                            <\/span>\n\n                        <\/div>\n                    <\/div>\n                <\/div>\n            <\/div>\n        <\/li>\n            <\/ul>\n<\/div>[\/vc_column_inner][\/vc_row_inner][\/vc_column][\/vc_row][vc_row css_animation=&#8221;&#8221; row_type=&#8221;row&#8221; use_row_as_full_screen_section=&#8221;no&#8221; type=&#8221;full_width&#8221; angled_section=&#8221;no&#8221; text_align=&#8221;left&#8221; background_image_as_pattern=&#8221;without_pattern&#8221;][vc_column][vc_column_text]<\/p>\n<p>[\/vc_column_text][\/vc_column][\/vc_row]<\/p>\n<\/div>","protected":false},"excerpt":{"rendered":"<p>[vc_row css_animation=&#8221;&#8221; row_type=&#8221;row&#8221; use_row_as_full_screen_section=&#8221;no&#8221; type=&#8221;grid&#8221; angled_section=&#8221;no&#8221; text_align=&#8221;center&#8221; background_image_as_pattern=&#8221;without_pattern&#8221; z_index=&#8221;&#8221; css=&#8221;.vc_custom_1617026718645{padding-top: 102px !important;padding-bottom: 65px !important;background-color: #ffffff !important;}&#8221;][vc_column][vc_column_text] Ker an Avalenn Apple Hamlet [\/vc_column_text][vc_empty_space][vc_text_separator title=&#8221;There\u2019s no other place quite like it. The only place to go&#8221; i_icon_material=&#8221;vc-material vc-material-settings_applications&#8221; border=&#8221;no&#8221; title_color=&#8221;#ffffff&#8221;][vc_empty_space][vc_row_inner row_type=&#8221;row&#8221; type=&#8221;grid&#8221; text_align=&#8221;left&#8221; css_animation=&#8221;&#8221;][vc_column_inner width=&#8221;1\/2&#8243;][vc_column_text]There are places&#8230;<\/p>\n","protected":false},"author":2,"featured_media":0,"parent":0,"menu_order":0,"comment_status":"closed","ping_status":"closed","template":"full_width.php","meta":{"footnotes":""},"class_list":["post-1538","page","type-page","status-publish","hentry"],"yoast_head":"<!-- This site is optimized with the Yoast SEO plugin v26.6 - https:\/\/yoast.com\/wordpress\/plugins\/seo\/ -->\n<title>Ker an Avalenn Apple Hamlet - Ker an Avalenn<\/title>\n<meta name=\"description\" content=\"Ker an AvalennApple Hamlet There are places that invite us to linger,some that move us to paint or to write poetry, there are places to share\" \/>\n<meta name=\"robots\" content=\"index, follow, max-snippet:-1, max-image-preview:large, max-video-preview:-1\" \/>\n<link rel=\"canonical\" href=\"https:\/\/avalenn-bretagne.com\/en\/\" \/>\n<meta property=\"og:locale\" content=\"en_US\" \/>\n<meta property=\"og:type\" content=\"article\" \/>\n<meta property=\"og:title\" content=\"Ker an Avalenn Apple Hamlet - Ker an Avalenn\" \/>\n<meta property=\"og:description\" content=\"Ker an AvalennApple Hamlet There are places that invite us to linger,some that move us to paint or to write poetry, there are places to share\" \/>\n<meta property=\"og:url\" content=\"https:\/\/avalenn-bretagne.com\/en\/\" \/>\n<meta property=\"og:site_name\" content=\"Ker an Avalenn\" \/>\n<meta property=\"article:modified_time\" content=\"2022-07-04T08:37:31+00:00\" \/>\n<meta name=\"twitter:card\" content=\"summary_large_image\" \/>\n<script type=\"application\/ld+json\" class=\"yoast-schema-graph\">{\"@context\":\"https:\/\/schema.org\",\"@graph\":[{\"@type\":\"WebPage\",\"@id\":\"https:\/\/avalenn-bretagne.com\/en\/\",\"url\":\"https:\/\/avalenn-bretagne.com\/en\/\",\"name\":\"Ker an Avalenn Apple Hamlet - Ker an Avalenn\",\"isPartOf\":{\"@id\":\"https:\/\/avalenn-bretagne.com\/en\/#website\"},\"datePublished\":\"2021-10-22T11:08:50+00:00\",\"dateModified\":\"2022-07-04T08:37:31+00:00\",\"description\":\"Ker an AvalennApple Hamlet There are places that invite us to linger,some that move us to paint or to write poetry, there are places to share\",\"breadcrumb\":{\"@id\":\"https:\/\/avalenn-bretagne.com\/en\/#breadcrumb\"},\"inLanguage\":\"en-US\",\"potentialAction\":[{\"@type\":\"ReadAction\",\"target\":[\"https:\/\/avalenn-bretagne.com\/en\/\"]}]},{\"@type\":\"BreadcrumbList\",\"@id\":\"https:\/\/avalenn-bretagne.com\/en\/#breadcrumb\",\"itemListElement\":[{\"@type\":\"ListItem\",\"position\":1,\"name\":\"Accueil\",\"item\":\"https:\/\/avalenn-bretagne.com\/en\/\"},{\"@type\":\"ListItem\",\"position\":2,\"name\":\"Ker an Avalenn Apple Hamlet\"}]},{\"@type\":\"WebSite\",\"@id\":\"https:\/\/avalenn-bretagne.com\/en\/#website\",\"url\":\"https:\/\/avalenn-bretagne.com\/en\/\",\"name\":\"Ker an Avalenn\",\"description\":\"Locations saisonni\u00e8res | Organisation d&#039;\u00e9v\u00e9nements\",\"publisher\":{\"@id\":\"https:\/\/avalenn-bretagne.com\/en\/#organization\"},\"potentialAction\":[{\"@type\":\"SearchAction\",\"target\":{\"@type\":\"EntryPoint\",\"urlTemplate\":\"https:\/\/avalenn-bretagne.com\/en\/?s={search_term_string}\"},\"query-input\":{\"@type\":\"PropertyValueSpecification\",\"valueRequired\":true,\"valueName\":\"search_term_string\"}}],\"inLanguage\":\"en-US\"},{\"@type\":\"Organization\",\"@id\":\"https:\/\/avalenn-bretagne.com\/en\/#organization\",\"name\":\"Ker an Avalenn\",\"url\":\"https:\/\/avalenn-bretagne.com\/en\/\",\"logo\":{\"@type\":\"ImageObject\",\"inLanguage\":\"en-US\",\"@id\":\"https:\/\/avalenn-bretagne.com\/en\/#\/schema\/logo\/image\/\",\"url\":\"https:\/\/avalenn-bretagne.com\/wp-content\/uploads\/2021\/04\/Avalenn-bretagne-logo.png\",\"contentUrl\":\"https:\/\/avalenn-bretagne.com\/wp-content\/uploads\/2021\/04\/Avalenn-bretagne-logo.png\",\"width\":238,\"height\":100,\"caption\":\"Ker an Avalenn\"},\"image\":{\"@id\":\"https:\/\/avalenn-bretagne.com\/en\/#\/schema\/logo\/image\/\"}}]}<\/script>\n<!-- \/ Yoast SEO plugin. -->","yoast_head_json":{"title":"Ker an Avalenn Apple Hamlet - Ker an Avalenn","description":"Ker an AvalennApple Hamlet There are places that invite us to linger,some that move us to paint or to write poetry, there are places to share","robots":{"index":"index","follow":"follow","max-snippet":"max-snippet:-1","max-image-preview":"max-image-preview:large","max-video-preview":"max-video-preview:-1"},"canonical":"https:\/\/avalenn-bretagne.com\/en\/","og_locale":"en_US","og_type":"article","og_title":"Ker an Avalenn Apple Hamlet - Ker an Avalenn","og_description":"Ker an AvalennApple Hamlet There are places that invite us to linger,some that move us to paint or to write poetry, there are places to share","og_url":"https:\/\/avalenn-bretagne.com\/en\/","og_site_name":"Ker an Avalenn","article_modified_time":"2022-07-04T08:37:31+00:00","twitter_card":"summary_large_image","schema":{"@context":"https:\/\/schema.org","@graph":[{"@type":"WebPage","@id":"https:\/\/avalenn-bretagne.com\/en\/","url":"https:\/\/avalenn-bretagne.com\/en\/","name":"Ker an Avalenn Apple Hamlet - Ker an Avalenn","isPartOf":{"@id":"https:\/\/avalenn-bretagne.com\/en\/#website"},"datePublished":"2021-10-22T11:08:50+00:00","dateModified":"2022-07-04T08:37:31+00:00","description":"Ker an AvalennApple Hamlet There are places that invite us to linger,some that move us to paint or to write poetry, there are places to share","breadcrumb":{"@id":"https:\/\/avalenn-bretagne.com\/en\/#breadcrumb"},"inLanguage":"en-US","potentialAction":[{"@type":"ReadAction","target":["https:\/\/avalenn-bretagne.com\/en\/"]}]},{"@type":"BreadcrumbList","@id":"https:\/\/avalenn-bretagne.com\/en\/#breadcrumb","itemListElement":[{"@type":"ListItem","position":1,"name":"Accueil","item":"https:\/\/avalenn-bretagne.com\/en\/"},{"@type":"ListItem","position":2,"name":"Ker an Avalenn Apple Hamlet"}]},{"@type":"WebSite","@id":"https:\/\/avalenn-bretagne.com\/en\/#website","url":"https:\/\/avalenn-bretagne.com\/en\/","name":"Ker an Avalenn","description":"Locations saisonni\u00e8res | Organisation d&#039;\u00e9v\u00e9nements","publisher":{"@id":"https:\/\/avalenn-bretagne.com\/en\/#organization"},"potentialAction":[{"@type":"SearchAction","target":{"@type":"EntryPoint","urlTemplate":"https:\/\/avalenn-bretagne.com\/en\/?s={search_term_string}"},"query-input":{"@type":"PropertyValueSpecification","valueRequired":true,"valueName":"search_term_string"}}],"inLanguage":"en-US"},{"@type":"Organization","@id":"https:\/\/avalenn-bretagne.com\/en\/#organization","name":"Ker an Avalenn","url":"https:\/\/avalenn-bretagne.com\/en\/","logo":{"@type":"ImageObject","inLanguage":"en-US","@id":"https:\/\/avalenn-bretagne.com\/en\/#\/schema\/logo\/image\/","url":"https:\/\/avalenn-bretagne.com\/wp-content\/uploads\/2021\/04\/Avalenn-bretagne-logo.png","contentUrl":"https:\/\/avalenn-bretagne.com\/wp-content\/uploads\/2021\/04\/Avalenn-bretagne-logo.png","width":238,"height":100,"caption":"Ker an Avalenn"},"image":{"@id":"https:\/\/avalenn-bretagne.com\/en\/#\/schema\/logo\/image\/"}}]}},"_links":{"self":[{"href":"https:\/\/avalenn-bretagne.com\/en\/wp-json\/wp\/v2\/pages\/1538","targetHints":{"allow":["GET"]}}],"collection":[{"href":"https:\/\/avalenn-bretagne.com\/en\/wp-json\/wp\/v2\/pages"}],"about":[{"href":"https:\/\/avalenn-bretagne.com\/en\/wp-json\/wp\/v2\/types\/page"}],"author":[{"embeddable":true,"href":"https:\/\/avalenn-bretagne.com\/en\/wp-json\/wp\/v2\/users\/2"}],"replies":[{"embeddable":true,"href":"https:\/\/avalenn-bretagne.com\/en\/wp-json\/wp\/v2\/comments?post=1538"}],"version-history":[{"count":0,"href":"https:\/\/avalenn-bretagne.com\/en\/wp-json\/wp\/v2\/pages\/1538\/revisions"}],"wp:attachment":[{"href":"https:\/\/avalenn-bretagne.com\/en\/wp-json\/wp\/v2\/media?parent=1538"}],"curies":[{"name":"wp","href":"https:\/\/api.w.org\/{rel}","templated":true}]}}